 

{"id":25758,"date":"2024-04-05T16:22:51","date_gmt":"2024-04-05T14:22:51","guid":{"rendered":"https:\/\/www.carrerivegauche.com\/boutique-crg\/pastel-paris-saint-germain-des-pres-par-johannes-ten-cate\/"},"modified":"2024-06-25T15:35:34","modified_gmt":"2024-06-25T13:35:34","slug":"pastel-paris-saint-germain-des-pres-par-johannes-ten-cate","status":"publish","type":"product","link":"https:\/\/www.carrerivegauche.com\/fr\/boutique-crg\/pastel-paris-saint-germain-des-pres-par-johannes-ten-cate\/","title":{"rendered":"Pastel, Paris, Saint-Germain des pr\u00e9s par Johannes Ten Cate"},"content":{"rendered":"<p>Ten Cate<br \/><em> \u00ab\u00a0est un chercheur qui note ses impressions avec une scrupuleuse fid\u00e9lit\u00e9<br \/>et qui cerne avec bonheur la r\u00e9alit\u00e9, d\u00e9gageant les aspects significatifs des grands centres dans le grouillement des foules ou la solitude des coins abandonn\u00e9s.<br \/>Il excelle \u00e0 rendre la sensation locale et les tonalit\u00e9s changeantes suivant l\u2019heure du jour ou de la nuit, aussi bien dans ses vues de ville que dans ses paysages\u00a0\u00bb<\/em><\/p>\n<p>Notre pastel r\u00e9sume parfaitement cette citation.<br \/>Observez bien avec quel sublime cout de crayon le peintre traduit l&#8217;empressement des passants se h\u00e2tent de fuir la neige.<br \/>Notez aussi la d\u00e9licatesse et la po\u00e9sie des petits flocons de neige qui recouvrent les parapluies et les toits de l&rsquo;\u00e9glise.<\/p>\n","protected":false},"excerpt":{"rendered":"<p>Siebe Johannes TEN CATE 1858-1909<\/p>\n<p>Peintre n\u00e9erlandais<\/p>\n<p>pr\u00e8s avoir fait ses \u00e9tudes \u00e0 l\u2019Acad\u00e9mie d\u2019Anvers, Ten Cate a fait carri\u00e8re \u00e0 Paris.<\/p>\n<p>Il s&rsquo;y installe \u00e0 l&rsquo;\u00e2ge de 22 ans, o\u00f9 il rencontre Van Gogh dans les ann\u00e9es 1880, avec lequel il se lie d&rsquo;amiti\u00e9. Il va aussi partager un atelier \u00e0 Montmartre avec Van Dongen.<\/p>\n<p>Il figura au nombre des artistes de Durand-Ruel, le marchand des peintres impressionnistes.<\/p>\n<p>Il\u00a0 expose \u00e0 plusieurs reprises \u00e0 Munich, \u00e0 Paris avec les Artistes fran\u00e7ais, \u00e0 la Nationale et \u00e0 l\u2019Exposition universelle de 1900, \u00e0 Venise et \u00e0 Vienne<\/p>\n<p>La presse fran\u00e7aise \u00e9crit sans exception<span class=\"Apple-converted-space\">\u00a0\u00a0<\/span>en termes \u00e9logieux de ten Cate. On l\u2019appelle par exemple \u2018le nouveau Jongkind\u2019. Apr\u00e8s sa mort un journal anglais titre \u2018 Sad End of a Genius\u2019.<\/p>\n<p>Les plus grands mus\u00e9es franais et du monde poss\u00e8dent des toiels et des pastels de celui que l&rsquo;on appelle aussi le prince des brumes parisinnes.<\/p>\n","protected":false},"featured_media":25740,"template":"","meta":[],"product_brand":[],"product_cat":[],"product_tag":[],"class_list":{"0":"post-25758","1":"product","2":"type-product","3":"status-publish","4":"has-post-thumbnail","6":"description-off","8":"first","9":"instock","10":"shipping-taxable","11":"purchasable","12":"product-type-simple"},"aioseo_notices":[],"_links":{"self":[{"href":"https:\/\/www.carrerivegauche.com\/fr\/wp-json\/wp\/v2\/product\/25758","targetHints":{"allow":["GET"]}}],"collection":[{"href":"https:\/\/www.carrerivegauche.com\/fr\/wp-json\/wp\/v2\/product"}],"about":[{"href":"https:\/\/www.carrerivegauche.com\/fr\/wp-json\/wp\/v2\/types\/product"}],"wp:featuredmedia":[{"embeddable":true,"href":"https:\/\/www.carrerivegauche.com\/fr\/wp-json\/wp\/v2\/media\/25740"}],"wp:attachment":[{"href":"https:\/\/www.carrerivegauche.com\/fr\/wp-json\/wp\/v2\/media?parent=25758"}],"wp:term":[{"taxonomy":"product_brand","embeddable":true,"href":"https:\/\/www.carrerivegauche.com\/fr\/wp-json\/wp\/v2\/product_brand?post=25758"},{"taxonomy":"product_cat","embeddable":true,"href":"https:\/\/www.carrerivegauche.com\/fr\/wp-json\/wp\/v2\/product_cat?post=25758"},{"taxonomy":"product_tag","embeddable":true,"href":"https:\/\/www.carrerivegauche.com\/fr\/wp-json\/wp\/v2\/product_tag?post=25758"}],"curies":[{"name":"wp","href":"https:\/\/api.w.org\/{rel}","templated":true}]}}