 

{"id":25681,"date":"2024-03-28T12:08:09","date_gmt":"2024-03-28T11:08:09","guid":{"rendered":"https:\/\/www.carrerivegauche.com\/boutique-crg\/huile-sur-toile-saitne-famille-et-saint-jean-baptiste-suiveur-de-sebastien-bourdon\/"},"modified":"2024-03-28T12:08:09","modified_gmt":"2024-03-28T11:08:09","slug":"huile-sur-toile-saitne-famille-et-saint-jean-baptiste-suiveur-de-sebastien-bourdon","status":"publish","type":"product","link":"https:\/\/www.carrerivegauche.com\/fr\/boutique-crg\/huile-sur-toile-saitne-famille-et-saint-jean-baptiste-suiveur-de-sebastien-bourdon\/","title":{"rendered":"Huile Sur Toile, Saitne Famille et Saint Jean-Baptiste suiveur de s\u00e9bastien Bourdon"},"content":{"rendered":"<p style=\"margin: 0px;padding: 0px 0px 1em;border: 0px;font-size: 14px;vertical-align: baseline;background-image: initial;background-position: initial;background-size: initial;background-attachment: initial;font-family: Poppins, Helvetica, Arial, Lucida, sans-serif\">Il partit \u00e0 Rome, Venise puis le tour des grandes villes d\u2019Italie. Puis sans protecteur et calviniste, il revint \u00e0 Paris vers 1637 et connu enfin un grand succ\u00e8s.<br \/>En 1643 la corporation des orf\u00e8vres lui commanda un tableau votif destin\u00e9 \u00e0 \u00eatre offert a chapitre de Notre-Dame.<\/p>\n<p style=\"margin: 0px;padding: 0px 0px 1em;border: 0px;font-size: 14px;vertical-align: baseline;background-image: initial;background-position: initial;background-size: initial;background-attachment: initial;font-family: Poppins, Helvetica, Arial, Lucida, sans-serif\">On trouve de lui au Loure, notamment Le Martyre de Saint-Pierre. Lors de la cr\u00e9ation de l\u2019Acad\u00e9mie Royale de peinture et de sculpture, il fut un des douze anciens, qui constitu\u00e8rent la compagnie. .<\/p>\n<p style=\"margin: 0px;padding: 0px 0px 1em;border: 0px;font-size: 14px;vertical-align: baseline;background-image: initial;background-position: initial;background-size: initial;background-attachment: initial;font-family: Poppins, Helvetica, Arial, Lucida, sans-serif\">IL fut nommer en 1652 il fut nomm\u00e9 premier peintre par Christine de Su\u00e8de<\/p>\n<p style=\"margin: 0px;padding: 0px 0px 1em;border: 0px;font-size: 14px;vertical-align: baseline;background-image: initial;background-position: initial;background-size: initial;background-attachment: initial;font-family: Poppins, Helvetica, Arial, Lucida, sans-serif\">Notre Sainte famille n&rsquo;est aps de sa main, mais par un suiveur.<\/p>\n<p style=\"margin: 0px;padding: 0px 0px 1em;border: 0px;font-size: 14px;vertical-align: baseline;background-image: initial;background-position: initial;background-size: initial;background-attachment: initial;font-family: Poppins, Helvetica, Arial, Lucida, sans-serif\">Observez la fra\u00eecheur des couleurs, la d\u00e9licatesse et la gr\u00e2ce des mouvements de la vierge d\u00e9voilant son fils endormi au spectateur,\u00a0 la d\u00e9votion de son visage.<br \/>La composition pr\u00e9sente aussi Saint-Joseph en arri\u00e8re-plan, regardant une jeune fille s\u00fbrement venue admir\u00e9 l(enfant qui vient de na\u00eetre.<br \/>En premier plan, Saint-Jean Baptiste accompagn\u00e9 de son agneau repr\u00e9sentant le futur martyr du christ. Il tend une croix vers la m\u00e8re qui n&rsquo;a d&rsquo;yeux que le nouveau-n\u00e9.<\/p>\n","protected":false},"excerpt":{"rendered":"<p style=\"margin: 0px;padding: 0px 0px 1em;border: 0px;font-size: 14px;vertical-align: baseline;background-image: initial;background-position: initial;background-size: initial;background-attachment: initial;font-family: Poppins, Helvetica, Arial, Lucida, sans-serif\">BOURDON S\u00e9bastien 161-1671<\/p>\n<p style=\"margin: 0px;padding: 0px 0px 1em;border: 0px;font-size: 14px;vertical-align: baseline;background-image: initial;background-position: initial;background-size: initial;background-attachment: initial;font-family: Poppins, Helvetica, Arial, Lucida, sans-serif\">N\u00e9 le 2 f\u00e9vrier 1616 \u00e0 Montpellier (H\u00e9rault) Mort le 8 Mai 1671 \u00e0<br \/>.<br \/>Peintre d\u2019histoire, sc\u00e8nes mythologiques, compositions religieuses, sujets all\u00e9goriques, batailles, sc\u00e8ne de genre, portraits, paysages\u2026<\/p>\n<p style=\"margin: 0px;padding: 0px 0px 1em;border: 0px;font-size: 14px;vertical-align: baseline;background-image: initial;background-position: initial;background-size: initial;background-attachment: initial;font-family: Poppins, Helvetica, Arial, Lucida, sans-serif\">Tient une tr\u00e8s grande place dans l\u2019art de son \u00e9poque au c\u00f4t\u00e9 des fr\u00e8res Le Nain. Fils d\u2019un ma\u00eetre peintre verrier.<\/p>\n","protected":false},"featured_media":25675,"template":"","meta":[],"product_brand":[],"product_cat":[],"product_tag":[],"class_list":{"0":"post-25681","1":"product","2":"type-product","3":"status-publish","4":"has-post-thumbnail","6":"description-off","8":"first","9":"instock","10":"shipping-taxable","11":"purchasable","12":"product-type-simple"},"aioseo_notices":[],"_links":{"self":[{"href":"https:\/\/www.carrerivegauche.com\/fr\/wp-json\/wp\/v2\/product\/25681","targetHints":{"allow":["GET"]}}],"collection":[{"href":"https:\/\/www.carrerivegauche.com\/fr\/wp-json\/wp\/v2\/product"}],"about":[{"href":"https:\/\/www.carrerivegauche.com\/fr\/wp-json\/wp\/v2\/types\/product"}],"wp:featuredmedia":[{"embeddable":true,"href":"https:\/\/www.carrerivegauche.com\/fr\/wp-json\/wp\/v2\/media\/25675"}],"wp:attachment":[{"href":"https:\/\/www.carrerivegauche.com\/fr\/wp-json\/wp\/v2\/media?parent=25681"}],"wp:term":[{"taxonomy":"product_brand","embeddable":true,"href":"https:\/\/www.carrerivegauche.com\/fr\/wp-json\/wp\/v2\/product_brand?post=25681"},{"taxonomy":"product_cat","embeddable":true,"href":"https:\/\/www.carrerivegauche.com\/fr\/wp-json\/wp\/v2\/product_cat?post=25681"},{"taxonomy":"product_tag","embeddable":true,"href":"https:\/\/www.carrerivegauche.com\/fr\/wp-json\/wp\/v2\/product_tag?post=25681"}],"curies":[{"name":"wp","href":"https:\/\/api.w.org\/{rel}","templated":true}]}}