 

{"id":25331,"date":"2024-03-02T16:56:05","date_gmt":"2024-03-02T15:56:05","guid":{"rendered":"https:\/\/www.carrerivegauche.com\/boutique-crg\/ecran-de-cheminee-estampille-reuse\/"},"modified":"2024-03-02T16:56:06","modified_gmt":"2024-03-02T15:56:06","slug":"ecran-de-cheminee-estampille-reuse","status":"publish","type":"product","link":"https:\/\/www.carrerivegauche.com\/fr\/boutique-crg\/ecran-de-cheminee-estampille-reuse\/","title":{"rendered":"Ecran de chemin\u00e9e estampill\u00e9 Reuse"},"content":{"rendered":"<p lang=\"fr-FR\" align=\"CENTER\" style=\"margin-bottom: 0cm;font-size: medium\"><font style=\"font-size: 15pt\"><u><b>Fireplace screen stamped Reuse<\/b><\/u><\/font><\/p>\n<p lang=\"fr-FR\" align=\"CENTER\"><br data-mce-bogus=\"1\"><\/p>\n<p lang=\"fr-FR\" align=\"CENTER\"><strong>Dimensions : h 98 cm x L 67 cm<\/strong><\/p>\n<p>LOUIS XV period work stamped by Reuze<\/p>\n<p>Fireplace screen entirely carved in molded, carved, gilded and lacquered wood.<br \/>Decorated with floral motifs, rockeries and shells.<br \/>Curved quadripod rolling base.<br \/>This beautiful fireplace screen decorated with Lyon pink silk, is in its original lacquer and gilding and bears the REUSE stamp.<\/p>\n<p>Fran\u00e7ois Reuze received master in 1743.<\/p>\n<p>Restoration of use and maintenance.<\/p>\n<div data-cke-filler-webkit=\"end\" data-cke-temp=\"1\" style=\"width: 0px;height: 0px;padding: 0px;border: 0px;margin: 0px;position: absolute;top: 0px;left: -9999px;overflow: hidden\">\u00a0<\/div>\n","protected":false},"excerpt":{"rendered":"<p>Dimensions : h 98 cm x L 67 cm<\/p>\n<p><\/p>\n<p><\/p>\n<p>Travail d&rsquo;\u00e9poque LOUIS XV estampill\u00e9 de Reuze<\/p>\n<p><\/p>\n<p>Ecran de chemine\u0301e enti\u00e8rement chantourn\u00e9 en bois moulure\u0301, sculpt\u00e9, dor\u00e9 et laqu\u00e9.\u00a0<\/p>\n<p>\u00c0 d\u00e9cors de motifs floraux, rocailles et coquilles.\u00a0<\/p>\n<p>Pie\u0301tement quadripode galbe\u0301 \u00e0 enroulement.\u00a0<\/p>\n<p>Ce bel \u00e9cran de chemin\u00e9 d\u00e9cor\u00e9 d&rsquo;une soierie rose lyonnaise, est dans sa laque et dorure d&rsquo;origine et porte l&rsquo;estampille REUSE.\u00a0<\/p>\n<p><\/p>\n<p>Fran\u00e7ois Reuze re\u00e7u maitre en 1743.\u00a0<\/p>\n<p><\/p>\n<p>Restauration d&rsquo;usage et d&rsquo;entretien.\u00a0<\/p>\n<p><\/p>\n","protected":false},"featured_media":25286,"template":"","meta":[],"product_brand":[],"product_cat":[],"product_tag":[],"class_list":{"0":"post-25331","1":"product","2":"type-product","3":"status-publish","4":"has-post-thumbnail","6":"description-off","8":"first","9":"instock","10":"shipping-taxable","11":"product-type-simple"},"aioseo_notices":[],"_links":{"self":[{"href":"https:\/\/www.carrerivegauche.com\/fr\/wp-json\/wp\/v2\/product\/25331","targetHints":{"allow":["GET"]}}],"collection":[{"href":"https:\/\/www.carrerivegauche.com\/fr\/wp-json\/wp\/v2\/product"}],"about":[{"href":"https:\/\/www.carrerivegauche.com\/fr\/wp-json\/wp\/v2\/types\/product"}],"wp:featuredmedia":[{"embeddable":true,"href":"https:\/\/www.carrerivegauche.com\/fr\/wp-json\/wp\/v2\/media\/25286"}],"wp:attachment":[{"href":"https:\/\/www.carrerivegauche.com\/fr\/wp-json\/wp\/v2\/media?parent=25331"}],"wp:term":[{"taxonomy":"product_brand","embeddable":true,"href":"https:\/\/www.carrerivegauche.com\/fr\/wp-json\/wp\/v2\/product_brand?post=25331"},{"taxonomy":"product_cat","embeddable":true,"href":"https:\/\/www.carrerivegauche.com\/fr\/wp-json\/wp\/v2\/product_cat?post=25331"},{"taxonomy":"product_tag","embeddable":true,"href":"https:\/\/www.carrerivegauche.com\/fr\/wp-json\/wp\/v2\/product_tag?post=25331"}],"curies":[{"name":"wp","href":"https:\/\/api.w.org\/{rel}","templated":true}]}}