 

{"id":24907,"date":"2024-01-31T18:25:45","date_gmt":"2024-01-31T17:25:45","guid":{"rendered":"https:\/\/www.carrerivegauche.com\/boutique-crg\/huile-sur-bois-regiment-de-militaires-par-henri-dupray\/"},"modified":"2024-06-25T16:00:36","modified_gmt":"2024-06-25T14:00:36","slug":"huile-sur-bois-regiment-de-militaires-par-henri-dupray","status":"publish","type":"product","link":"https:\/\/www.carrerivegauche.com\/fr\/boutique-crg\/huile-sur-bois-regiment-de-militaires-par-henri-dupray\/","title":{"rendered":"Huile sur bois, R\u00e9giment de militaires par Henri DUPRAY"},"content":{"rendered":"<p style=\"margin: 0px;padding: 0px 0px 1em;border: 0px;font-size: 14px;vertical-align: baseline;background-image: initial;background-position: initial;background-size: initial;background-attachment: initial;font-family: Poppins, Helvetica, Arial, Lucida, sans-serif\" data-mce-style=\"margin: 0px; padding: 0px 0px 1em; border: 0px; font-size: 14px; vertical-align: baseline; background-image: initial; background-position: initial; background-size: initial; background-attachment: initial; font-family: Poppins, Helvetica, Arial, Lucida, sans-serif;\">Ses dons se r\u00e9v\u00e8lent aussi en gravure, et il devient membre de la soci\u00e9t\u00e9 des aquafortistes en 1865.<\/p>\n<p style=\"margin: 0px;padding: 0px 0px 1em;border: 0px;font-size: 14px;vertical-align: baseline;background-image: initial;background-position: initial;background-size: initial;background-attachment: initial;font-family: Poppins, Helvetica, Arial, Lucida, sans-serif\" data-mce-style=\"margin: 0px; padding: 0px 0px 1em; border: 0px; font-size: 14px; vertical-align: baseline; background-image: initial; background-position: initial; background-size: initial; background-attachment: initial; font-family: Poppins, Helvetica, Arial, Lucida, sans-serif;\">D\u00e8s le d\u00e9but, ses choix portent vers la peinture d\u2019histoire.<br \/>La r\u00e9volution fran\u00e7aise et les guerres napol\u00e9oniennes sont deux p\u00e9riodes qu\u2019il appr\u00e9cie puis plus tard, la guerre de 1870.<\/p>\n<p style=\"margin: 0px;padding: 0px 0px 1em;border: 0px;font-size: 14px;vertical-align: baseline;background-image: initial;background-position: initial;background-size: initial;background-attachment: initial;font-family: Poppins, Helvetica, Arial, Lucida, sans-serif\" data-mce-style=\"margin: 0px; padding: 0px 0px 1em; border: 0px; font-size: 14px; vertical-align: baseline; background-image: initial; background-position: initial; background-size: initial; background-attachment: initial; font-family: Poppins, Helvetica, Arial, Lucida, sans-serif;\">Dans un style acad\u00e9mique et classique, l&rsquo;artiste sait cependant apporter beaucoup de vie \u00e0 ses toiles et offre au spectateur que nous sommes un pr\u00e9cieux t\u00e9moignage sur cette p\u00e9riode.<\/p>\n<p style=\"margin: 0px;padding: 0px;border: 0px;font-size: 14px;vertical-align: baseline;background-image: initial;background-position: initial;background-size: initial;background-attachment: initial;font-family: Poppins, Helvetica, Arial, Lucida, sans-serif\" data-mce-style=\"margin: 0px; padding: 0px; border: 0px; font-size: 14px; vertical-align: baseline; background-image: initial; background-position: initial; background-size: initial; background-attachment: initial; font-family: Poppins, Helvetica, Arial, Lucida, sans-serif;\">Les critiques de l\u2019\u00e9poque \u00e9crivent \u00ab ce qui est remarquable dans les sc\u00e8nes de Dupray, c\u2019est l&rsquo;impression de v\u00e9rit\u00e9 qui s\u2019en d\u00e9gage. L\u2019impression et les d\u00e9tails qu\u2019elles en donnent sont saisissants. \u00bb<br \/>Notre \u0153uvre repr\u00e9sente un r\u00e9giment de dragons<\/p>\n","protected":false},"excerpt":{"rendered":"<p style=\"margin: 0px;padding: 0px 0px 1em;border: 0px;font-size: 14px;vertical-align: baseline;background-image: initial;background-position: initial;background-size: initial;background-attachment: initial;font-family: Poppins, Helvetica, Arial, Lucida, sans-serif\" data-mce-style=\"margin: 0px; padding: 0px 0px 1em; border: 0px; font-size: 14px; vertical-align: baseline; background-image: initial; background-position: initial; background-size: initial; background-attachment: initial; font-family: Poppins, Helvetica, Arial, Lucida, sans-serif;\">Henri DUPRAY 1841-1909<\/p>\n<p style=\"margin: 0px;padding: 0px 0px 1em;border: 0px;font-size: 14px;vertical-align: baseline;background-image: initial;background-position: initial;background-size: initial;background-attachment: initial;font-family: Poppins, Helvetica, Arial, Lucida, sans-serif\" data-mce-style=\"margin: 0px; padding: 0px 0px 1em; border: 0px; font-size: 14px; vertical-align: baseline; background-image: initial; background-position: initial; background-size: initial; background-attachment: initial; font-family: Poppins, Helvetica, Arial, Lucida, sans-serif;\">Peintre fran\u00e7ais sp\u00e9cialis\u00e9 dans les sc\u00e8nes militaires<\/p>\n<p style=\"margin: 0px;padding: 0px 0px 1em;border: 0px;font-size: 14px;vertical-align: baseline;background-image: initial;background-position: initial;background-size: initial;background-attachment: initial;font-family: Poppins, Helvetica, Arial, Lucida, sans-serif\" data-mce-style=\"margin: 0px; padding: 0px 0px 1em; border: 0px; font-size: 14px; vertical-align: baseline; background-image: initial; background-position: initial; background-size: initial; background-attachment: initial; font-family: Poppins, Helvetica, Arial, Lucida, sans-serif;\">Il \u00e9tudie aux Beaux-Arts \u00e0 Paris sous l\u2019\u00e9gide de L\u00e9on Coignet et d\u2019Isidore Pils.<br \/>\u00c0 partir de 1863, il expose au Salon.<\/p>\n<p style=\"margin: 0px;padding: 0px;border: 0px;font-size: 14px;vertical-align: baseline;background-image: initial;background-position: initial;background-size: initial;background-attachment: initial;font-family: Poppins, Helvetica, Arial, Lucida, sans-serif\" data-mce-style=\"margin: 0px; padding: 0px; border: 0px; font-size: 14px; vertical-align: baseline; background-image: initial; background-position: initial; background-size: initial; background-attachment: initial; font-family: Poppins, Helvetica, Arial, Lucida, sans-serif;\">Ses dons se r\u00e9v\u00e8lent aussi en gravure, et il devient membre de la soci\u00e9t\u00e9 des aquafortistes en 1865.<\/p>\n","protected":false},"featured_media":24895,"template":"","meta":[],"product_brand":[],"product_cat":[],"product_tag":[],"class_list":{"0":"post-24907","1":"product","2":"type-product","3":"status-publish","4":"has-post-thumbnail","6":"description-off","8":"first","9":"instock","10":"shipping-taxable","11":"purchasable","12":"product-type-simple"},"aioseo_notices":[],"_links":{"self":[{"href":"https:\/\/www.carrerivegauche.com\/fr\/wp-json\/wp\/v2\/product\/24907","targetHints":{"allow":["GET"]}}],"collection":[{"href":"https:\/\/www.carrerivegauche.com\/fr\/wp-json\/wp\/v2\/product"}],"about":[{"href":"https:\/\/www.carrerivegauche.com\/fr\/wp-json\/wp\/v2\/types\/product"}],"wp:featuredmedia":[{"embeddable":true,"href":"https:\/\/www.carrerivegauche.com\/fr\/wp-json\/wp\/v2\/media\/24895"}],"wp:attachment":[{"href":"https:\/\/www.carrerivegauche.com\/fr\/wp-json\/wp\/v2\/media?parent=24907"}],"wp:term":[{"taxonomy":"product_brand","embeddable":true,"href":"https:\/\/www.carrerivegauche.com\/fr\/wp-json\/wp\/v2\/product_brand?post=24907"},{"taxonomy":"product_cat","embeddable":true,"href":"https:\/\/www.carrerivegauche.com\/fr\/wp-json\/wp\/v2\/product_cat?post=24907"},{"taxonomy":"product_tag","embeddable":true,"href":"https:\/\/www.carrerivegauche.com\/fr\/wp-json\/wp\/v2\/product_tag?post=24907"}],"curies":[{"name":"wp","href":"https:\/\/api.w.org\/{rel}","templated":true}]}}