 

{"id":24830,"date":"2024-01-17T18:50:28","date_gmt":"2024-01-17T17:50:28","guid":{"rendered":"https:\/\/www.carrerivegauche.com\/boutique-crg\/un-bas-relief-en-terre-cuite-les-ouvriers-par-gaston-cadenat\/"},"modified":"2024-06-25T16:05:44","modified_gmt":"2024-06-25T14:05:44","slug":"un-bas-relief-en-terre-cuite-les-ouvriers-par-gaston-cadenat","status":"publish","type":"product","link":"https:\/\/www.carrerivegauche.com\/fr\/boutique-crg\/un-bas-relief-en-terre-cuite-les-ouvriers-par-gaston-cadenat\/","title":{"rendered":"Un bas relief en terre-cuite, Les ouvriers par Gaston CADENAT"},"content":{"rendered":"<p><\/p>\n","protected":false},"excerpt":{"rendered":"<p style=\"margin: 0px;padding: 0px 0px 1em;border: 0px;font-size: 14px;vertical-align: baseline;background-image: initial;background-position: initial;background-size: initial;background-attachment: initial;font-family: Poppins, Helvetica, Arial, Lucida, sans-serif\" data-mce-style=\"margin: 0px; padding: 0px 0px 1em; border: 0px; font-size: 14px; vertical-align: baseline; background-image: initial; background-position: initial; background-size: initial; background-attachment: initial; font-family: Poppins, Helvetica, Arial, Lucida, sans-serif;\">Gaston CADENAT 1905-1966<\/p>\n<p style=\"margin: 0px;padding: 0px 0px 1em;border: 0px;font-size: 14px;vertical-align: baseline;background-image: initial;background-position: initial;background-size: initial;background-attachment: initial;font-family: Poppins, Helvetica, Arial, Lucida, sans-serif\" data-mce-style=\"margin: 0px; padding: 0px 0px 1em; border: 0px; font-size: 14px; vertical-align: baseline; background-image: initial; background-position: initial; background-size: initial; background-attachment: initial; font-family: Poppins, Helvetica, Arial, Lucida, sans-serif;\">Sculpteur d\u2019origine marseillaise, il d\u00e9cide de faire ses \u00e9tudes aux Beaux-Arts de Paris.<\/p>\n<p style=\"margin: 0px;padding: 0px 0px 1em;border: 0px;font-size: 14px;vertical-align: baseline;background-image: initial;background-position: initial;background-size: initial;background-attachment: initial;font-family: Poppins, Helvetica, Arial, Lucida, sans-serif\" data-mce-style=\"margin: 0px; padding: 0px 0px 1em; border: 0px; font-size: 14px; vertical-align: baseline; background-image: initial; background-position: initial; background-size: initial; background-attachment: initial; font-family: Poppins, Helvetica, Arial, Lucida, sans-serif;\">Il \u00e9tudie dans les ateliers d\u2019Auguste CARDI, Jules COUTAN et Paul LANDOWSKI (sclupteur du christ de de Rio )<\/p>\n<p style=\"margin: 0px;padding: 0px 0px 1em;border: 0px;font-size: 14px;vertical-align: baseline;background-image: initial;background-position: initial;background-size: initial;background-attachment: initial;font-family: Poppins, Helvetica, Arial, Lucida, sans-serif\" data-mce-style=\"margin: 0px; padding: 0px 0px 1em; border: 0px; font-size: 14px; vertical-align: baseline; background-image: initial; background-position: initial; background-size: initial; background-attachment: initial; font-family: Poppins, Helvetica, Arial, Lucida, sans-serif;\">En 1930, son talent est reconnu par ses pairs puis-ce qu\u2019il obtient la deuxi\u00e8me seconde place au tr\u00e8s prestigieux Grand Prix de Rome, puis en 1935 la premi\u00e8re seconde place.<\/p>\n<p style=\"margin: 0px;padding: 0px 0px 1em;border: 0px;font-size: 14px;vertical-align: baseline;background-image: initial;background-position: initial;background-size: initial;background-attachment: initial;font-family: Poppins, Helvetica, Arial, Lucida, sans-serif\" data-mce-style=\"margin: 0px; padding: 0px 0px 1em; border: 0px; font-size: 14px; vertical-align: baseline; background-image: initial; background-position: initial; background-size: initial; background-attachment: initial; font-family: Poppins, Helvetica, Arial, Lucida, sans-serif;\">En France, il re\u00e7oit des m\u00e9dailles lors de ses expositions au Salon.<\/p>\n<p style=\"margin: 0px;padding: 0px 0px 1em;border: 0px;font-size: 14px;vertical-align: baseline;background-image: initial;background-position: initial;background-size: initial;background-attachment: initial;font-family: Poppins, Helvetica, Arial, Lucida, sans-serif\" data-mce-style=\"margin: 0px; padding: 0px 0px 1em; border: 0px; font-size: 14px; vertical-align: baseline; background-image: initial; background-position: initial; background-size: initial; background-attachment: initial; font-family: Poppins, Helvetica, Arial, Lucida, sans-serif;\">Il re\u00e7oit de nombreuses commandes de l\u2019\u00c9tat et de collectivit\u00e9s publiques.<\/p>\n<p style=\"margin: 0px;padding: 0px 0px 1em;border: 0px;font-size: 14px;vertical-align: baseline;background-image: initial;background-position: initial;background-size: initial;background-attachment: initial;font-family: Poppins, Helvetica, Arial, Lucida, sans-serif\" data-mce-style=\"margin: 0px; padding: 0px 0px 1em; border: 0px; font-size: 14px; vertical-align: baseline; background-image: initial; background-position: initial; background-size: initial; background-attachment: initial; font-family: Poppins, Helvetica, Arial, Lucida, sans-serif;\">Ces \u0153uvres se situent dans le mouvement art d\u00e9co. \u201cSes travaux sont \u00e9tudi\u00e9s, \u00e9quilibr\u00e9s avec de l\u2019\u00e9l\u00e9gance dans les lignes\u201d<\/p>\n<p style=\"margin: 0px;padding: 0px;border: 0px;font-size: 14px;vertical-align: baseline;background-image: initial;background-position: initial;background-size: initial;background-attachment: initial;font-family: Poppins, Helvetica, Arial, Lucida, sans-serif\" data-mce-style=\"margin: 0px; padding: 0px; border: 0px; font-size: 14px; vertical-align: baseline; background-image: initial; background-position: initial; background-size: initial; background-attachment: initial; font-family: Poppins, Helvetica, Arial, Lucida, sans-serif;\">Notre \u0153uvre est une \u00e9tude pour une grande frise monumentale surement pour un b\u00e2timent officiel.<\/p>\n","protected":false},"featured_media":24815,"template":"","meta":[],"product_brand":[],"product_cat":[],"product_tag":[],"class_list":{"0":"post-24830","1":"product","2":"type-product","3":"status-publish","4":"has-post-thumbnail","6":"description-off","8":"first","9":"instock","10":"shipping-taxable","11":"purchasable","12":"product-type-simple"},"aioseo_notices":[],"_links":{"self":[{"href":"https:\/\/www.carrerivegauche.com\/fr\/wp-json\/wp\/v2\/product\/24830","targetHints":{"allow":["GET"]}}],"collection":[{"href":"https:\/\/www.carrerivegauche.com\/fr\/wp-json\/wp\/v2\/product"}],"about":[{"href":"https:\/\/www.carrerivegauche.com\/fr\/wp-json\/wp\/v2\/types\/product"}],"wp:featuredmedia":[{"embeddable":true,"href":"https:\/\/www.carrerivegauche.com\/fr\/wp-json\/wp\/v2\/media\/24815"}],"wp:attachment":[{"href":"https:\/\/www.carrerivegauche.com\/fr\/wp-json\/wp\/v2\/media?parent=24830"}],"wp:term":[{"taxonomy":"product_brand","embeddable":true,"href":"https:\/\/www.carrerivegauche.com\/fr\/wp-json\/wp\/v2\/product_brand?post=24830"},{"taxonomy":"product_cat","embeddable":true,"href":"https:\/\/www.carrerivegauche.com\/fr\/wp-json\/wp\/v2\/product_cat?post=24830"},{"taxonomy":"product_tag","embeddable":true,"href":"https:\/\/www.carrerivegauche.com\/fr\/wp-json\/wp\/v2\/product_tag?post=24830"}],"curies":[{"name":"wp","href":"https:\/\/api.w.org\/{rel}","templated":true}]}}