 

{"id":24798,"date":"2024-01-17T17:59:43","date_gmt":"2024-01-17T16:59:43","guid":{"rendered":"https:\/\/www.carrerivegauche.com\/boutique-crg\/huile-sur-toile-scene-de-chasse-tigre-attaquant-un-buffle-19eme\/"},"modified":"2024-06-25T16:06:38","modified_gmt":"2024-06-25T14:06:38","slug":"huile-sur-toile-scene-de-chasse-tigre-attaquant-un-buffle-19eme","status":"publish","type":"product","link":"https:\/\/www.carrerivegauche.com\/fr\/boutique-crg\/huile-sur-toile-scene-de-chasse-tigre-attaquant-un-buffle-19eme\/","title":{"rendered":"Huile sur toile, Sc\u00e8ne de chasse, tigre attaquant un buffle, 19\u00e8me"},"content":{"rendered":"<p><\/p>\n","protected":false},"excerpt":{"rendered":"<p><span style=\"font-family: Poppins, Helvetica, Arial, Lucida, sans-serif;font-size: 14px\" data-mce-style=\"font-family: Poppins, Helvetica, Arial, Lucida, sans-serif; font-size: 14px;\">Tr\u00e8s belle huile sur toile, dans la tradition des grandes sc\u00e8nes de chasse \u00e0 la Delacroix.<\/span><br style=\"font-family: Poppins, Helvetica, Arial, Lucida, sans-serif;font-size: 14px\" data-mce-style=\"font-family: Poppins, Helvetica, Arial, Lucida, sans-serif; font-size: 14px;\"><span style=\"font-family: Poppins, Helvetica, Arial, Lucida, sans-serif;font-size: 14px\" data-mce-style=\"font-family: Poppins, Helvetica, Arial, Lucida, sans-serif; font-size: 14px;\">Cadre d\u2019origine finement sculpt\u00e9 mettant parfaitement en valeur la peinture\u00a0 et tr\u00e8s d\u00e9coratif.<\/span><\/p>\n","protected":false},"featured_media":24795,"template":"","meta":[],"product_brand":[],"product_cat":[],"product_tag":[],"class_list":{"0":"post-24798","1":"product","2":"type-product","3":"status-publish","4":"has-post-thumbnail","6":"description-off","8":"first","9":"instock","10":"shipping-taxable","11":"purchasable","12":"product-type-simple"},"aioseo_notices":[],"_links":{"self":[{"href":"https:\/\/www.carrerivegauche.com\/fr\/wp-json\/wp\/v2\/product\/24798","targetHints":{"allow":["GET"]}}],"collection":[{"href":"https:\/\/www.carrerivegauche.com\/fr\/wp-json\/wp\/v2\/product"}],"about":[{"href":"https:\/\/www.carrerivegauche.com\/fr\/wp-json\/wp\/v2\/types\/product"}],"wp:featuredmedia":[{"embeddable":true,"href":"https:\/\/www.carrerivegauche.com\/fr\/wp-json\/wp\/v2\/media\/24795"}],"wp:attachment":[{"href":"https:\/\/www.carrerivegauche.com\/fr\/wp-json\/wp\/v2\/media?parent=24798"}],"wp:term":[{"taxonomy":"product_brand","embeddable":true,"href":"https:\/\/www.carrerivegauche.com\/fr\/wp-json\/wp\/v2\/product_brand?post=24798"},{"taxonomy":"product_cat","embeddable":true,"href":"https:\/\/www.carrerivegauche.com\/fr\/wp-json\/wp\/v2\/product_cat?post=24798"},{"taxonomy":"product_tag","embeddable":true,"href":"https:\/\/www.carrerivegauche.com\/fr\/wp-json\/wp\/v2\/product_tag?post=24798"}],"curies":[{"name":"wp","href":"https:\/\/api.w.org\/{rel}","templated":true}]}}