 

{"id":24742,"date":"2023-12-21T15:42:49","date_gmt":"2023-12-21T14:42:49","guid":{"rendered":"https:\/\/www.carrerivegauche.com\/boutique-crg\/pendule-italienne-au-chevalet\/"},"modified":"2025-06-18T17:28:07","modified_gmt":"2025-06-18T15:28:07","slug":"pendule-italienne-au-chevalet","status":"publish","type":"product","link":"https:\/\/www.carrerivegauche.com\/fr\/boutique-crg\/pendule-italienne-au-chevalet\/","title":{"rendered":"Pendule Italienne Au Chevalet"},"content":{"rendered":"<div data-cke-filler-webkit=\"start\" data-cke-temp=\"1\" style=\"width: 0px;height: 0px;padding: 0px;border: 0px;margin: 0px;position: absolute;top: 0px;left: -9999px;overflow: hidden\" data-mce-style=\"width: 0px; height: 0px; padding: 0px; border: 0px; margin: 0px; position: absolute; top: 0px; left: -9999px; overflow: hidden;\"><\/div>\n<p>Ebony and bones clock signed Beaucheron<br \/>Italian work around 1815<br \/>Dimensions with globe:<br \/>53 cm h x 53 cm L x 24 cm D<\/p>\n<div data-cke-filler-webkit=\"end\" data-cke-temp=\"1\" style=\"width: 0px;height: 0px;padding: 0px;border: 0px;margin: 0px;position: absolute;top: 0px;left: -9999px;overflow: hidden\" data-mce-style=\"width: 0px; height: 0px; padding: 0px; border: 0px; margin: 0px; position: absolute; top: 0px; left: -9999px; overflow: hidden;\"><\/div>\n","protected":false},"excerpt":{"rendered":"<div data-cke-filler-webkit=\"start\" data-cke-temp=\"1\" style=\"width: 0px;height: 0px;padding: 0px;border: 0px;margin: 0px;position: absolute;top: 0px;left: -9999px;overflow: hidden\" data-mce-style=\"width: 0px; height: 0px; padding: 0px; border: 0px; margin: 0px; position: absolute; top: 0px; left: -9999px; overflow: hidden;\"><\/div>\n<p>Pendule italienne au chevalet sign\u00e9e Beaucheron<br \/>pendule formant chevalet supportant un tableau, \u00e0 d\u00e9cors d&rsquo;acanthes, coquilles, putti, fleurs, perles et chainettes en \u00e9b\u00e8ne et os.<br \/>Travail italien vers 1815.<br \/>Dimensions avec globe:<br \/>53 cm H x 53 cm L x 24 cm P<\/p>\n<div data-cke-filler-webkit=\"end\" data-cke-temp=\"1\" style=\"width: 0px;height: 0px;padding: 0px;border: 0px;margin: 0px;position: absolute;top: 0px;left: -9999px;overflow: hidden\" data-mce-style=\"width: 0px; height: 0px; padding: 0px; border: 0px; margin: 0px; position: absolute; top: 0px; left: -9999px; overflow: hidden;\"><\/div>\n","protected":false},"featured_media":24700,"template":"","meta":[],"product_brand":[],"product_cat":[],"product_tag":[],"class_list":{"0":"post-24742","1":"product","2":"type-product","3":"status-publish","4":"has-post-thumbnail","6":"description-off","8":"first","9":"instock","10":"shipping-taxable","11":"product-type-simple"},"aioseo_notices":[],"_links":{"self":[{"href":"https:\/\/www.carrerivegauche.com\/fr\/wp-json\/wp\/v2\/product\/24742","targetHints":{"allow":["GET"]}}],"collection":[{"href":"https:\/\/www.carrerivegauche.com\/fr\/wp-json\/wp\/v2\/product"}],"about":[{"href":"https:\/\/www.carrerivegauche.com\/fr\/wp-json\/wp\/v2\/types\/product"}],"wp:featuredmedia":[{"embeddable":true,"href":"https:\/\/www.carrerivegauche.com\/fr\/wp-json\/wp\/v2\/media\/24700"}],"wp:attachment":[{"href":"https:\/\/www.carrerivegauche.com\/fr\/wp-json\/wp\/v2\/media?parent=24742"}],"wp:term":[{"taxonomy":"product_brand","embeddable":true,"href":"https:\/\/www.carrerivegauche.com\/fr\/wp-json\/wp\/v2\/product_brand?post=24742"},{"taxonomy":"product_cat","embeddable":true,"href":"https:\/\/www.carrerivegauche.com\/fr\/wp-json\/wp\/v2\/product_cat?post=24742"},{"taxonomy":"product_tag","embeddable":true,"href":"https:\/\/www.carrerivegauche.com\/fr\/wp-json\/wp\/v2\/product_tag?post=24742"}],"curies":[{"name":"wp","href":"https:\/\/api.w.org\/{rel}","templated":true}]}}