 

{"id":24583,"date":"2023-12-21T15:12:43","date_gmt":"2023-12-21T14:12:43","guid":{"rendered":"https:\/\/www.carrerivegauche.com\/boutique-crg\/paire-dappliques-aux-caducees\/"},"modified":"2023-12-21T15:12:43","modified_gmt":"2023-12-21T14:12:43","slug":"paire-dappliques-aux-caducees","status":"publish","type":"product","link":"https:\/\/www.carrerivegauche.com\/fr\/boutique-crg\/paire-dappliques-aux-caducees\/","title":{"rendered":"Paire D\u2019appliques Aux Caduc\u00e9es"},"content":{"rendered":"<p>This pair of Directoire sconces has two branches supporting fluted bidets decorated with rosettes and scrolling acanthus leaves. The central decoration features a large caduceus surmounted by the winged petasus, both emblems of Mercury. Beautiful carving work and beautiful original gilding. Sun: H: 41.5 cm, W: 26 cm, Depth: 11.5 cm<br data-mce-bogus=\"1\"><\/p>\n","protected":false},"excerpt":{"rendered":"<div data-cke-filler-webkit=\"start\" data-cke-temp=\"1\" style=\"width: 0px;height: 0px;padding: 0px;border: 0px;margin: 0px;position: absolute;top: 0px;left: -9999px;overflow: hidden\">\u00a0<\/div>\n<p>Cette paire d\u2019appliques directoire est \u00e0 deux branches supportant des bidets cannel\u00e9s \u00e0 d\u00e9cor de rosaces et d\u2019enroulements de feuilles d\u2019acanthe.<br \/>Le d\u00e9cor central figure un grand caduc\u00e9e surmont\u00e9 du p\u00e9tase ail\u00e9 tous deux embl\u00e8mes de Mercure.<br \/>Beau travail de ciselure et belle dorure d\u2019origine.<br \/>Dim : H : 41,5 cm, l : 26 cm, Prof : 11,5 cm<\/p>\n<div data-cke-filler-webkit=\"end\" data-cke-temp=\"1\" style=\"width: 0px;height: 0px;padding: 0px;border: 0px;margin: 0px;position: absolute;top: 0px;left: -9999px;overflow: hidden\">\u00a0<\/div>\n","protected":false},"featured_media":24529,"template":"","meta":[],"product_brand":[],"product_cat":[],"product_tag":[],"class_list":{"0":"post-24583","1":"product","2":"type-product","3":"status-publish","4":"has-post-thumbnail","6":"description-off","8":"first","9":"instock","10":"shipping-taxable","11":"product-type-simple"},"aioseo_notices":[],"_links":{"self":[{"href":"https:\/\/www.carrerivegauche.com\/fr\/wp-json\/wp\/v2\/product\/24583","targetHints":{"allow":["GET"]}}],"collection":[{"href":"https:\/\/www.carrerivegauche.com\/fr\/wp-json\/wp\/v2\/product"}],"about":[{"href":"https:\/\/www.carrerivegauche.com\/fr\/wp-json\/wp\/v2\/types\/product"}],"wp:featuredmedia":[{"embeddable":true,"href":"https:\/\/www.carrerivegauche.com\/fr\/wp-json\/wp\/v2\/media\/24529"}],"wp:attachment":[{"href":"https:\/\/www.carrerivegauche.com\/fr\/wp-json\/wp\/v2\/media?parent=24583"}],"wp:term":[{"taxonomy":"product_brand","embeddable":true,"href":"https:\/\/www.carrerivegauche.com\/fr\/wp-json\/wp\/v2\/product_brand?post=24583"},{"taxonomy":"product_cat","embeddable":true,"href":"https:\/\/www.carrerivegauche.com\/fr\/wp-json\/wp\/v2\/product_cat?post=24583"},{"taxonomy":"product_tag","embeddable":true,"href":"https:\/\/www.carrerivegauche.com\/fr\/wp-json\/wp\/v2\/product_tag?post=24583"}],"curies":[{"name":"wp","href":"https:\/\/api.w.org\/{rel}","templated":true}]}}