 

{"id":24512,"date":"2023-12-20T18:29:02","date_gmt":"2023-12-20T17:29:02","guid":{"rendered":"https:\/\/www.carrerivegauche.com\/boutique-crg\/coupe-en-majolique-durbino-a-decor-a-istoriato-datee-1551-au-dos-xvie-siecle\/"},"modified":"2023-12-20T18:29:02","modified_gmt":"2023-12-20T17:29:02","slug":"coupe-en-majolique-durbino-a-decor-a-istoriato-datee-1551-au-dos-xvie-siecle","status":"publish","type":"product","link":"https:\/\/www.carrerivegauche.com\/fr\/boutique-crg\/coupe-en-majolique-durbino-a-decor-a-istoriato-datee-1551-au-dos-xvie-siecle\/","title":{"rendered":"Coupe en majolique d&rsquo;Urbino \u00e0 d\u00e9cor \u00ab\u00a0a istoriato\u00a0\u00bb dat\u00e9e 1551 au dos. XVIe si\u00e8cle."},"content":{"rendered":"<p>Cup with polychrome decoration has istoriato majolica Urbino<br \/>\nrepresenting the judgment of Solomon. Inscription on the back \u00ab\u00a0Sotezin<br \/>\nSalamone \/ doidone gel \/ 1551\u00a0\u00bb. 16th century.<br \/>\nThe general impression, the composition of the scene, the disposition of<br \/>\n the characters, their expressive treatment recalls the manner of the<br \/>\npainter of Zenobia in Pesaro.<br \/>\nDiameter: 25 cm.<br \/>\nSeveral pieces reattached and gaps in the pedestal restored.<\/p>\n<p>References: an Urbino dish bearing the inscription Moise Accipie tabules<br \/>\n \/\/ A deo and the date 1551 is on display at the Anton Ulrich Museum in<br \/>\nBraunschweig: Johanna lessmann, Italian Majolica, Catalog of the<br \/>\nCollection, Braunschweig 1979 p. 272, No. 325. It is probably part of a<br \/>\nset and must come from the same workshop as our cut. Their inscriptions<br \/>\nseem identical. From the workshop of the painter of zenobia in the<br \/>\ncollection Gillet in Lyon: Carola Fiocco, Gabriella Gherardi, Liliane<br \/>\nSfeir-Fakhri, Italian Majoliques of the Museum of Decorative Arts of<br \/>\nLyon, Gillet Collection n \u00b0 120, 121 and 122 p.182 at 185, Ed. Faton,<br \/>\nDijon 2001.<\/p>\n","protected":false},"excerpt":{"rendered":"<div class=\"texte\">\n<p>Coupe \u00e0 d\u00e9cor polychrome a istoriato en majolique d&rsquo;Urbino<br \/>\nrepr\u00e9sentant le jugement de Salomon. Inscription au dos Sotezin de<br \/>\nSalamone \/ de gele doidone \/ 1551. XVIe si\u00e8cle.<br \/>\nL&rsquo;impression g\u00e9n\u00e9rale, la composition de le sc\u00e8ne, la disposition des<br \/>\npersonnages, leur traitement enlev\u00e9 et expressif rappellent la mani\u00e8re<br \/>\ndu peintre de Z\u00e9nobie \u00e0 Pesaro.<br \/>\nDiam\u00e8tre : 25 cm.<br \/>\nPlusieurs morceaux recoll\u00e9s et lacunes au pi\u00e9douche restaur\u00e9es.<\/p>\n<p>R\u00e9f\u00e9rences: un plat d&rsquo;Urbino portant l&rsquo;inscription Moise Accipie tabules<br \/>\n \/\/ A deo et la date 1551 est expos\u00e9 au Mus\u00e9e Anton Ulrich de<br \/>\nBraunschweig : Johanna lessmann, Majoliques Italiennes, Catalogue de la<br \/>\nCollection, Braunschweig 1979 p. 272, n\u00b0325. Il fait probablement partie<br \/>\n d&rsquo;un ensemble et doit provenir du m\u00eame atelier que notre coupe. Leurs<br \/>\ninscriptions semblent identiques. Des plats de l&rsquo;atelier du peintre de<br \/>\nz\u00e9nobie dans la collection Gillet \u00e0 Lyon : Carola Fiocco, Gabriella<br \/>\nGherardi, Liliane Sfeir-Fakhri, Majoliques Italiennes du Mus\u00e9e des Arts D\u00e9coratif de Lyon, Collection Gillet n\u00b0 120, 121 et 122 p.182 \u00e0 185, Ed. Faton, Dijon 2001.            <\/p>\n<details open=\"\">\n          <\/details>\n<\/p><\/div><\/p>\n","protected":false},"featured_media":24506,"template":"","meta":[],"product_brand":[],"product_cat":[],"product_tag":[],"class_list":{"0":"post-24512","1":"product","2":"type-product","3":"status-publish","4":"has-post-thumbnail","6":"description-off","8":"first","9":"instock","10":"shipping-taxable","11":"purchasable","12":"product-type-simple"},"aioseo_notices":[],"_links":{"self":[{"href":"https:\/\/www.carrerivegauche.com\/fr\/wp-json\/wp\/v2\/product\/24512","targetHints":{"allow":["GET"]}}],"collection":[{"href":"https:\/\/www.carrerivegauche.com\/fr\/wp-json\/wp\/v2\/product"}],"about":[{"href":"https:\/\/www.carrerivegauche.com\/fr\/wp-json\/wp\/v2\/types\/product"}],"wp:featuredmedia":[{"embeddable":true,"href":"https:\/\/www.carrerivegauche.com\/fr\/wp-json\/wp\/v2\/media\/24506"}],"wp:attachment":[{"href":"https:\/\/www.carrerivegauche.com\/fr\/wp-json\/wp\/v2\/media?parent=24512"}],"wp:term":[{"taxonomy":"product_brand","embeddable":true,"href":"https:\/\/www.carrerivegauche.com\/fr\/wp-json\/wp\/v2\/product_brand?post=24512"},{"taxonomy":"product_cat","embeddable":true,"href":"https:\/\/www.carrerivegauche.com\/fr\/wp-json\/wp\/v2\/product_cat?post=24512"},{"taxonomy":"product_tag","embeddable":true,"href":"https:\/\/www.carrerivegauche.com\/fr\/wp-json\/wp\/v2\/product_tag?post=24512"}],"curies":[{"name":"wp","href":"https:\/\/api.w.org\/{rel}","templated":true}]}}