 

{"id":24498,"date":"2023-12-20T18:07:18","date_gmt":"2023-12-20T17:07:18","guid":{"rendered":"https:\/\/www.carrerivegauche.com\/boutique-crg\/plat-presentoir-en-porcelaine-tendre-de-sevres-marsques-o-pour-1767-et-peintre-rosset\/"},"modified":"2023-12-20T18:07:19","modified_gmt":"2023-12-20T17:07:19","slug":"plat-presentoir-en-porcelaine-tendre-de-sevres-marsques-o-pour-1767-et-peintre-rosset","status":"publish","type":"product","link":"https:\/\/www.carrerivegauche.com\/fr\/boutique-crg\/plat-presentoir-en-porcelaine-tendre-de-sevres-marsques-o-pour-1767-et-peintre-rosset\/","title":{"rendered":"Plat pr\u00e9sentoir en porcelaine tendre de S\u00e8vres. Marsqu\u00e9s, O pour 1767 et peintre Rosset."},"content":{"rendered":"<p>A S\u00e8vres porcelain oille pot display dish with polychrome decoration of flowers, <br \/>\nthe side holds in the shape of rocaille scrolls and shells underlined by blue and gold combs. <br \/>\nMarked with two intertwined L&rsquo;s and date letter O for 1767, mark of painter Rosset. <br \/>\n1767, 18th century. <br \/>\nDimensions : 45,5 x 38 cm (LxW) and height : 6,8 cm.<\/p>\n","protected":false},"excerpt":{"rendered":"<p>Plat pr\u00e9sentoir de pot \u00e0 oille en porcelaine tendre de S\u00e8vres \u00e0 d\u00e9cor<br \/>\npolychrome de bouquets de fleurs, les prises lat\u00e9rales en forme de<br \/>\nrinceaux rocaille et coquilles soulign\u00e9s de peign\u00e9s bleu et or. <br \/>\nMarqu\u00e9 au deux L entrelac\u00e9s et lettre date O pour 1767, marque de peintre Rosset. <br \/>\n1767, XVIIIe si\u00e8cle. <br \/>\nDimensions : 45,5 x 38 cm (Lxl) et hauteur : 6,8 cm.<\/p>\n","protected":false},"featured_media":24489,"template":"","meta":[],"product_brand":[],"product_cat":[],"product_tag":[],"class_list":{"0":"post-24498","1":"product","2":"type-product","3":"status-publish","4":"has-post-thumbnail","6":"description-off","8":"first","9":"instock","10":"shipping-taxable","11":"purchasable","12":"product-type-simple"},"aioseo_notices":[],"_links":{"self":[{"href":"https:\/\/www.carrerivegauche.com\/fr\/wp-json\/wp\/v2\/product\/24498","targetHints":{"allow":["GET"]}}],"collection":[{"href":"https:\/\/www.carrerivegauche.com\/fr\/wp-json\/wp\/v2\/product"}],"about":[{"href":"https:\/\/www.carrerivegauche.com\/fr\/wp-json\/wp\/v2\/types\/product"}],"wp:featuredmedia":[{"embeddable":true,"href":"https:\/\/www.carrerivegauche.com\/fr\/wp-json\/wp\/v2\/media\/24489"}],"wp:attachment":[{"href":"https:\/\/www.carrerivegauche.com\/fr\/wp-json\/wp\/v2\/media?parent=24498"}],"wp:term":[{"taxonomy":"product_brand","embeddable":true,"href":"https:\/\/www.carrerivegauche.com\/fr\/wp-json\/wp\/v2\/product_brand?post=24498"},{"taxonomy":"product_cat","embeddable":true,"href":"https:\/\/www.carrerivegauche.com\/fr\/wp-json\/wp\/v2\/product_cat?post=24498"},{"taxonomy":"product_tag","embeddable":true,"href":"https:\/\/www.carrerivegauche.com\/fr\/wp-json\/wp\/v2\/product_tag?post=24498"}],"curies":[{"name":"wp","href":"https:\/\/api.w.org\/{rel}","templated":true}]}}