 

{"id":24488,"date":"2023-12-20T18:02:37","date_gmt":"2023-12-20T17:02:37","guid":{"rendered":"https:\/\/www.carrerivegauche.com\/boutique-crg\/assiette-a-palmes-en-porcelaine-tendre-de-sevres-a-fond-vert-et-bouquet-de-fleurs-au-centre-f-pour-1759\/"},"modified":"2023-12-20T18:02:37","modified_gmt":"2023-12-20T17:02:37","slug":"assiette-a-palmes-en-porcelaine-tendre-de-sevres-a-fond-vert-et-bouquet-de-fleurs-au-centre-f-pour-1759","status":"publish","type":"product","link":"https:\/\/www.carrerivegauche.com\/fr\/boutique-crg\/assiette-a-palmes-en-porcelaine-tendre-de-sevres-a-fond-vert-et-bouquet-de-fleurs-au-centre-f-pour-1759\/","title":{"rendered":"Assiette \u00e0 palmes en porcelaine tendre de S\u00e8vres \u00e0 fond vert et bouquet de fleurs au centre. F pour 1759."},"content":{"rendered":"<p>Plate with palms in soft porcelain of Sevres with green bottom and<br \/>\npolychrome decoration of birds in cartridges surrounded by flowers and<br \/>\ngold garlands, bouquet of flowers in the center. <br \/>\nMarked with two Ls intertwined in blue and letter-date F for 1759. 18th century. <br \/>\nDiameter : 24,5 cm. <br \/>\nProvenance : Service of the Count of Choiseul-Chevigny who became Duke of Choiseul-Praslin on May 16, 1759. <br \/>\nCf. David Peters, S\u00e8vres Plates and Services of the 18th century (2005, edition completed in 2015), T.II, pp. 317f, n\u00b0 59-1.<\/p>\n","protected":false},"excerpt":{"rendered":"<p>Assiette \u00e0 palmes en porcelaine tendre de S\u00e8vres \u00e0 fond vert et d\u00e9cor<br \/>\npolychrome d&rsquo;oiseaux dans des  cartouches entour\u00e9s de fleurs et<br \/>\nguirlandes or, bouquet de fleurs au centre. <br \/>\nMarqu\u00e9es aux deux L entrelac\u00e9s en bleu et lettre-date F pour 1759. XVIIIe si\u00e8cle. <br \/>\nDiam\u00e8tre : 24,5 cm. <br \/>\nProvenance : Service du Comte de Choiseul-Chevigny devenu Duc de Choiseul-Praslin le 16 mai 1759. <br \/>\nCf. David Peters, S\u00e8vres Plates and Services of the 18th century (2005, \u00e9dition compl\u00e9t\u00e9 en 2015), T.II, pp. 317f, n\u00b0 59-1.<\/p>\n","protected":false},"featured_media":24482,"template":"","meta":[],"product_brand":[],"product_cat":[],"product_tag":[],"class_list":{"0":"post-24488","1":"product","2":"type-product","3":"status-publish","4":"has-post-thumbnail","6":"description-off","8":"first","9":"instock","10":"shipping-taxable","11":"purchasable","12":"product-type-simple"},"aioseo_notices":[],"_links":{"self":[{"href":"https:\/\/www.carrerivegauche.com\/fr\/wp-json\/wp\/v2\/product\/24488","targetHints":{"allow":["GET"]}}],"collection":[{"href":"https:\/\/www.carrerivegauche.com\/fr\/wp-json\/wp\/v2\/product"}],"about":[{"href":"https:\/\/www.carrerivegauche.com\/fr\/wp-json\/wp\/v2\/types\/product"}],"wp:featuredmedia":[{"embeddable":true,"href":"https:\/\/www.carrerivegauche.com\/fr\/wp-json\/wp\/v2\/media\/24482"}],"wp:attachment":[{"href":"https:\/\/www.carrerivegauche.com\/fr\/wp-json\/wp\/v2\/media?parent=24488"}],"wp:term":[{"taxonomy":"product_brand","embeddable":true,"href":"https:\/\/www.carrerivegauche.com\/fr\/wp-json\/wp\/v2\/product_brand?post=24488"},{"taxonomy":"product_cat","embeddable":true,"href":"https:\/\/www.carrerivegauche.com\/fr\/wp-json\/wp\/v2\/product_cat?post=24488"},{"taxonomy":"product_tag","embeddable":true,"href":"https:\/\/www.carrerivegauche.com\/fr\/wp-json\/wp\/v2\/product_tag?post=24488"}],"curies":[{"name":"wp","href":"https:\/\/api.w.org\/{rel}","templated":true}]}}