 

{"id":24481,"date":"2023-12-20T17:54:46","date_gmt":"2023-12-20T16:54:46","guid":{"rendered":"https:\/\/www.carrerivegauche.com\/boutique-crg\/sceau-a-rafraichir-en-porcelaine-tendre-de-saint-cloud-a-decor-en-relief-marque-xviiie-siecle\/"},"modified":"2023-12-20T17:54:46","modified_gmt":"2023-12-20T16:54:46","slug":"sceau-a-rafraichir-en-porcelaine-tendre-de-saint-cloud-a-decor-en-relief-marque-xviiie-siecle","status":"publish","type":"product","link":"https:\/\/www.carrerivegauche.com\/fr\/boutique-crg\/sceau-a-rafraichir-en-porcelaine-tendre-de-saint-cloud-a-decor-en-relief-marque-xviiie-siecle\/","title":{"rendered":"Sceau \u00e0 rafra\u00eechir en porcelaine tendre de Saint-Cloud \u00e0 d\u00e9cor en relief, marqu\u00e9. XVIIIe si\u00e8cle."},"content":{"rendered":"<p>Small seal to refresh in Saint-Cloud porcelain with relief decoration of \u00ab\u00a0pierced rock\u00a0\u00bb and chrysanthemum flowers, taken in the shape of mascarons, gadroons at the base and on the edge. Despite its irregular shape, the object has not been scrapped and passed through the centuries.<br \/>Marked T \/ SC \/ T. Circa1730, 18th century.<br \/>H. 13 cm; Diam. 13 cm.<br \/>A circular crack at the base, two \u00e9grenures at the neck.<br \/>Cf. Identical piece at the Museum of Decorative Arts, Paris.<\/p>\n","protected":false},"excerpt":{"rendered":"<p>Petit sceau \u00e0 rafra\u00eechir en porcelaine tendre de Saint-Cloud \u00e0 d\u00e9cor en relief de \u00ab\u00a0rocher perc\u00e9\u00a0\u00bb et de fleurs de chrysanth\u00e8me, prises en forme de mascarons, godrons \u00e0 la base et sur le bord. Malgr\u00e9 sa forme qui n&rsquo;est pas r\u00e9guli\u00e8re, l&rsquo;objet n&rsquo;a pas \u00e9t\u00e9 mis au rebut et \u00e0 traverser les si\u00e8cles.<br \/>Marqu\u00e9 en creux T\/SC\/T. Vers 1730, XVIIIe si\u00e8cle.<br \/>H. 13 cm ; Diam. 13 cm.<br \/>Un f\u00eale circulaire \u00e0 la base, deux \u00e9grenures au col.<br \/>Cf. Pi\u00e8ce identique au Mus\u00e9e des Arts d\u00e9coratifs, Paris.<\/p>\n","protected":false},"featured_media":24472,"template":"","meta":[],"product_brand":[],"product_cat":[],"product_tag":[],"class_list":{"0":"post-24481","1":"product","2":"type-product","3":"status-publish","4":"has-post-thumbnail","6":"description-off","8":"first","9":"instock","10":"shipping-taxable","11":"purchasable","12":"product-type-simple"},"aioseo_notices":[],"_links":{"self":[{"href":"https:\/\/www.carrerivegauche.com\/fr\/wp-json\/wp\/v2\/product\/24481","targetHints":{"allow":["GET"]}}],"collection":[{"href":"https:\/\/www.carrerivegauche.com\/fr\/wp-json\/wp\/v2\/product"}],"about":[{"href":"https:\/\/www.carrerivegauche.com\/fr\/wp-json\/wp\/v2\/types\/product"}],"wp:featuredmedia":[{"embeddable":true,"href":"https:\/\/www.carrerivegauche.com\/fr\/wp-json\/wp\/v2\/media\/24472"}],"wp:attachment":[{"href":"https:\/\/www.carrerivegauche.com\/fr\/wp-json\/wp\/v2\/media?parent=24481"}],"wp:term":[{"taxonomy":"product_brand","embeddable":true,"href":"https:\/\/www.carrerivegauche.com\/fr\/wp-json\/wp\/v2\/product_brand?post=24481"},{"taxonomy":"product_cat","embeddable":true,"href":"https:\/\/www.carrerivegauche.com\/fr\/wp-json\/wp\/v2\/product_cat?post=24481"},{"taxonomy":"product_tag","embeddable":true,"href":"https:\/\/www.carrerivegauche.com\/fr\/wp-json\/wp\/v2\/product_tag?post=24481"}],"curies":[{"name":"wp","href":"https:\/\/api.w.org\/{rel}","templated":true}]}}