 

{"id":24163,"date":"2023-11-29T12:23:09","date_gmt":"2023-11-29T11:23:09","guid":{"rendered":"https:\/\/www.carrerivegauche.com\/boutique-crg\/cadre-aux-4-saisons-en-bois-dore-italie-florence-vers-1600\/"},"modified":"2023-11-29T12:23:09","modified_gmt":"2023-11-29T11:23:09","slug":"cadre-aux-4-saisons-en-bois-dore-italie-florence-vers-1600","status":"publish","type":"product","link":"https:\/\/www.carrerivegauche.com\/fr\/boutique-crg\/cadre-aux-4-saisons-en-bois-dore-italie-florence-vers-1600\/","title":{"rendered":"Cadre aux 4 saisons en bois dor\u00e9 &#8211; Italie (Florence) vers 1600"},"content":{"rendered":"<p><span>Cet exceptionnel cadre en bois dor\u00e9 est une oeuvre de la fin XVIe si\u00e8cle. Ses figures sont sculpt\u00e9es en haut-relief dans la masse et repr\u00e9sentent les quatre saisons.<\/span><br \/><span>Le th\u00e8me des quatre saisons fascine les civilisations depuis l\u2019Antiquit\u00e9 tardive. Auparavant, l\u2019ann\u00e9e \u00e9tait divis\u00e9e en trois parties correspondant aux conditions climatiques des pays comme la Gr\u00e8ce ou l\u2019Egypte. Il est probable que l\u2019ann\u00e9e quadripartite soit adopt\u00e9e au moment des recherches sur le cours du soleil par les savants babyloniens et grecs. Ce calendrier solaire comporte quatre points fixes qui sont les solstices d\u2019\u00e9t\u00e9 et d\u2019hiver et les \u00e9quinoxes de printemps et d\u2019automne. Ces points fixes correspondent au milieu d\u2019une saison et les quatre saisons symbolisent alors les arr\u00eats du soleil dans la trajectoire circulaire de l\u2019ann\u00e9e.<\/span><br \/><span>Ces quatre p\u00e9riodes divisent \u00e9galement des moments importants de la vie quotidienne des hommes, raison pour laquelle l\u2019iconographie des saisons est\u00a0<\/span><span>\u00a0<\/span><span>souvent anthropomorphique. De mani\u00e8re g\u00e9n\u00e9rale, le printemps, l\u2019\u00e9t\u00e9 et l\u2019automne sont repr\u00e9sent\u00e9s par des figures f\u00e9minines tandis que l\u2019hiver a souvent une personnification plus complexe. Dans notre cadre, le printemps est associ\u00e9 aux fleurs, l\u2019\u00e9t\u00e9 aux \u00e9pis de bl\u00e9 et l\u2019automne \u00e0 la vigne. L\u2019hiver est quant \u00e0 lui associ\u00e9 \u00e0 la chasse avec une figure masculine accompagn\u00e9e d\u2019un chien, car cette saison est associ\u00e9e au r\u00e8gne animal.<\/span><br data-mce-bogus=\"1\"><\/p>\n<p><span>Dans les quatre coins du cadre sont sculpt\u00e9s des mascarons qui renvoient \u00e0 l&rsquo;art grotesque. A la Renaissance, plusieurs artistes r\u00e9alisent des compositions d\u00e9coratives qui viennent imiter des d\u00e9cors antiques comme celui du Palais de N\u00e9ron, la Domus aurea. Ces d\u00e9cors comprennent des mascarons repr\u00e9sentant des figures extravagantes. A l\u2019\u00e9poque du Mani\u00e9risme, les grotesques se diffusent encore tr\u00e8s largement, et ce, jusqu\u2019\u00e0 la Contre-R\u00e9forme. Les mascarons du cadre nous rappellent celui de la Fontana dello Sprone \u00e0 Florence, sculpt\u00e9 par Bernardo Buontalenti.<\/span><br \/><span>Ainsi, ce cadre en bois dor\u00e9 poss\u00e8de les caract\u00e9ristiques des arts figuratifs de la Renaissance tardive avec un th\u00e8me typique de la p\u00e9riode et des motifs qui renvoie \u00e0 l\u2019art grotesque.<\/span><\/p>\n<p>____________________________<\/p>\n<p><em><span data-mce-style=\"caret-color: #000000; color: #000000; font-family: regular, 'Lucida Sans Unicode', 'Lucida Grande', sans-serif; font-size: 14px; background-color: #f8f8f8;\">This exceptional gilded wood frame is a work of the late 16th century. Its figures are carved in high relief in the mass and represent the four seasons.<\/span><\/em><br \/><em><span data-mce-style=\"caret-color: #000000; color: #000000; font-family: regular, 'Lucida Sans Unicode', 'Lucida Grande', sans-serif; font-size: 14px; background-color: #f8f8f8;\">The theme of the four seasons has fascinated civilizations since late antiquity. Previously, the year was divided into three parts corresponding to the climatic conditions of countries such as Greece or Egypt. It is likely that the four-part year was adopted at the time of research on the course of the sun by Babylonian and Greek scholars. This solar calendar has four fixed points which are the summer and winter solstices and the spring and fall equinoxes. These fixed points correspond to the middle of a season and the four seasons then symbolize the stops of the sun in the circular trajectory of the year.<\/span><\/em><br \/><em><span data-mce-style=\"caret-color: #000000; color: #000000; font-family: regular, 'Lucida Sans Unicode', 'Lucida Grande', sans-serif; font-size: 14px; background-color: #f8f8f8;\">These four periods also divide important moments of the daily life of men, reason why the life, which is why the iconography of the seasons is often anthropomorphic. Generally speaking, spring, summer and autumn are represented by female figures, while winter often has a more complex personification. In our context, spring is associated with flowers, summer with ears of wheat and autumn with vines. Winter is associated with hunting with a male figure accompanied by a dog, as this season is associated with the animal kingdom.<\/span><\/em><br \/><em><span data-mce-style=\"caret-color: #000000; color: #000000; font-family: regular, 'Lucida Sans Unicode', 'Lucida Grande', sans-serif; font-size: 14px; background-color: #f8f8f8;\">In the four corners of the frame are carved masks that refer to grotesque art. During the Renaissance, several artists created decorative compositions that imitated ancient decorations such as that of Nero&rsquo;s Palace, the Domus aurea. These decorations include mascarons representing extravagant figures. At the time of Mannerism, the grotesques still spread widely, and this, until the Counter-Reformation. The masks on the frame remind us of the one in the Fontana dello Sprone in Florence, sculpted by Bernardo Buontalenti.<\/span><\/em><br \/><em><span data-mce-style=\"caret-color: #000000; color: #000000; font-family: regular, 'Lucida Sans Unicode', 'Lucida Grande', sans-serif; font-size: 14px; background-color: #f8f8f8;\">Thus, this gilded wood frame has the characteristics of the figurative arts of the late Renaissance with a theme typical of the period and motifs that refer to grotesque art.<\/span><\/em><br data-mce-bogus=\"1\"><\/p>\n","protected":false},"excerpt":{"rendered":"<p data-mce-style=\"margin: 0px; padding: 0px; font-size: 12px; line-height: normal; font-family: Symbol; min-height: 12px;\" style=\"margin: 0px;padding: 0px;font-size: 12px;line-height: normal;font-family: Symbol;min-height: 12px\"><em data-mce-style=\"margin: 0px; padding: 0px;\" style=\"margin: 0px;padding: 0px\"><span data-mce-style=\"margin: 0px; padding: 0px; font-weight: bold;\" style=\"margin: 0px;padding: 0px;font-weight: bold\"><span data-mce-style=\"font-family: Helvetica; font-size: 11.5px;\" style=\"margin: 0px;padding: 0px;font-family: Helvetica;font-size: 11.5px\"><em data-mce-style=\"margin: 0px; padding: 0px; font-family: Symbol; font-size: 12px;\" style=\"margin: 0px;padding: 0px;font-family: Symbol;font-size: 12px\"><span data-mce-style=\"margin: 0px; padding: 0px; font-weight: bold;\" style=\"margin: 0px;padding: 0px\"><span data-mce-style=\"font-family: Helvetica; font-size: 11.5px;\" style=\"margin: 0px;padding: 0px;font-family: Helvetica;font-size: 11.5px\">\u2022\u00a0<\/span><\/span><\/em><em data-mce-style=\"margin: 0px; padding: 0px;\" style=\"margin: 0px;padding: 0px\"><span data-mce-style=\"margin: 0px; padding: 0px; font-weight: bold;\" style=\"margin: 0px;padding: 0px\"><span data-mce-style=\"caret-color: #636363; color: #636363; font-family: Helvetica; font-size: 11.5px; margin: 0px; padding: 0px;\" style=\"margin: 0px;padding: 0px\">P\u00e9riode :<\/span><\/span><\/em><\/span><\/span><span data-mce-style=\"margin: 0px; padding: 0px;\" style=\"margin: 0px;padding: 0px\"><span data-mce-style=\"font-family: Helvetica; font-size: 11.5px;\" style=\"margin: 0px;padding: 0px;font-family: Helvetica;font-size: 11.5px\"><em data-mce-style=\"margin: 0px; padding: 0px;\" style=\"margin: 0px;padding: 0px\"><span data-mce-style=\"margin: 0px; padding: 0px; font-weight: bold;\" style=\"margin: 0px;padding: 0px\"><span data-mce-style=\"caret-color: #636363; color: #636363; font-family: Helvetica; font-size: 11.5px; margin: 0px; padding: 0px;\" style=\"margin: 0px;padding: 0px\">\u00a0XVIIe si\u00e8cle<\/span><\/span><\/em><\/span><\/span><\/em><\/p>\n<p data-mce-style=\"margin: 0px; padding: 0px; font-size: 12px; line-height: normal; font-family: Symbol; min-height: 12px;\" style=\"margin: 0px;padding: 0px;font-size: 12px;line-height: normal;font-family: Symbol;min-height: 12px\"><em data-mce-style=\"margin: 0px; padding: 0px;\" style=\"margin: 0px;padding: 0px\"><span data-mce-style=\"margin: 0px; padding: 0px; font-weight: bold;\" style=\"margin: 0px;padding: 0px;font-weight: bold\"><span data-mce-style=\"font-family: Helvetica; font-size: 11.5px;\" style=\"margin: 0px;padding: 0px;font-family: Helvetica;font-size: 11.5px\">\u2022 Origine :\u00a0<\/span><\/span><span data-mce-style=\"margin: 0px; padding: 0px;\" style=\"margin: 0px;padding: 0px\"><span data-mce-style=\"font-family: Helvetica; font-size: 11.5px;\" style=\"margin: 0px;padding: 0px;font-family: Helvetica;font-size: 11.5px\">Italie<\/span><\/span><\/em><\/p>\n<p data-mce-style=\"margin: 0px; padding: 0px; font-size: 12px; line-height: normal; font-family: Symbol; min-height: 12px;\" style=\"margin: 0px;padding: 0px;font-size: 12px;line-height: normal;font-family: Symbol;min-height: 12px\"><em data-mce-style=\"margin: 0px; padding: 0px;\" style=\"margin: 0px;padding: 0px\"><span data-mce-style=\"margin: 0px; padding: 0px; font-weight: bold;\" style=\"margin: 0px;padding: 0px;font-weight: bold\"><span data-mce-style=\"font-family: Helvetica; font-size: 11.5px;\" style=\"margin: 0px;padding: 0px;font-family: Helvetica;font-size: 11.5px\">\u2022 Mat\u00e9riaux :\u00a0<\/span><\/span><span data-mce-style=\"margin: 0px; padding: 0px;\" style=\"margin: 0px;padding: 0px\"><span data-mce-style=\"font-family: Helvetica; font-size: 11.5px;\" style=\"margin: 0px;padding: 0px;font-family: Helvetica;font-size: 11.5px\">Bois dor\u00e9<\/span><\/span><\/em><\/p>\n<p data-mce-style=\"margin: 0px; padding: 0px; font-size: 12px; line-height: normal; font-family: Symbol; min-height: 12px;\" style=\"margin: 0px;padding: 0px;font-size: 12px;line-height: normal;font-family: Symbol;min-height: 12px\"><em data-mce-style=\"margin: 0px; padding: 0px;\" style=\"margin: 0px;padding: 0px\"><span data-mce-style=\"margin: 0px; padding: 0px; font-weight: bold;\" style=\"margin: 0px;padding: 0px;font-weight: bold\"><span data-mce-style=\"font-family: Helvetica; font-size: 11.5px;\" style=\"margin: 0px;padding: 0px;font-family: Helvetica;font-size: 11.5px\">\u2022 Dimensions :\u00a0<\/span><\/span><span data-mce-style=\"font-family: Helvetica; font-size: 11.5px;\" style=\"margin: 0px;padding: 0px;font-family: Helvetica;font-size: 11.5px\">H : 52cm; l : 47cm; P : 10cm<\/span><\/em><\/p>\n<p data-mce-style=\"margin: 0px; padding: 0px; font-size: 12px; line-height: normal; font-family: Symbol; min-height: 12px;\" style=\"margin: 0px;padding: 0px;font-size: 12px;line-height: normal;font-family: Symbol;min-height: 12px\"><em data-mce-style=\"margin: 0px; padding: 0px;\" style=\"margin: 0px;padding: 0px\"><span data-mce-style=\"margin: 0px; padding: 0px; font-weight: bold;\" style=\"margin: 0px;padding: 0px;font-weight: bold\"><span data-mce-style=\"font-family: Helvetica; font-size: 11.5px;\" style=\"margin: 0px;padding: 0px;font-family: Helvetica;font-size: 11.5px\">\u2022 \u00c9tat :\u00a0<\/span><\/span><\/em><em data-mce-style=\"margin: 0px; padding: 0px;\" style=\"margin: 0px;padding: 0px\"><span data-mce-style=\"margin: 0px; padding: 0px;\" style=\"margin: 0px;padding: 0px\"><span data-mce-style=\"font-family: Helvetica; font-size: 11.5px;\" style=\"margin: 0px;padding: 0px;font-family: Helvetica;font-size: 11.5px\">Tr\u00e8s bel \u00e9tat<\/span><\/span><\/em><\/p>\n<p>________________________________<\/p>\n<p data-mce-style=\"margin: 0px; padding: 0px; font-size: 12px; line-height: normal; font-family: Symbol; min-height: 12px;\" style=\"margin: 0px;padding: 0px;font-size: 12px;line-height: normal;font-family: Symbol;min-height: 12px\"><span data-mce-style=\"margin: 0px; padding: 0px; font-weight: bold;\" style=\"margin: 0px;padding: 0px;font-weight: bold\"><em data-mce-style=\"margin: 0px; padding: 0px;\" style=\"margin: 0px;padding: 0px\"><span data-mce-style=\"font-family: Helvetica; font-size: 11.5px;\" style=\"margin: 0px;padding: 0px;font-family: Helvetica;font-size: 11.5px\"><em data-mce-style=\"margin: 0px; padding: 0px; font-family: Symbol; font-size: 12px;\" style=\"margin: 0px;padding: 0px;font-family: Symbol;font-size: 12px\"><span data-mce-style=\"margin: 0px; padding: 0px;\" style=\"margin: 0px;padding: 0px\"><span data-mce-style=\"font-family: Helvetica; font-size: 11.5px;\" style=\"margin: 0px;padding: 0px;font-family: Helvetica;font-size: 11.5px\">\u2022\u00a0<\/span><\/span><\/em><\/span><\/em><\/span><span data-mce-style=\"margin: 0px; padding: 0px;\" style=\"margin: 0px;padding: 0px\"><em data-mce-style=\"margin: 0px; padding: 0px;\" style=\"margin: 0px;padding: 0px\"><span data-mce-style=\"font-family: Helvetica; font-size: 11.5px;\" style=\"margin: 0px;padding: 0px;font-family: Helvetica;font-size: 11.5px\"><span data-mce-style=\"margin: 0px; padding: 0px; font-weight: bold;\" style=\"margin: 0px;padding: 0px;font-weight: bold\">Period:\u00a0<\/span>17th century<\/span><\/em><\/span><\/p>\n<p data-mce-style=\"margin: 0px; padding: 0px; font-size: 12px; line-height: normal; font-family: Symbol; min-height: 12px;\" style=\"margin: 0px;padding: 0px;font-size: 12px;line-height: normal;font-family: Symbol;min-height: 12px\"><span data-mce-style=\"margin: 0px; padding: 0px; font-weight: bold;\" style=\"margin: 0px;padding: 0px;font-weight: bold\"><em data-mce-style=\"margin: 0px; padding: 0px;\" style=\"margin: 0px;padding: 0px\"><span data-mce-style=\"font-family: Helvetica; font-size: 11.5px;\" style=\"margin: 0px;padding: 0px;font-family: Helvetica;font-size: 11.5px\">\u2022 Origin:\u00a0<\/span><\/em><\/span><span data-mce-style=\"margin: 0px; padding: 0px;\" style=\"margin: 0px;padding: 0px\"><em data-mce-style=\"margin: 0px; padding: 0px;\" style=\"margin: 0px;padding: 0px\"><span data-mce-style=\"font-family: Helvetica; font-size: 11.5px;\" style=\"margin: 0px;padding: 0px;font-family: Helvetica;font-size: 11.5px\">Italy<\/span><\/em><\/span><\/p>\n<p data-mce-style=\"margin: 0px; padding: 0px; font-size: 12px; line-height: normal; font-family: Symbol; min-height: 12px;\" style=\"margin: 0px;padding: 0px;font-size: 12px;line-height: normal;font-family: Symbol;min-height: 12px\"><span data-mce-style=\"margin: 0px; padding: 0px; font-weight: bold;\" style=\"margin: 0px;padding: 0px;font-weight: bold\"><em data-mce-style=\"margin: 0px; padding: 0px;\" style=\"margin: 0px;padding: 0px\"><span data-mce-style=\"font-family: Helvetica; font-size: 11.5px;\" style=\"margin: 0px;padding: 0px;font-family: Helvetica;font-size: 11.5px\">\u2022 Materials:\u00a0<\/span><\/em><\/span><span data-mce-style=\"margin: 0px; padding: 0px;\" style=\"margin: 0px;padding: 0px\"><em data-mce-style=\"margin: 0px; padding: 0px;\" style=\"margin: 0px;padding: 0px\"><span data-mce-style=\"font-family: Helvetica; font-size: 11.5px;\" style=\"margin: 0px;padding: 0px;font-family: Helvetica;font-size: 11.5px\">Wood<\/span><\/em><\/span><\/p>\n<p data-mce-style=\"margin: 0px; padding: 0px; font-size: 12px; line-height: normal; font-family: Symbol; min-height: 12px;\" style=\"margin: 0px;padding: 0px;font-size: 12px;line-height: normal;font-family: Symbol;min-height: 12px\"><span data-mce-style=\"margin: 0px; padding: 0px; font-weight: bold;\" style=\"margin: 0px;padding: 0px;font-weight: bold\"><em data-mce-style=\"margin: 0px; padding: 0px;\" style=\"margin: 0px;padding: 0px\"><span data-mce-style=\"font-family: Helvetica; font-size: 11.5px;\" style=\"margin: 0px;padding: 0px;font-family: Helvetica;font-size: 11.5px\">\u2022 Dimensions:\u00a0<\/span><\/em><\/span><em data-mce-style=\"margin: 0px; padding: 0px;\" style=\"margin: 0px;padding: 0px\"><span data-mce-style=\"font-family: Helvetica; font-size: 11.5px;\" style=\"margin: 0px;padding: 0px;font-family: Helvetica;font-size: 11.5px\">H : 52cm; l : 47cm; P : 10cm<\/span><\/em><\/p>\n<p data-mce-style=\"margin: 0px; padding: 0px; font-size: 12px; line-height: normal; font-family: Symbol; min-height: 12px;\" style=\"margin: 0px;padding: 0px;font-size: 12px;line-height: normal;font-family: Symbol;min-height: 12px\"><span data-mce-style=\"margin: 0px; padding: 0px; font-weight: bold;\" style=\"margin: 0px;padding: 0px;font-weight: bold\"><em data-mce-style=\"margin: 0px; padding: 0px;\" style=\"margin: 0px;padding: 0px\"><span data-mce-style=\"font-family: Helvetica; font-size: 11.5px;\" style=\"margin: 0px;padding: 0px;font-family: Helvetica;font-size: 11.5px\">\u2022 Condition:\u00a0<\/span><\/em><\/span><span data-mce-style=\"margin: 0px; padding: 0px;\" style=\"margin: 0px;padding: 0px\"><em data-mce-style=\"margin: 0px; padding: 0px;\" style=\"margin: 0px;padding: 0px\"><span data-mce-style=\"font-family: Helvetica; font-size: 11.5px;\" style=\"margin: 0px;padding: 0px;font-family: Helvetica;font-size: 11.5px\">Very good condition<\/span><\/em><\/span><\/p>\n","protected":false},"featured_media":24152,"template":"","meta":[],"product_brand":[],"product_cat":[],"product_tag":[],"class_list":{"0":"post-24163","1":"product","2":"type-product","3":"status-publish","4":"has-post-thumbnail","6":"description-off","8":"first","9":"instock","10":"shipping-taxable","11":"product-type-simple"},"aioseo_notices":[],"_links":{"self":[{"href":"https:\/\/www.carrerivegauche.com\/fr\/wp-json\/wp\/v2\/product\/24163","targetHints":{"allow":["GET"]}}],"collection":[{"href":"https:\/\/www.carrerivegauche.com\/fr\/wp-json\/wp\/v2\/product"}],"about":[{"href":"https:\/\/www.carrerivegauche.com\/fr\/wp-json\/wp\/v2\/types\/product"}],"wp:featuredmedia":[{"embeddable":true,"href":"https:\/\/www.carrerivegauche.com\/fr\/wp-json\/wp\/v2\/media\/24152"}],"wp:attachment":[{"href":"https:\/\/www.carrerivegauche.com\/fr\/wp-json\/wp\/v2\/media?parent=24163"}],"wp:term":[{"taxonomy":"product_brand","embeddable":true,"href":"https:\/\/www.carrerivegauche.com\/fr\/wp-json\/wp\/v2\/product_brand?post=24163"},{"taxonomy":"product_cat","embeddable":true,"href":"https:\/\/www.carrerivegauche.com\/fr\/wp-json\/wp\/v2\/product_cat?post=24163"},{"taxonomy":"product_tag","embeddable":true,"href":"https:\/\/www.carrerivegauche.com\/fr\/wp-json\/wp\/v2\/product_tag?post=24163"}],"curies":[{"name":"wp","href":"https:\/\/api.w.org\/{rel}","templated":true}]}}