 

{"id":24074,"date":"2023-11-18T16:32:49","date_gmt":"2023-11-18T15:32:49","guid":{"rendered":"https:\/\/www.carrerivegauche.com\/boutique-crg\/huile-sur-toile-ville-en-chine-par-henri-le-riche\/"},"modified":"2024-06-25T16:10:30","modified_gmt":"2024-06-25T14:10:30","slug":"huile-sur-toile-ville-en-chine-par-henri-le-riche","status":"publish","type":"product","link":"https:\/\/www.carrerivegauche.com\/fr\/boutique-crg\/huile-sur-toile-ville-en-chine-par-henri-le-riche\/","title":{"rendered":"Huile sur toile, Ville en chine par Henri LE RICHE"},"content":{"rendered":"<p>Il expose dans les Salons et galeries de son temps, comme la Galerie Georges Petit.<br \/>Il obtient une m\u00e9daille d\u2019argent et devient Chevalier de la L\u00e9gion d\u2019Honneur en 1922.<\/p>\n<p>En 1935, il est \u00e9lu \u00e0 l\u2019Acad\u00e9mie des Beaux-Arts en section gravure.<\/p>\n<p>En plus d\u2019\u00eatre graveur es sculpteur reconnu,\u00a0Le Riche est un peintre voyageur.<br \/>Il part entre les ann\u00e9es 1909 et 1915 en Chine, au Japon et au Maghreb.<\/p>\n<p>De cet aventure, il ram\u00e8ne de nombreuses toiles color\u00e9es et lumineuses venant de ses pays encore mal connu de la plupart des occidentaux.<br \/>Ses toiles se drapent de jaunes lumineux, de bleus azurs, le motif se lib\u00e8re des r\u00e8gles acad\u00e9miques.<br \/>L\u2019artiste travail aussi bien ses couleurs, que le perspectives, l\u2019architecture et l\u2019ambiance, joyeuse et cosmopolite des pays qu\u2019il visite.<\/p>\n<p>Notre \u0153uvre repr\u00e9sente l\u2019entr\u00e9e d\u2019une ville dans la r\u00e9gion du Yunnan en Chine<\/p>\n","protected":false},"excerpt":{"rendered":"<p>Henri \u00a0Le Riche 1868-1944<\/p>\n<p>Est un peintre graveur et illustrateur fran\u00e7ais.<\/p>\n<p>Il commence ses \u00e9tudes aux Beaux-Arts de Grenoble sous l\u2019\u00e9gide d\u2019Eug\u00e8ne Bernard, puis \u00e0 Paris sous la supervision de William Bougeureau et Tony Robert Fleury.<\/p>\n<p>Il poss\u00e8de ainsi de solides bases classiques et conjugu\u00e9 \u00e0 son talent il obtient le prestigieux Prix de Rome en en 1888.<\/p>\n","protected":false},"featured_media":24056,"template":"","meta":[],"product_brand":[],"product_cat":[],"product_tag":[],"class_list":{"0":"post-24074","1":"product","2":"type-product","3":"status-publish","4":"has-post-thumbnail","6":"description-off","8":"first","9":"instock","10":"shipping-taxable","11":"purchasable","12":"product-type-simple"},"aioseo_notices":[],"_links":{"self":[{"href":"https:\/\/www.carrerivegauche.com\/fr\/wp-json\/wp\/v2\/product\/24074","targetHints":{"allow":["GET"]}}],"collection":[{"href":"https:\/\/www.carrerivegauche.com\/fr\/wp-json\/wp\/v2\/product"}],"about":[{"href":"https:\/\/www.carrerivegauche.com\/fr\/wp-json\/wp\/v2\/types\/product"}],"wp:featuredmedia":[{"embeddable":true,"href":"https:\/\/www.carrerivegauche.com\/fr\/wp-json\/wp\/v2\/media\/24056"}],"wp:attachment":[{"href":"https:\/\/www.carrerivegauche.com\/fr\/wp-json\/wp\/v2\/media?parent=24074"}],"wp:term":[{"taxonomy":"product_brand","embeddable":true,"href":"https:\/\/www.carrerivegauche.com\/fr\/wp-json\/wp\/v2\/product_brand?post=24074"},{"taxonomy":"product_cat","embeddable":true,"href":"https:\/\/www.carrerivegauche.com\/fr\/wp-json\/wp\/v2\/product_cat?post=24074"},{"taxonomy":"product_tag","embeddable":true,"href":"https:\/\/www.carrerivegauche.com\/fr\/wp-json\/wp\/v2\/product_tag?post=24074"}],"curies":[{"name":"wp","href":"https:\/\/api.w.org\/{rel}","templated":true}]}}