 

{"id":23333,"date":"2023-11-09T15:54:44","date_gmt":"2023-11-09T14:54:44","guid":{"rendered":"https:\/\/www.carrerivegauche.com\/boutique-crg\/huile-sur-toile-atelier-dartiste-autour-de-1880\/"},"modified":"2024-06-26T14:34:08","modified_gmt":"2024-06-26T12:34:08","slug":"huile-sur-toile-atelier-dartiste-autour-de-1880","status":"publish","type":"product","link":"https:\/\/www.carrerivegauche.com\/fr\/boutique-crg\/huile-sur-toile-atelier-dartiste-autour-de-1880\/","title":{"rendered":"Huile sur toile, Atelier d&rsquo;artiste autour de 1880"},"content":{"rendered":"<p>Ces \u0153uvres comme notre toile, malheureusement anonyme, nous permettent de cerner l&rsquo;abiance d&rsquo;une \u00e9poque et de visualiser le lieu du cr\u00e9ateur<\/p>\n<p>Chez Jean-L\u00e9on G\u00e9r\u00f4me, on y trouve des boiseries et tapis aux murs, Puvis de Chavannes arbore ses toiles aux murs.<\/p>\n<p>Souvent les pi\u00e8ces les pi\u00e8ces sont immenses, tr\u00e8s hautes de plafond, plein de peaux de tigre, tapis persans, armures exotiques et moucharabiehs.<br \/>Fin XIXe, les ateliers sont des int\u00e9rieurs bourgeois recouverts de tentures et d&rsquo;objets pr\u00e9cieux comme des cabinets de curiosit\u00e9s.<br \/>Puis la verri\u00e8re fait son apparition et les murs s&rsquo;\u00e9clairent.<\/p>\n","protected":false},"excerpt":{"rendered":"<p><span id=\"gmail-p0\">La repr\u00e9sentation de l&rsquo;atelier est un genre en soi dans la tradition picturale.<\/span><span id=\"gmail-p9\">\u00a0Bien avant l&rsquo;arriv\u00e9e de la photographie, la peinture montrait d\u00e9j\u00e0 l&rsquo;artiste en action<\/span><\/p>\n<p><span id=\"gmail-p10\">Au 19\u00e8me, Paris voit une forte augmentation du nombre de peintres qui jouissent d\u2019une certaine notori\u00e9t\u00e9 s\u2019\u00e9tablir en son sein.<\/span><span id=\"gmail-p3\">\u00a0Cette augmentation s\u2019accompagne d\u2019une prolif\u00e9ration d\u2019ateliers d\u2019artistes sur les deux rives de la Seine.<\/span><\/p>\n<p><span id=\"gmail-p13\">Au d\u00e9but du si\u00e8cle, l&rsquo;atelier continue la tradition du 18e et reste un lieu d&rsquo;apprentissage puis devient un lieu exclusif de cr\u00e9ation.<\/span><\/p>\n","protected":false},"featured_media":23318,"template":"","meta":[],"product_brand":[],"product_cat":[],"product_tag":[],"class_list":{"0":"post-23333","1":"product","2":"type-product","3":"status-publish","4":"has-post-thumbnail","6":"description-off","8":"first","9":"instock","10":"shipping-taxable","11":"purchasable","12":"product-type-simple"},"aioseo_notices":[],"_links":{"self":[{"href":"https:\/\/www.carrerivegauche.com\/fr\/wp-json\/wp\/v2\/product\/23333","targetHints":{"allow":["GET"]}}],"collection":[{"href":"https:\/\/www.carrerivegauche.com\/fr\/wp-json\/wp\/v2\/product"}],"about":[{"href":"https:\/\/www.carrerivegauche.com\/fr\/wp-json\/wp\/v2\/types\/product"}],"wp:featuredmedia":[{"embeddable":true,"href":"https:\/\/www.carrerivegauche.com\/fr\/wp-json\/wp\/v2\/media\/23318"}],"wp:attachment":[{"href":"https:\/\/www.carrerivegauche.com\/fr\/wp-json\/wp\/v2\/media?parent=23333"}],"wp:term":[{"taxonomy":"product_brand","embeddable":true,"href":"https:\/\/www.carrerivegauche.com\/fr\/wp-json\/wp\/v2\/product_brand?post=23333"},{"taxonomy":"product_cat","embeddable":true,"href":"https:\/\/www.carrerivegauche.com\/fr\/wp-json\/wp\/v2\/product_cat?post=23333"},{"taxonomy":"product_tag","embeddable":true,"href":"https:\/\/www.carrerivegauche.com\/fr\/wp-json\/wp\/v2\/product_tag?post=23333"}],"curies":[{"name":"wp","href":"https:\/\/api.w.org\/{rel}","templated":true}]}}