 

{"id":23304,"date":"2023-11-09T15:42:55","date_gmt":"2023-11-09T14:42:55","guid":{"rendered":"https:\/\/www.carrerivegauche.com\/boutique-crg\/huile-sur-panneau-la-poste-mobile-par-charles-martin-sauvaigo\/"},"modified":"2024-06-25T16:17:08","modified_gmt":"2024-06-25T14:17:08","slug":"huile-sur-panneau-la-poste-mobile-par-charles-martin-sauvaigo","status":"publish","type":"product","link":"https:\/\/www.carrerivegauche.com\/fr\/boutique-crg\/huile-sur-panneau-la-poste-mobile-par-charles-martin-sauvaigo\/","title":{"rendered":"Huile sur panneau, La poste mobile par Charles MARTIN-SAUVAIGO"},"content":{"rendered":"<p>D\u00e8s l&rsquo;\u00e9cole, il accumule les m\u00e9dailles et obtient ainsi de nombreuses commandes d&rsquo;\u00e9tat et de d\u00e9coration de b\u00e2timent.<\/p>\n<p>Apr\u00e8s la Premi\u00e8re Guerre mondiale, d\u00e9mobilis\u00e9, il abandonne l&rsquo;enseignement pour ne plus se consacrer qu&rsquo;\u00e0 son art.<br \/>Il d\u00e9veloppe son activit\u00e9 de peintre d\u00e9corateur.<\/p>\n<p>En 1922, il est nomm\u00e9 peintre Officiel de la Marine<\/p>\n<p>La p\u00e9riode de l&rsquo;entre deux guerres lui sera tr\u00e8s favorable.<br \/>. Le jury de l&rsquo;Exposition Coloniale de 1931 lui permet d&rsquo;\u00eatre tr\u00e8s pr\u00e9sent : il d\u00e9core le pavillon de la Croix-Rouge d&rsquo;un diorama repr\u00e9sentant un dispensaire dans la r\u00e9gion d&rsquo;Hano\u00ef ; mais aussi la Martinique et l&rsquo;Afrique occidentale<\/p>\n<p>L&rsquo;Exposition Internationale de 1937 lui permet d&rsquo;affirmer son talent dans ce domaine particulier. Il r\u00e9alise dans le cadre du pavillon de la C\u00f4te d&rsquo;Azur le plus grand diorama qu&rsquo;il ait jamais r\u00e9alis\u00e9, 45 m\u00e8tres de long et couvrant une surface de 442 m2 ; cette \u00ab\u00a0Synth\u00e8se de la C\u00f4te d&rsquo;Azur\u00a0\u00bb<br \/>Cette \u0153uvre gigantesque, qui impressionne tout visiteur comme en t\u00e9moigne la presse de l&rsquo;\u00e9poque, lui vaut une m\u00e9daille d&rsquo;or.<\/p>\n<p>Charles-Martin Sauvaigo, ou qu&rsquo;il peint, traduit dans sa peinture, cette intime po\u00e9sie du sol, des m\u0153urs et des hommes qui l&rsquo;entourent. Avec une main experte, il traduit de mani\u00e8re juste. La lumi\u00e8re des paysages. L&rsquo;artiste, c&rsquo;est rendre \u00e0 la fois avec douceur et les vibrations des couleurs du Maghreb<\/p>\n","protected":false},"excerpt":{"rendered":"<p>Charles MARTIN-SAUVAIGO (1881-1970)<\/p>\n<p>Issu d&rsquo;une famille nombreuse de Nice, tr\u00e8s t\u00f4t, le jeune Charles montre son talent pour le dessin.<\/p>\n<p>Felix Ziem, s\u00e9duit par son don et sa technique, le prend comme \u00e9l\u00e8ve dans son atelier.<\/p>\n<p>\u00c0 16 ans, il rentre aux Arts-D\u00e9coratifs de Nice. Puis c&rsquo;est Paris, les Arts-D\u00e9coratifs et les Beaux-Arts dans l&rsquo;atelier de Bonnat et de Merson.<\/p>\n<p>Apr\u00e8s avoir obtenu son dipl\u00f4me de professeur de dessin de la ville de Paris, il exerce ce m\u00e9tier de 1909 \u00e0 1914<\/p>\n","protected":false},"featured_media":23292,"template":"","meta":[],"product_brand":[],"product_cat":[],"product_tag":[],"class_list":{"0":"post-23304","1":"product","2":"type-product","3":"status-publish","4":"has-post-thumbnail","6":"description-off","8":"first","9":"instock","10":"shipping-taxable","11":"purchasable","12":"product-type-simple"},"aioseo_notices":[],"_links":{"self":[{"href":"https:\/\/www.carrerivegauche.com\/fr\/wp-json\/wp\/v2\/product\/23304","targetHints":{"allow":["GET"]}}],"collection":[{"href":"https:\/\/www.carrerivegauche.com\/fr\/wp-json\/wp\/v2\/product"}],"about":[{"href":"https:\/\/www.carrerivegauche.com\/fr\/wp-json\/wp\/v2\/types\/product"}],"wp:featuredmedia":[{"embeddable":true,"href":"https:\/\/www.carrerivegauche.com\/fr\/wp-json\/wp\/v2\/media\/23292"}],"wp:attachment":[{"href":"https:\/\/www.carrerivegauche.com\/fr\/wp-json\/wp\/v2\/media?parent=23304"}],"wp:term":[{"taxonomy":"product_brand","embeddable":true,"href":"https:\/\/www.carrerivegauche.com\/fr\/wp-json\/wp\/v2\/product_brand?post=23304"},{"taxonomy":"product_cat","embeddable":true,"href":"https:\/\/www.carrerivegauche.com\/fr\/wp-json\/wp\/v2\/product_cat?post=23304"},{"taxonomy":"product_tag","embeddable":true,"href":"https:\/\/www.carrerivegauche.com\/fr\/wp-json\/wp\/v2\/product_tag?post=23304"}],"curies":[{"name":"wp","href":"https:\/\/api.w.org\/{rel}","templated":true}]}}