 

{"id":22870,"date":"2023-10-16T16:21:14","date_gmt":"2023-10-16T14:21:14","guid":{"rendered":"https:\/\/www.carrerivegauche.com\/boutique-crg\/pastel-petite-fille-a-la-poupee-par-berthe-burgkan\/"},"modified":"2024-06-25T16:20:32","modified_gmt":"2024-06-25T14:20:32","slug":"pastel-petite-fille-a-la-poupee-par-berthe-burgkan","status":"publish","type":"product","link":"https:\/\/www.carrerivegauche.com\/fr\/boutique-crg\/pastel-petite-fille-a-la-poupee-par-berthe-burgkan\/","title":{"rendered":"Pastel, Petite fille \u00e0 la poup\u00e9e par Berthe BURGKAN"},"content":{"rendered":"<p>L&rsquo;artiste affiche son talent aussi bien dans des compositions florales classiques, dans des \u0153uvres symboliques plus complexes et des pastels.<\/p>\n<p>On peut lire dans les critiques de l&rsquo;\u00e9poque \u00a0\u00bb Il y a une note de v\u00e9rit\u00e9 tr\u00e8s os\u00e9e et tr\u00e8s personnelle dans ces t\u00eates d&rsquo;enfants rougeaude sous leur tignasse blonde : la recherche constante du vrai\u00a0\u00bb<\/p>\n<p>Notre pastel a \u00e9t\u00e9 expos\u00e9 au Mus\u00e9e de Vernon lors de l&rsquo;exposition \u00ab\u00a0La Ronde des bambins\u00a0\u00bb, 3 juin-27 ao\u00fbt 2023<\/p>\n","protected":false},"excerpt":{"rendered":"<p>Berthe BURGKAN (1855-1936)<\/p>\n<p>\u00c9l\u00e8ve \u00e0 l&rsquo;acad\u00e9mie Julian, elle est l&rsquo;\u00e9l\u00e8ve des plus grands peintres de son temps comme Gustave Boulanger, Benjamin Constant, Tony Robert Fleury.<\/p>\n<p>Elle commence \u00e0 exposer au Salon des Artistes Fran\u00e7ais \u00e0 partir de 1878. En 1891, on retrouve la trace d&rsquo;un pastel intitul\u00e9 Enfant \u00e0 la poup\u00e9e qui pourrait \u00eatre celui que nous vous pr\u00e9sentons.<\/p>\n","protected":false},"featured_media":22861,"template":"","meta":[],"product_brand":[],"product_cat":[],"product_tag":[],"class_list":{"0":"post-22870","1":"product","2":"type-product","3":"status-publish","4":"has-post-thumbnail","6":"description-off","8":"first","9":"instock","10":"shipping-taxable","11":"purchasable","12":"product-type-simple"},"aioseo_notices":[],"_links":{"self":[{"href":"https:\/\/www.carrerivegauche.com\/fr\/wp-json\/wp\/v2\/product\/22870","targetHints":{"allow":["GET"]}}],"collection":[{"href":"https:\/\/www.carrerivegauche.com\/fr\/wp-json\/wp\/v2\/product"}],"about":[{"href":"https:\/\/www.carrerivegauche.com\/fr\/wp-json\/wp\/v2\/types\/product"}],"wp:featuredmedia":[{"embeddable":true,"href":"https:\/\/www.carrerivegauche.com\/fr\/wp-json\/wp\/v2\/media\/22861"}],"wp:attachment":[{"href":"https:\/\/www.carrerivegauche.com\/fr\/wp-json\/wp\/v2\/media?parent=22870"}],"wp:term":[{"taxonomy":"product_brand","embeddable":true,"href":"https:\/\/www.carrerivegauche.com\/fr\/wp-json\/wp\/v2\/product_brand?post=22870"},{"taxonomy":"product_cat","embeddable":true,"href":"https:\/\/www.carrerivegauche.com\/fr\/wp-json\/wp\/v2\/product_cat?post=22870"},{"taxonomy":"product_tag","embeddable":true,"href":"https:\/\/www.carrerivegauche.com\/fr\/wp-json\/wp\/v2\/product_tag?post=22870"}],"curies":[{"name":"wp","href":"https:\/\/api.w.org\/{rel}","templated":true}]}}