 

{"id":22675,"date":"2023-09-30T11:25:49","date_gmt":"2023-09-30T09:25:49","guid":{"rendered":"https:\/\/www.carrerivegauche.com\/boutique-crg\/huiles-sur-toiles-arlequin-et-la-jeune-fille-au-gateau-par-luigi-corbellini\/"},"modified":"2024-06-25T16:40:09","modified_gmt":"2024-06-25T14:40:09","slug":"huiles-sur-toiles-arlequin-et-la-jeune-fille-au-gateau-par-luigi-corbellini","status":"publish","type":"product","link":"https:\/\/www.carrerivegauche.com\/fr\/boutique-crg\/huiles-sur-toiles-arlequin-et-la-jeune-fille-au-gateau-par-luigi-corbellini\/","title":{"rendered":"Huiles sur toiles, Arlequin et la jeune fille au g\u00e2teau par Luigi CORBELLINI"},"content":{"rendered":"<p>C&rsquo;est en Norv\u00e8ge qu&rsquo;il se r\u00e9fugie pendant la Seconde Guerre mondiale,<br \/>o\u00f9 l\u00e0 encore son talent l&rsquo;am\u00e8ne \u00e0 peindre l&rsquo;\u00e9lite.<br \/>Puis ce sont les \u00c9tats-Unis. De New York, qui le fascine,<br \/>\u00e0 San Francisco, Los Angeles&#8230;<br \/>Tout en continuant \u00e0 exposer \u00e0 Paris chez Durand-Ruel ou \u00e0 Bruxelles<br \/>Il expose dans tous les plus grands salons de son temps et du monde entier.<\/p>\n<p>Arlequin est une des figures centrales de l\u2019\u0153uvre de Corbellini.<br \/>Seul ou accompagn\u00e9, triste ou gai, c&rsquo;est toujours avec une touche vive, color\u00e9e et emprunt de modernit\u00e9 qu\u2019il le met en valeur.<br \/>Corbellini aime repr\u00e9senter l\u2019enfance : des jeunes filles ing\u00e9nues et souriantes et des gar\u00e7ons plus timides<\/p>\n<p>L\u2019artiste offre ici une de ses compositions les plus \u00e9tonnantes.<br \/>Structur\u00e9e en deux tableaux pouvant \u00eatre expos\u00e9 s\u00e9par\u00e9ment sans que le spectateur ne le sache (chacune des toiles \u00e9tant sign\u00e9e)<br \/>certains motifs comme la corbeille de fruits et la fen\u00eatre se retrouvent.ne formant plus qu&rsquo;une fois l\u2019\u0153uvre rapproch\u00e9e.<br \/>Corbellini ose :<br \/>L\u2019opposition entre, le homard et le g\u00e2teau,l\u2019arlequin et la jeune fille<br \/>les couleurs chaudes et froides !<br \/>\u00ab Plus ces tableaux expriment son talent, plus l\u2019audace de ses oppositions sont accrues et ardentes ! Il est bien rare qu\u2019une \u0153uvre de Corbellini ne rec\u00e8le pas une chaleur secr\u00e8te\u00bb<\/p>\n","protected":false},"excerpt":{"rendered":"<p>Dytique exceptionnelle<br \/>2 peintures \u00e0 l&rsquo;huile, pouvant \u00eatre expos\u00e9es s\u00e9par\u00e9ment.<\/p>\n<p>N\u00e9 en Italie \u00e0 Piacenza,<br \/>il est le quatri\u00e8me enfant d&rsquo;une famille de douze.<br \/>\u00c0 l&rsquo;\u00e2ge de 13 ans, il part \u00e9tudier \u00e0 l&rsquo;Acad\u00e9mie des beaux-arts de Milan, puis de Turin.<br \/>\u00c0 l&rsquo;\u00e2ge de 19 ans, il remporte un concours en Belgique et s&rsquo;y installe.<br \/>Trois ans plus tard, il rejoint Paris et s&rsquo;installe \u00e0 Montmartre.<br \/>Il rencontre les grands artistes de son temps comme Bonnard\u2026<br \/>Un jour, il peint \u00e0 Deauville en bord de mer,<br \/>le baron Robert de Rothschild l&rsquo;invite chez lui pour faire le portrait de sa fille.<br \/>Il deviendra ainsi le portraitiste officiel<br \/>la haute soci\u00e9t\u00e9, comme Maryse Basti\u00e9, la premi\u00e8re aviatrice fran\u00e7aise<\/p>\n","protected":false},"featured_media":22660,"template":"","meta":[],"product_brand":[],"product_cat":[],"product_tag":[],"class_list":{"0":"post-22675","1":"product","2":"type-product","3":"status-publish","4":"has-post-thumbnail","6":"description-off","8":"first","9":"instock","10":"shipping-taxable","11":"purchasable","12":"product-type-simple"},"aioseo_notices":[],"_links":{"self":[{"href":"https:\/\/www.carrerivegauche.com\/fr\/wp-json\/wp\/v2\/product\/22675","targetHints":{"allow":["GET"]}}],"collection":[{"href":"https:\/\/www.carrerivegauche.com\/fr\/wp-json\/wp\/v2\/product"}],"about":[{"href":"https:\/\/www.carrerivegauche.com\/fr\/wp-json\/wp\/v2\/types\/product"}],"wp:featuredmedia":[{"embeddable":true,"href":"https:\/\/www.carrerivegauche.com\/fr\/wp-json\/wp\/v2\/media\/22660"}],"wp:attachment":[{"href":"https:\/\/www.carrerivegauche.com\/fr\/wp-json\/wp\/v2\/media?parent=22675"}],"wp:term":[{"taxonomy":"product_brand","embeddable":true,"href":"https:\/\/www.carrerivegauche.com\/fr\/wp-json\/wp\/v2\/product_brand?post=22675"},{"taxonomy":"product_cat","embeddable":true,"href":"https:\/\/www.carrerivegauche.com\/fr\/wp-json\/wp\/v2\/product_cat?post=22675"},{"taxonomy":"product_tag","embeddable":true,"href":"https:\/\/www.carrerivegauche.com\/fr\/wp-json\/wp\/v2\/product_tag?post=22675"}],"curies":[{"name":"wp","href":"https:\/\/api.w.org\/{rel}","templated":true}]}}