 

{"id":22434,"date":"2023-07-25T14:42:38","date_gmt":"2023-07-25T12:42:38","guid":{"rendered":"https:\/\/www.carrerivegauche.com\/boutique-crg\/une-huile-sur-toile-saint-germain-des-pres-spar-louis-wuillaume\/"},"modified":"2023-07-25T14:52:07","modified_gmt":"2023-07-25T12:52:07","slug":"une-huile-sur-toile-saint-germain-des-pres-spar-louis-wuillaume","status":"publish","type":"product","link":"https:\/\/www.carrerivegauche.com\/fr\/boutique-crg\/une-huile-sur-toile-saint-germain-des-pres-spar-louis-wuillaume\/","title":{"rendered":"Une huile sur toile, Saint-germain-des-pr\u00e9s spar Louis WILLAUME"},"content":{"rendered":"<p>Il obtient plusieurs m\u00e9dailles au Salon des artistes fran\u00e7ais (argent et or)\u00a0; le prix Corot en 1923 et la m\u00e9daille d\u2019or pour la section gravure en 1929.<br \/>Ses toiles sont expos\u00e9es dans toute la France, mais aussi en Espagne, en Suisse et au Japon.<\/p>\n<p>Sa v\u00e9ritable passion\u00a0? Paris\u00a0!<\/p>\n<p>Il peint sur le vif ou \u00e0 partir de croquis qu\u2019il dessine en se baladant.<br \/>Il affectionne les tons gris et ses toiles sont souvent peintes dans cette gamme chromatique.<br \/>Mais ses tableaux n\u2019en restent pas moins vifs et lumineux.<\/p>\n","protected":false},"excerpt":{"rendered":"<p>Louis WILLAUME \u00a01874-1949<\/p>\n<p>Peintre fran\u00e7ais, de paysages, de villes, graveur et illustrateur.<\/p>\n<p>\u00c9l\u00e8ve du grand William Bouguereau et de Gabriel Ferrier, le peintre voit sa carri\u00e8re couronn\u00e9e de succ\u00e8s.<\/p>\n","protected":false},"featured_media":22419,"template":"","meta":[],"product_brand":[],"product_cat":[],"product_tag":[],"class_list":{"0":"post-22434","1":"product","2":"type-product","3":"status-publish","4":"has-post-thumbnail","6":"description-off","8":"first","9":"instock","10":"shipping-taxable","11":"purchasable","12":"product-type-simple"},"aioseo_notices":[],"_links":{"self":[{"href":"https:\/\/www.carrerivegauche.com\/fr\/wp-json\/wp\/v2\/product\/22434","targetHints":{"allow":["GET"]}}],"collection":[{"href":"https:\/\/www.carrerivegauche.com\/fr\/wp-json\/wp\/v2\/product"}],"about":[{"href":"https:\/\/www.carrerivegauche.com\/fr\/wp-json\/wp\/v2\/types\/product"}],"wp:featuredmedia":[{"embeddable":true,"href":"https:\/\/www.carrerivegauche.com\/fr\/wp-json\/wp\/v2\/media\/22419"}],"wp:attachment":[{"href":"https:\/\/www.carrerivegauche.com\/fr\/wp-json\/wp\/v2\/media?parent=22434"}],"wp:term":[{"taxonomy":"product_brand","embeddable":true,"href":"https:\/\/www.carrerivegauche.com\/fr\/wp-json\/wp\/v2\/product_brand?post=22434"},{"taxonomy":"product_cat","embeddable":true,"href":"https:\/\/www.carrerivegauche.com\/fr\/wp-json\/wp\/v2\/product_cat?post=22434"},{"taxonomy":"product_tag","embeddable":true,"href":"https:\/\/www.carrerivegauche.com\/fr\/wp-json\/wp\/v2\/product_tag?post=22434"}],"curies":[{"name":"wp","href":"https:\/\/api.w.org\/{rel}","templated":true}]}}