 

{"id":22318,"date":"2023-07-24T18:45:09","date_gmt":"2023-07-24T16:45:09","guid":{"rendered":"https:\/\/www.carrerivegauche.com\/boutique-crg\/huile-sur-toile-interieur-dappartement-par-paul-thomas\/"},"modified":"2024-06-25T16:41:12","modified_gmt":"2024-06-25T14:41:12","slug":"huile-sur-toile-interieur-dappartement-par-paul-thomas","status":"publish","type":"product","link":"https:\/\/www.carrerivegauche.com\/fr\/boutique-crg\/huile-sur-toile-interieur-dappartement-par-paul-thomas\/","title":{"rendered":"Huile sur toile, Int\u00e9rieur d&rsquo;appartement par Paul THOMAS"},"content":{"rendered":"<p><\/p>\n","protected":false},"excerpt":{"rendered":"<p>Paul Thomas (1859-1940)<\/p>\n<p>Peintre de sc\u00e8nes de genre, de paysages, d\u2019int\u00e9rieurs, \u2026<br \/>El\u00e8ve de Jules Lefebvre et de Gustave Boulanger aux Beaux-Arts de Paris.<\/p>\n<p>Il devient membre de la Soci\u00e9t\u00e9 des Artistes Fran\u00e7ais en 1885.<br \/>En 1885, il re\u00e7oit le deuxi\u00e8me Grand Prix de Rome.<br \/>Il obtient une m\u00e9daille de 3e classe en 1892,<br \/>une m\u00e9daille de deuxi\u00e8me classe en 1893,<br \/>et une m\u00e9daille d\u2019argent \u00e0 l\u2019Exposition universelle de 1900.<\/p>\n<p>Ces peintures sont fra\u00eeches, lumineuses avec une belle mise en sc\u00e8ne<br \/>avec un grand sens du d\u00e9tail.<\/p>\n","protected":false},"featured_media":22306,"template":"","meta":[],"product_brand":[],"product_cat":[],"product_tag":[],"class_list":{"0":"post-22318","1":"product","2":"type-product","3":"status-publish","4":"has-post-thumbnail","6":"description-off","8":"first","9":"instock","10":"shipping-taxable","11":"purchasable","12":"product-type-simple"},"aioseo_notices":[],"_links":{"self":[{"href":"https:\/\/www.carrerivegauche.com\/fr\/wp-json\/wp\/v2\/product\/22318","targetHints":{"allow":["GET"]}}],"collection":[{"href":"https:\/\/www.carrerivegauche.com\/fr\/wp-json\/wp\/v2\/product"}],"about":[{"href":"https:\/\/www.carrerivegauche.com\/fr\/wp-json\/wp\/v2\/types\/product"}],"wp:featuredmedia":[{"embeddable":true,"href":"https:\/\/www.carrerivegauche.com\/fr\/wp-json\/wp\/v2\/media\/22306"}],"wp:attachment":[{"href":"https:\/\/www.carrerivegauche.com\/fr\/wp-json\/wp\/v2\/media?parent=22318"}],"wp:term":[{"taxonomy":"product_brand","embeddable":true,"href":"https:\/\/www.carrerivegauche.com\/fr\/wp-json\/wp\/v2\/product_brand?post=22318"},{"taxonomy":"product_cat","embeddable":true,"href":"https:\/\/www.carrerivegauche.com\/fr\/wp-json\/wp\/v2\/product_cat?post=22318"},{"taxonomy":"product_tag","embeddable":true,"href":"https:\/\/www.carrerivegauche.com\/fr\/wp-json\/wp\/v2\/product_tag?post=22318"}],"curies":[{"name":"wp","href":"https:\/\/api.w.org\/{rel}","templated":true}]}}