 

{"id":22305,"date":"2023-07-24T18:39:02","date_gmt":"2023-07-24T16:39:02","guid":{"rendered":"https:\/\/www.carrerivegauche.com\/boutique-crg\/huile-sur-toile-rue-au-japon-par-louis-dumoulin\/"},"modified":"2024-06-25T16:31:36","modified_gmt":"2024-06-25T14:31:36","slug":"huile-sur-toile-rue-au-japon-par-louis-dumoulin","status":"publish","type":"product","link":"https:\/\/www.carrerivegauche.com\/fr\/boutique-crg\/huile-sur-toile-rue-au-japon-par-louis-dumoulin\/","title":{"rendered":"Huile sur toile, Rue au Japon par Louis DUMOULIN"},"content":{"rendered":"<p>De retour \u00e0 Paris en 1889, il expose une centaine de tableaux inspir\u00e9s de son voyage qui, outre le Japon, l&rsquo;a conduit notamment en Chine, en Indochine et en Malaisie, \u00e0 la galerie Georges Petit<\/p>\n<p>Onze toiles de Dumoulin issues de cette exposition seront s\u00e9lectionn\u00e9es (dont sept ayant pour th\u00e8me le Japon) par la Soci\u00e9t\u00e9 nationale des beaux-arts pour son Salon de 18905.<\/p>\n<p>Vincent van Gogh (1853-1890) a vu cette exposition et fut marqu\u00e9 par les peintures de Dumoulin.<br \/>Lors d\u2019une correspondance avec son fr\u00e8re Theo comprend deux lettres \u00e9crites il expose son d\u00e9sir de rencontrer Dumoulin (qu\u2019il \u00e9crit \u00ab Desmoulins \u00bb) comme \u00ab celui qui fait le Japon \u00bb.<\/p>\n<p>Deux de ses tableaux \u00e0 th\u00e8me japonais et inspir\u00e9s de photographies collect\u00e9es lors de son voyage acquis par l\u2019\u00c9tat fran\u00e7ais sont conserv\u00e9s \u00e0 Paris au mus\u00e9e Guimet.<\/p>\n","protected":false},"excerpt":{"rendered":"<p>Louis Jules DUMOULIN (1860-1924)<\/p>\n<p>Peintre fran\u00e7ais consid\u00e9r\u00e9 de son vivant comme un paysagiste et repr\u00e9sentant majeur du ph\u00e9nom\u00e8ne du panorama.<\/p>\n<p>C&rsquo;est aussi un peintre voyageur.<\/p>\n<p>Il effectue son premier grand voyage en dehors de l&rsquo;Europe en 1888 \u00e0 l&rsquo;occasion d&rsquo;une mission officielle au Japon ordonn\u00e9e par le minist\u00e8re de l&rsquo;Instruction publique.<\/p>\n","protected":false},"featured_media":22290,"template":"","meta":[],"product_brand":[],"product_cat":[],"product_tag":[],"class_list":{"0":"post-22305","1":"product","2":"type-product","3":"status-publish","4":"has-post-thumbnail","6":"description-off","8":"first","9":"instock","10":"shipping-taxable","11":"purchasable","12":"product-type-simple"},"aioseo_notices":[],"_links":{"self":[{"href":"https:\/\/www.carrerivegauche.com\/fr\/wp-json\/wp\/v2\/product\/22305","targetHints":{"allow":["GET"]}}],"collection":[{"href":"https:\/\/www.carrerivegauche.com\/fr\/wp-json\/wp\/v2\/product"}],"about":[{"href":"https:\/\/www.carrerivegauche.com\/fr\/wp-json\/wp\/v2\/types\/product"}],"wp:featuredmedia":[{"embeddable":true,"href":"https:\/\/www.carrerivegauche.com\/fr\/wp-json\/wp\/v2\/media\/22290"}],"wp:attachment":[{"href":"https:\/\/www.carrerivegauche.com\/fr\/wp-json\/wp\/v2\/media?parent=22305"}],"wp:term":[{"taxonomy":"product_brand","embeddable":true,"href":"https:\/\/www.carrerivegauche.com\/fr\/wp-json\/wp\/v2\/product_brand?post=22305"},{"taxonomy":"product_cat","embeddable":true,"href":"https:\/\/www.carrerivegauche.com\/fr\/wp-json\/wp\/v2\/product_cat?post=22305"},{"taxonomy":"product_tag","embeddable":true,"href":"https:\/\/www.carrerivegauche.com\/fr\/wp-json\/wp\/v2\/product_tag?post=22305"}],"curies":[{"name":"wp","href":"https:\/\/api.w.org\/{rel}","templated":true}]}}