 

{"id":22261,"date":"2023-07-20T18:16:39","date_gmt":"2023-07-20T16:16:39","guid":{"rendered":"https:\/\/www.carrerivegauche.com\/boutique-crg\/une-gouache-londres-par-gaston-prunier\/"},"modified":"2023-07-20T18:16:39","modified_gmt":"2023-07-20T16:16:39","slug":"une-gouache-londres-par-gaston-prunier","status":"publish","type":"product","link":"https:\/\/www.carrerivegauche.com\/fr\/boutique-crg\/une-gouache-londres-par-gaston-prunier\/","title":{"rendered":"Une gouache, Londres par Gaston PRUNIER"},"content":{"rendered":"<p>construction ou en d\u00e9molition et les rochers \u00e0 pic.<\/p>\n<p>Ce go\u00fbt des verticales,\u00a0des lignes ascendantes, qui am\u00e8ne l\u2019artiste \u00e0 placer la ligne d\u2019horizon tr\u00e8s bas dans le tableau est l\u2019une des caract\u00e9ristiques de son talent.<br \/>On ne saurait enfin n\u00e9gliger les nombreuses aquarelles d\u2019une facture riche sur un dessin tr\u00e8s nourri que Gaston Prunier a sign\u00e9es.<\/p>\n<p>Parmi ses autres \u0153uvres\u00a0: <em>La Rue R\u00e9aumur<\/em>, 1906\u00a0; <em>La Tamise<\/em>, 1908\u00a0; <em>Le Repos hebdomadaire<\/em>, 1909\u00a0; <em>Le Lac Majou<\/em>, 1911, de m\u00eame que plusieurs vues de Bretagne et des Pyr\u00e9n\u00e9es. Il fut charg\u00e9, en 1894, de la d\u00e9coration de l\u2019\u00e9glise de Saint-Palais dans les Pyr\u00e9n\u00e9es-Atlantiques.<\/p>\n<p>BIBLIOGRAPHIE\u00a0: G\u00e9rald Schurr, in\u00a0: <em>Les Petits Ma\u00eetres de la peinture 1820-1920, valeur de demain, <\/em>t. III, Les \u00e9ditions de l\u2019Amateur, Paris, 1976.<\/p>\n<p>MUSEES\u00a0<strong>: <\/strong>DIJON \u2013 LE HAVRE \u2013 LIMOGES \u2013 PARIS\u00a0:<em> Dimanche aux fortifications<\/em> 1904 \u2013 PARIS (Mus\u00e9e Carnavalet)\u00a0: <em>Le canal Saint-Martin<\/em> \u2013 PARIS (ancien Mus\u00e9e du Luxembourg) \u2013 TOULOUSE<\/p>\n","protected":false},"excerpt":{"rendered":"<p>PRUNIER Gaston 1863-1927<br \/>Peintre de paysages, architectures, aquarelliste, pastelliste, d\u00e9corateur.<\/p>\n<p>Il fut \u00e9l\u00e8ve de Lhuillier au Havre. Il s\u2019\u00e9tablit en 1887 \u00e0 Paris. Il a commenc\u00e9 \u00e0 exposer \u00e0 Paris en 1899 chez Bing, puis a figur\u00e9, \u00e0 Paris, \u00e0 la Soci\u00e9t\u00e9 Nationale des Beaux-Arts avec <em>La Cath\u00e9drale <\/em>en 1901 et, en 1902, un <em>Chantier de construction<\/em>.<br \/>Il devient soci\u00e9taire de ce salon en 1903.<\/p>\n","protected":false},"featured_media":22252,"template":"","meta":[],"product_brand":[],"product_cat":[],"product_tag":[],"class_list":{"0":"post-22261","1":"product","2":"type-product","3":"status-publish","4":"has-post-thumbnail","6":"description-off","8":"first","9":"instock","10":"shipping-taxable","11":"purchasable","12":"product-type-simple"},"aioseo_notices":[],"_links":{"self":[{"href":"https:\/\/www.carrerivegauche.com\/fr\/wp-json\/wp\/v2\/product\/22261","targetHints":{"allow":["GET"]}}],"collection":[{"href":"https:\/\/www.carrerivegauche.com\/fr\/wp-json\/wp\/v2\/product"}],"about":[{"href":"https:\/\/www.carrerivegauche.com\/fr\/wp-json\/wp\/v2\/types\/product"}],"wp:featuredmedia":[{"embeddable":true,"href":"https:\/\/www.carrerivegauche.com\/fr\/wp-json\/wp\/v2\/media\/22252"}],"wp:attachment":[{"href":"https:\/\/www.carrerivegauche.com\/fr\/wp-json\/wp\/v2\/media?parent=22261"}],"wp:term":[{"taxonomy":"product_brand","embeddable":true,"href":"https:\/\/www.carrerivegauche.com\/fr\/wp-json\/wp\/v2\/product_brand?post=22261"},{"taxonomy":"product_cat","embeddable":true,"href":"https:\/\/www.carrerivegauche.com\/fr\/wp-json\/wp\/v2\/product_cat?post=22261"},{"taxonomy":"product_tag","embeddable":true,"href":"https:\/\/www.carrerivegauche.com\/fr\/wp-json\/wp\/v2\/product_tag?post=22261"}],"curies":[{"name":"wp","href":"https:\/\/api.w.org\/{rel}","templated":true}]}}