 

{"id":22128,"date":"2023-07-17T15:20:24","date_gmt":"2023-07-17T13:20:24","guid":{"rendered":"https:\/\/www.carrerivegauche.com\/boutique-crg\/auguste-rodin-1840-1917-lhomme-au-nez-casse-masque-type-ii-2e-modele-1903\/"},"modified":"2023-07-17T15:20:25","modified_gmt":"2023-07-17T13:20:25","slug":"auguste-rodin-1840-1917-lhomme-au-nez-casse-masque-type-ii-2e-modele-1903","status":"publish","type":"product","link":"https:\/\/www.carrerivegauche.com\/fr\/boutique-crg\/auguste-rodin-1840-1917-lhomme-au-nez-casse-masque-type-ii-2e-modele-1903\/","title":{"rendered":"Auguste RODIN (1840-1917) L&rsquo;homme au nez cass\u00e9, masque &#8211; type II 2e mod\u00e8le (1903)"},"content":{"rendered":"<p>Tout\u00a0<span style=\"font-size: 13pt;font-family: PerpetuaStd\">jeune, Auguste Rodin impose sa vocation artistique a\u0300 son pe\u0300re et entre a\u0300 14 ans a\u0300 l\u2019E\u0301cole impe\u0301riale spe\u0301ciale de dessin et de Mathe\u0301matiques, dite \u00ab Petite e\u0301cole \u00bb. Rodin est d\u2019abord artisan avant de devenir artiste ; refuse\u0301 trois fois de suite au concours de l\u2019E\u0301cole des Beaux-Arts de Paris, il devient mac\u0327on statuaire et fait de la mise au point, de\u0301grossit les marbres, les pierres, re\u0301alise des ornements des bijoux chez un orfe\u0300vre. En 1864, il rencontre Rose Beuret qui partage sa vie jusqu\u2019a\u0300 sa mort, et dont il a un fils, Auguste. Apre\u0300s la guerre de 1870, il part en Belgique travailler pour Albert-Ernest Carrier-Belleuse (1824-1887), et participe a\u0300 la de\u0301coration de ba\u0302timents a\u0300 Bruxelles tels que le Palais des Acade\u0301mies. Sa de\u0301couverte des tombeaux de Michel-Ange, dans la sacristie de San Lorenzo a\u0300 Florence en 1876, marque de\u0301finitivement son travail.\u00a0<\/span><span style=\"font-size: 13pt;font-family: PerpetuaStd;font-style: italic\">L\u2019a\u0302ge d\u2019Airain\u00a0<\/span><span style=\"font-size: 13pt;font-family: PerpetuaStd\">(1877) en te\u0301moigne, malgre\u0301 la pole\u0301mique suscite\u0301e lors de sa pre\u0301sentation a\u0300 Bruxelles et au Salon a\u0300 Paris : l\u2019accusation de moulage sur le mode\u0300le vivant, de\u0301mentie plus tard, attire l\u2019attention sur l\u2019exceptionnelle qualite\u0301 du mode\u0300le. Les anne\u0301es 1880 marquent le de\u0301but d\u2019une production foisonnante ou\u0300 le sculpteur exalte a\u0300 la fois la volupte\u0301, la sensualite\u0301, la force, la douleur, la passion. Ce sont : la\u00a0<\/span><span style=\"font-size: 13pt;font-family: PerpetuaStd;font-style: italic\">Porte de l\u2019Enfer\u00a0<\/span><span style=\"font-size: 13pt;font-family: PerpetuaStd\">(1880-1900), Le\u00a0<\/span><span style=\"font-size: 13pt;font-family: PerpetuaStd;font-style: italic\">Baiser\u00a0<\/span><span style=\"font-size: 13pt;font-family: PerpetuaStd\">(vers 1882), les monuments de\u0301die\u0301s aux\u00a0<\/span><span style=\"font-size: 13pt;font-family: PerpetuaStd;font-style: italic\">Bourgeois de Calais\u00a0<\/span><span style=\"font-size: 13pt;font-family: PerpetuaStd\">(1889), a\u0300\u00a0<\/span><span style=\"font-size: 13pt;font-family: PerpetuaStd;font-style: italic\">Victor Hugo\u00a0<\/span><span style=\"font-size: 13pt;font-family: PerpetuaStd\">(1889-1897,1901), a\u0300\u00a0<\/span><span style=\"font-size: 13pt;font-family: PerpetuaStd;font-style: italic\">Balzac\u00a0<\/span><span style=\"font-size: 13pt;font-family: PerpetuaStd\">(1898). Ces me\u0302mes anne\u0301es voient aussi sa rencontre avec Camille Claudel (1864-1943), tour a\u0300 tour son e\u0301le\u0300ve, son mode\u0300le, sa mai\u0302tresse et sa muse. Leur rupture de\u0301finitive a lieu vers 1893. A\u0300 partir de 1890, Rodin connai\u0302t un succe\u0300s international. Il dirige de\u0301sormais trois ateliers. Il multiplie les conque\u0302tes fe\u0301minines, puis sous la coupe et l\u2019influence de la duchesse de Choiseul, il parcourt le monde avec ses expositions : Cologne, Dresde, Prague, Londres, etc. Il se lie d\u2019amitie\u0301 avec des peintres (Monet, Whistler, Legros), des danseuses (Isadora Duncan, Loi\u0308e Fuller, Hanako), un danseur (Nijinsky), des e\u0301crivains (Rilke, Zola), des sculpteurs qui ont parfois e\u0301te\u0301 ses e\u0301le\u0300ves (Boucher, Desbois, Bourdelle, Pompon). A\u0300 60 ans (en 1900), Rodin organise une exposition re\u0301trospective de son travail au pavillon de l\u2019Alma, en marge de l\u2019Exposition universelle. Le sculpteur souhaite ainsi montrer son \u0153uvre sous toutes ses formes. A\u0300 76 ans (en 1916), il tombe gravement malade. Il effectue alors trois donations de ses collections a\u0300 l\u2019E\u0301tat franc\u0327ais dans le but de cre\u0301er un muse\u0301e Rodin.<\/span><\/p>\n<div class=\"page\" title=\"Page 20\">\n<div class=\"section\">\n<div class=\"layoutArea\">\n<div class=\"column\">\n<p><span style=\"font-size: 13pt;font-family: PerpetuaStd\">Rodin a su ressusciter la sculpture qui e\u0301tait fige\u0301e jusque-la\u0300 dans la tradition acade\u0301mique en livrant une synthe\u0300se de ses fondamentaux : l\u2019art grec, l\u2019art roman, l\u2019architecture des cathe\u0301drales, l\u2019enseignement de la nature, Donatello et Michel-Ange \u2013 l\u2019art du modele\u0301, les jeux d\u2019ombre et de lumie\u0300re, la ve\u0301rite\u0301 crue des personnages loin de toute ide\u0301alisation, l\u2019exaltation des corps et de la chair, le tourment me\u0301taphysique. Conside\u0301re\u0301 comme l\u2019un des pe\u0300res de la sculpture moderne, il a re\u0301alise\u0301 environ 7000 sculptures, 10 000 dessins et 10 000 photographies.<\/span><\/p>\n<\/div>\n<\/div>\n<\/div>\n<\/div>\n","protected":false},"excerpt":{"rendered":"<p dir=\"ltr\" style=\"line-height: 1.2;margin-top: 0pt;margin-bottom: 0pt\"><span>Bronze \u00e0 patine nuanc\u00e9 noir vert, sign\u00e9 \u00ab A. Rodin \u00bb et marqu\u00e9 \u00ab A. Rodin \u00bb en relief \u00e0 l\u2019int\u00e9rieur.\u00a0<\/span><\/p>\n<p dir=\"ltr\" style=\"line-height: 1.2;margin-top: 0pt;margin-bottom: 0pt\"><span>Fonte d&rsquo;Alexis Rudier, porte la signature du fondeur.<\/span><\/p>\n<p dir=\"ltr\" style=\"line-height: 1.2;margin-top: 0pt;margin-bottom: 0pt\"><span>Hauteur totale avec pi\u00e9douche en onyx\u00a0 37,5 cm.<\/span><\/p>\n<p dir=\"ltr\" style=\"line-height: 1.2;margin-top: 0pt;margin-bottom: 0pt\"><span>Circa 1926<\/span><\/p>\n<p dir=\"ltr\" style=\"line-height: 1.2;margin-top: 0pt;margin-bottom: 0pt\"><span>Provenance: Mus\u00e9e Rodin, Paris. Eug\u00e8ne Rudier , Le V\u00e9sinet (acquis du pr\u00e9c\u00e8dent , 1942) Madame Adolphine Lanothe veuve Rudier (par descendance, 1952) Monsieur Raymond Subes, Paris (par descendance, 1957) Madame Raymond Subes n\u00e9e Mathilde Berton (par descendance, 1970) Madame Andr\u00e9 Subes (par descendance, 2001) Par descendance.<\/span><\/p>\n<p dir=\"ltr\" style=\"line-height: 1.2;margin-top: 0pt;margin-bottom: 0pt\"><span>Sera inclus dans le catalogue critique de l\u2019\u0153uvre sculpte\u0301 d\u2019Auguste Rodin, actuellement en pre\u0301paration a\u0300 la galerie Brame &amp; Lorenceau, sous la direction de Je\u0301ro\u0302me Le Blay sous le n\u00b0 <\/span><span>2023-68606<\/span><\/p>\n<p><span id=\"docs-internal-guid-3baf2aa8-7fff-7efd-fb2f-a52a7d1c9ee3\"><span>Bibliographie : A. Le Normand-Romain, <\/span><span>Rodin et le bronze, catalogue des \u0153uvres conserv\u00e9es au mus\u00e9e Rodin<\/span><span>, 2007, tome 2, pages 415 et 416 , mod\u00e8le reproduit<\/span><span> <\/span><span>p. 414 et 415<\/span><\/span><br data-mce-bogus=\"1\"><\/p>\n","protected":false},"featured_media":22116,"template":"","meta":[],"product_brand":[],"product_cat":[],"product_tag":[],"class_list":{"0":"post-22128","1":"product","2":"type-product","3":"status-publish","4":"has-post-thumbnail","6":"description-off","8":"first","9":"instock","10":"shipping-taxable","11":"product-type-simple"},"aioseo_notices":[],"_links":{"self":[{"href":"https:\/\/www.carrerivegauche.com\/fr\/wp-json\/wp\/v2\/product\/22128","targetHints":{"allow":["GET"]}}],"collection":[{"href":"https:\/\/www.carrerivegauche.com\/fr\/wp-json\/wp\/v2\/product"}],"about":[{"href":"https:\/\/www.carrerivegauche.com\/fr\/wp-json\/wp\/v2\/types\/product"}],"wp:featuredmedia":[{"embeddable":true,"href":"https:\/\/www.carrerivegauche.com\/fr\/wp-json\/wp\/v2\/media\/22116"}],"wp:attachment":[{"href":"https:\/\/www.carrerivegauche.com\/fr\/wp-json\/wp\/v2\/media?parent=22128"}],"wp:term":[{"taxonomy":"product_brand","embeddable":true,"href":"https:\/\/www.carrerivegauche.com\/fr\/wp-json\/wp\/v2\/product_brand?post=22128"},{"taxonomy":"product_cat","embeddable":true,"href":"https:\/\/www.carrerivegauche.com\/fr\/wp-json\/wp\/v2\/product_cat?post=22128"},{"taxonomy":"product_tag","embeddable":true,"href":"https:\/\/www.carrerivegauche.com\/fr\/wp-json\/wp\/v2\/product_tag?post=22128"}],"curies":[{"name":"wp","href":"https:\/\/api.w.org\/{rel}","templated":true}]}}