 

{"id":21851,"date":"2023-06-29T14:07:04","date_gmt":"2023-06-29T12:07:04","guid":{"rendered":"https:\/\/www.carrerivegauche.com\/boutique-crg\/table-liseuse-en-amarante-milieu-xviii\/"},"modified":"2024-11-18T13:43:02","modified_gmt":"2024-11-18T12:43:02","slug":"table-liseuse-en-amarante-milieu-xviii","status":"publish","type":"product","link":"https:\/\/www.carrerivegauche.com\/fr\/boutique-crg\/table-liseuse-en-amarante-milieu-xviii\/","title":{"rendered":"Table liseuse en amarante milieu XVIII\u00b0 \/ Amaranth riding table mid 18th century"},"content":{"rendered":"<p>Rare riding or water colorist table in amaranth and rosewood filets, flap opening at the top and two lateral drawers, the law spacer with double drawers. Rich carved and gilded bronze ornament. Parisian work late Louis XV period mid 18th century.<br \/>Size in inches : wide 28 X depth 17 X height 28<\/p>\n","protected":false},"excerpt":{"rendered":"<p>Rare table liseuse ou d&rsquo;aquarelliste en amarante et filets de bois de rose, le plateau ouvrant en son centre par un abattant et deux tiroirs lat\u00e9raux, l&rsquo;entretoise basse r\u00e9v\u00e9lant \u00e9galement deux tiroirs lat\u00e9raux ; riche ornementation de bronzes cisel\u00e9s et dor\u00e9s telle que entr\u00e9es, ch\u00fbtes, sabots. Travail Parisien fin du l&rsquo;\u00e9poque Louis XV milieu du XVIII\u00b0 si\u00e8cle.<\/p>\n","protected":false},"featured_media":21818,"template":"","meta":[],"product_brand":[],"product_cat":[],"product_tag":[],"class_list":{"0":"post-21851","1":"product","2":"type-product","3":"status-publish","4":"has-post-thumbnail","6":"description-off","8":"first","9":"instock","10":"shipping-taxable","11":"purchasable","12":"product-type-simple"},"aioseo_notices":[],"_links":{"self":[{"href":"https:\/\/www.carrerivegauche.com\/fr\/wp-json\/wp\/v2\/product\/21851","targetHints":{"allow":["GET"]}}],"collection":[{"href":"https:\/\/www.carrerivegauche.com\/fr\/wp-json\/wp\/v2\/product"}],"about":[{"href":"https:\/\/www.carrerivegauche.com\/fr\/wp-json\/wp\/v2\/types\/product"}],"wp:featuredmedia":[{"embeddable":true,"href":"https:\/\/www.carrerivegauche.com\/fr\/wp-json\/wp\/v2\/media\/21818"}],"wp:attachment":[{"href":"https:\/\/www.carrerivegauche.com\/fr\/wp-json\/wp\/v2\/media?parent=21851"}],"wp:term":[{"taxonomy":"product_brand","embeddable":true,"href":"https:\/\/www.carrerivegauche.com\/fr\/wp-json\/wp\/v2\/product_brand?post=21851"},{"taxonomy":"product_cat","embeddable":true,"href":"https:\/\/www.carrerivegauche.com\/fr\/wp-json\/wp\/v2\/product_cat?post=21851"},{"taxonomy":"product_tag","embeddable":true,"href":"https:\/\/www.carrerivegauche.com\/fr\/wp-json\/wp\/v2\/product_tag?post=21851"}],"curies":[{"name":"wp","href":"https:\/\/api.w.org\/{rel}","templated":true}]}}