 

{"id":21176,"date":"2023-05-31T18:26:04","date_gmt":"2023-05-31T16:26:04","guid":{"rendered":"https:\/\/www.carrerivegauche.com\/boutique-crg\/frank-will-1900-1951-dunkerque\/"},"modified":"2023-05-31T18:26:04","modified_gmt":"2023-05-31T16:26:04","slug":"frank-will-1900-1951-dunkerque","status":"publish","type":"product","link":"https:\/\/www.carrerivegauche.com\/fr\/boutique-crg\/frank-will-1900-1951-dunkerque\/","title":{"rendered":"Frank-will (1900-1951) Dunkerque"},"content":{"rendered":"<p>Frank-Will (1900-1951) Dunkirk<\/p>\n<p>Large watercolor on paper signed lower left and titled lower right<\/p>\n<p>71 x 114 cm<\/p>\n","protected":false},"excerpt":{"rendered":"<div data-cke-filler-webkit=\"start\" data-cke-temp=\"1\" style=\"width: 0px;height: 0px;padding: 0px;border: 0px;margin: 0px;overflow: hidden\">\u00a0<\/div>\n<div data-cke-filler-webkit=\"start\" data-cke-temp=\"1\" style=\"width: 0px;height: 0px;padding: 0px;border: 0px;margin: 0px;overflow: hidden\">\u00a0<\/div>\n<p>Frank-Will (1900-1951)<br \/>Dunkerque<br \/>Grande aquarelle sur papier sign\u00e9 en bas \u00e0 gauche et titr\u00e9 en bas \u00e0 droite<br \/>71 x 114 cm<\/p>\n<div data-cke-filler-webkit=\"end\" data-cke-temp=\"1\" style=\"width: 0px;height: 0px;padding: 0px;border: 0px;margin: 0px;overflow: hidden\">\u00a0<\/div>\n<div data-cke-filler-webkit=\"end\" data-cke-temp=\"1\" style=\"width: 0px;height: 0px;padding: 0px;border: 0px;margin: 0px;overflow: hidden\">\u00a0<\/div>\n","protected":false},"featured_media":21173,"template":"","meta":[],"product_brand":[],"product_cat":[],"product_tag":[],"class_list":{"0":"post-21176","1":"product","2":"type-product","3":"status-publish","4":"has-post-thumbnail","6":"description-off","8":"first","9":"instock","10":"shipping-taxable","11":"product-type-simple"},"aioseo_notices":[],"_links":{"self":[{"href":"https:\/\/www.carrerivegauche.com\/fr\/wp-json\/wp\/v2\/product\/21176","targetHints":{"allow":["GET"]}}],"collection":[{"href":"https:\/\/www.carrerivegauche.com\/fr\/wp-json\/wp\/v2\/product"}],"about":[{"href":"https:\/\/www.carrerivegauche.com\/fr\/wp-json\/wp\/v2\/types\/product"}],"wp:featuredmedia":[{"embeddable":true,"href":"https:\/\/www.carrerivegauche.com\/fr\/wp-json\/wp\/v2\/media\/21173"}],"wp:attachment":[{"href":"https:\/\/www.carrerivegauche.com\/fr\/wp-json\/wp\/v2\/media?parent=21176"}],"wp:term":[{"taxonomy":"product_brand","embeddable":true,"href":"https:\/\/www.carrerivegauche.com\/fr\/wp-json\/wp\/v2\/product_brand?post=21176"},{"taxonomy":"product_cat","embeddable":true,"href":"https:\/\/www.carrerivegauche.com\/fr\/wp-json\/wp\/v2\/product_cat?post=21176"},{"taxonomy":"product_tag","embeddable":true,"href":"https:\/\/www.carrerivegauche.com\/fr\/wp-json\/wp\/v2\/product_tag?post=21176"}],"curies":[{"name":"wp","href":"https:\/\/api.w.org\/{rel}","templated":true}]}}