 

{"id":21130,"date":"2023-05-31T18:18:41","date_gmt":"2023-05-31T16:18:41","guid":{"rendered":"https:\/\/www.carrerivegauche.com\/boutique-crg\/commode-depoque-louis-xvi-en-acajou-attribuee-a-etienne-avril\/"},"modified":"2023-05-31T18:18:41","modified_gmt":"2023-05-31T16:18:41","slug":"commode-depoque-louis-xvi-en-acajou-attribuee-a-etienne-avril","status":"publish","type":"product","link":"https:\/\/www.carrerivegauche.com\/fr\/boutique-crg\/commode-depoque-louis-xvi-en-acajou-attribuee-a-etienne-avril\/","title":{"rendered":"Commode d&rsquo;\u00e9poque Louis XVI En Acajou attribu\u00e9e \u00e0 Etienne Avril"},"content":{"rendered":"<div data-cke-filler-webkit=\"start\" data-cke-temp=\"1\" style=\"width: 0px;height: 0px;padding: 0px;border: 0px;margin: 0px;overflow: hidden\">\u00a0<\/div>\n<p>Mahogany chest of drawers opening with five drawers in three rows, the two lower drawers without crossbar, the molded white Carrara marble top with groove on field resting on rounded fluted uprights terminated by tapered feet decorated with gilt bronze clogs.<\/p>\n<p>Work from the Louis XVI period attributed to Etienne Avril (1748-24 June 1791); received master on November 23, 1774.<\/p>\n<p>Dimensions:<\/p>\n<p>88cm H x 128cm W x 59cm D<\/p>\n<div data-cke-filler-webkit=\"end\" data-cke-temp=\"1\" style=\"width: 0px;height: 0px;padding: 0px;border: 0px;margin: 0px;overflow: hidden\">\u00a0<\/div>\n","protected":false},"excerpt":{"rendered":"<div data-cke-filler-webkit=\"start\" data-cke-temp=\"1\" style=\"width: 0px;height: 0px;padding: 0px;border: 0px;margin: 0px;overflow: hidden\">\u00a0<\/div>\n<div data-cke-filler-webkit=\"start\" data-cke-temp=\"1\" style=\"width: 0px;height: 0px;padding: 0px;border: 0px;margin: 0px;overflow: hidden\">\u00a0<\/div>\n<p>Commode en acajou moulure\u0301 ouvrant par cinq tiroirs sur trois rangs, les deux tiroirs du bas sans traverse, le dessus de marbre blanc carrare moulur\u00e9 \u00e0 gorge sur champ reposant sur des montants arrondis a\u0300 cannelures termine\u0301s par des pieds fusele\u0301s d\u00e9cor\u00e9 de sabots en bronze dor\u00e9.<br \/>Travail d\u2019\u00e9poque Louis XVI attribu\u00e9 \u00e0 Etienne Avril (1748-24 juin 1791); re\u00e7u ma\u00eetre le 23 novembre 1774.<br \/>Dimensions\u00a0:<br \/>88 cm H x 128 cm L x 59 cm P<\/p>\n<div data-cke-filler-webkit=\"end\" data-cke-temp=\"1\" style=\"width: 0px;height: 0px;padding: 0px;border: 0px;margin: 0px;overflow: hidden\">\u00a0<\/div>\n<div data-cke-filler-webkit=\"end\" data-cke-temp=\"1\" style=\"width: 0px;height: 0px;padding: 0px;border: 0px;margin: 0px;overflow: hidden\">\u00a0<\/div>\n","protected":false},"featured_media":21100,"template":"","meta":[],"product_brand":[],"product_cat":[],"product_tag":[],"class_list":{"0":"post-21130","1":"product","2":"type-product","3":"status-publish","4":"has-post-thumbnail","6":"description-off","8":"first","9":"instock","10":"shipping-taxable","11":"product-type-simple"},"aioseo_notices":[],"_links":{"self":[{"href":"https:\/\/www.carrerivegauche.com\/fr\/wp-json\/wp\/v2\/product\/21130","targetHints":{"allow":["GET"]}}],"collection":[{"href":"https:\/\/www.carrerivegauche.com\/fr\/wp-json\/wp\/v2\/product"}],"about":[{"href":"https:\/\/www.carrerivegauche.com\/fr\/wp-json\/wp\/v2\/types\/product"}],"wp:featuredmedia":[{"embeddable":true,"href":"https:\/\/www.carrerivegauche.com\/fr\/wp-json\/wp\/v2\/media\/21100"}],"wp:attachment":[{"href":"https:\/\/www.carrerivegauche.com\/fr\/wp-json\/wp\/v2\/media?parent=21130"}],"wp:term":[{"taxonomy":"product_brand","embeddable":true,"href":"https:\/\/www.carrerivegauche.com\/fr\/wp-json\/wp\/v2\/product_brand?post=21130"},{"taxonomy":"product_cat","embeddable":true,"href":"https:\/\/www.carrerivegauche.com\/fr\/wp-json\/wp\/v2\/product_cat?post=21130"},{"taxonomy":"product_tag","embeddable":true,"href":"https:\/\/www.carrerivegauche.com\/fr\/wp-json\/wp\/v2\/product_tag?post=21130"}],"curies":[{"name":"wp","href":"https:\/\/api.w.org\/{rel}","templated":true}]}}