 

{"id":21075,"date":"2023-05-30T18:30:46","date_gmt":"2023-05-30T16:30:46","guid":{"rendered":"https:\/\/www.carrerivegauche.com\/boutique-crg\/paire-de-consoles-dapplique-en-bois-dore\/"},"modified":"2023-05-30T18:30:46","modified_gmt":"2023-05-30T16:30:46","slug":"paire-de-consoles-dapplique-en-bois-dore","status":"publish","type":"product","link":"https:\/\/www.carrerivegauche.com\/fr\/boutique-crg\/paire-de-consoles-dapplique-en-bois-dore\/","title":{"rendered":"Paire De Consoles d&rsquo;Applique En Bois Dor\u00e9"},"content":{"rendered":"<div data-cke-filler-webkit=\"start\" data-cke-temp=\"1\" style=\"width: 0px;height: 0px;padding: 0px;border: 0px;margin: 0px;overflow: hidden\">\u00a0<\/div>\n<p>Pair of Regence giltwood console with foliate and floral pattern.<br \/>Flanders marble top.<br \/>Work probably German from the 18th century.<br \/>DIMENSIONS<br \/>71 cm\u00a0H\u00a0x\u00a078 cm\u00a0W\u00a0x\u00a050 cm\u00a0D<\/p>\n<div data-cke-filler-webkit=\"end\" data-cke-temp=\"1\" style=\"width: 0px;height: 0px;padding: 0px;border: 0px;margin: 0px;overflow: hidden\">\u00a0<\/div>\n","protected":false},"excerpt":{"rendered":"<div data-cke-filler-webkit=\"start\" data-cke-temp=\"1\" style=\"width: 0px;height: 0px;padding: 0px;border: 0px;margin: 0px;overflow: hidden\">\u00a0<\/div>\n<p>Paire de consoles d&rsquo;applique en bois dor\u00e9 \u00e0 d\u00e9cor feuillag\u00e9 et frises de perles.<br \/>Plateau de marbre des Flandres<br \/>Travail probablement allemand du XVIIIe si\u00e8cle<\/p>\n<p>71 cm H x 78 cm L x 50 cm P<br data-mce-bogus=\"1\"><\/p>\n<div data-cke-filler-webkit=\"end\" data-cke-temp=\"1\" style=\"width: 0px;height: 0px;padding: 0px;border: 0px;margin: 0px;overflow: hidden\">\u00a0<\/div>\n","protected":false},"featured_media":21066,"template":"","meta":[],"product_brand":[],"product_cat":[],"product_tag":[],"class_list":{"0":"post-21075","1":"product","2":"type-product","3":"status-publish","4":"has-post-thumbnail","6":"description-off","8":"first","9":"instock","10":"shipping-taxable","11":"product-type-simple"},"aioseo_notices":[],"_links":{"self":[{"href":"https:\/\/www.carrerivegauche.com\/fr\/wp-json\/wp\/v2\/product\/21075","targetHints":{"allow":["GET"]}}],"collection":[{"href":"https:\/\/www.carrerivegauche.com\/fr\/wp-json\/wp\/v2\/product"}],"about":[{"href":"https:\/\/www.carrerivegauche.com\/fr\/wp-json\/wp\/v2\/types\/product"}],"wp:featuredmedia":[{"embeddable":true,"href":"https:\/\/www.carrerivegauche.com\/fr\/wp-json\/wp\/v2\/media\/21066"}],"wp:attachment":[{"href":"https:\/\/www.carrerivegauche.com\/fr\/wp-json\/wp\/v2\/media?parent=21075"}],"wp:term":[{"taxonomy":"product_brand","embeddable":true,"href":"https:\/\/www.carrerivegauche.com\/fr\/wp-json\/wp\/v2\/product_brand?post=21075"},{"taxonomy":"product_cat","embeddable":true,"href":"https:\/\/www.carrerivegauche.com\/fr\/wp-json\/wp\/v2\/product_cat?post=21075"},{"taxonomy":"product_tag","embeddable":true,"href":"https:\/\/www.carrerivegauche.com\/fr\/wp-json\/wp\/v2\/product_tag?post=21075"}],"curies":[{"name":"wp","href":"https:\/\/api.w.org\/{rel}","templated":true}]}}