 

{"id":21046,"date":"2023-05-27T18:41:10","date_gmt":"2023-05-27T16:41:10","guid":{"rendered":"https:\/\/www.carrerivegauche.com\/boutique-crg\/table-basse-a-plateau-attribuee-a-romeo-rega\/"},"modified":"2023-05-27T18:41:10","modified_gmt":"2023-05-27T16:41:10","slug":"table-basse-a-plateau-attribuee-a-romeo-rega","status":"publish","type":"product","link":"https:\/\/www.carrerivegauche.com\/fr\/boutique-crg\/table-basse-a-plateau-attribuee-a-romeo-rega\/","title":{"rendered":"Table Basse \u00e0 Plateau, Attribu\u00e9e \u00e0 Rom\u00e9o Rega"},"content":{"rendered":"<p>Coffee table with tray, attributed to Rom\u00e9o Rega, composed of a glass tray housing a painted wooden panel decorated with grotesques, lined with a mold and resting on a square section metal base, joined by a spacer.<\/p>\n<p>Dimensions:<\/p>\n<p>51cm H x 145cm W x 127cm D<\/p>\n<p>REGA Romeo (1904-1968). Italian designer, is one of the creators combining inventiveness and elegance in his work, with a strong modernist influence at the dawn of the 1970s. His work is found in furniture with graphic and geometric lines, even futuristic. Rega&rsquo;s furniture is characterized by geometric and reduced forms. His creations are almost always gold, chrome or plated in brass, adding the elegance and charm for which Rega is known to sleek modernist pieces. Although there is little verifiable information, some sources claim that Rega worked with famous designers Willy Rizzo and the prolific Gabriella Crespi, due to the similar aesthetics of the three designers. With many pieces dedicated to entertaining, such as coffee tables with display cabinets and liquor cabinets, side tables, bookshelves and decorative desk lamps, Rega&rsquo;s work is popular with Hollywood Regency design enthusiasts and designers alike. 1970s.<\/p>\n","protected":false},"excerpt":{"rendered":"<p>Table basse \u00e0 plateau, attribu\u00e9e \u00e0 Rom\u00e9o Rega, compos\u00e9e d&rsquo;un plateau en verre abritant un panneau en bois peint \u00e0 d\u00e9cor de grotesques, doubl\u00e9 d&rsquo;un moule et reposant sur un pi\u00e8tement en m\u00e9tal de section carr\u00e9e, r\u00e9uni par une entretoise.<\/p>\n<p>Dimensions:<\/p>\n<p>51 cm H x 145 cm L x 127 cm P<\/p>\n<p>REGA Rom\u00e9o (1904-1968). Designer italien, fait partie des cr\u00e9ateurs alliant inventivit\u00e9 et \u00e9l\u00e9gance dans son travail, avec une forte influence moderniste \u00e0 l&rsquo;aube des ann\u00e9es 1970. Son travail se retrouve dans des meubles aux lignes graphiques et g\u00e9om\u00e9triques, voire futuristes. Les meubles Rega se caract\u00e9risent par des formes g\u00e9om\u00e9triques et r\u00e9duites. Ses cr\u00e9ations sont presque toujours dor\u00e9es, chrom\u00e9es ou plaqu\u00e9es en laiton, ajoutant l&rsquo;\u00e9l\u00e9gance et le charme qui font la r\u00e9putation de Rega aux pi\u00e8ces modernistes \u00e9pur\u00e9es. Bien qu&rsquo;il existe peu d&rsquo;informations v\u00e9rifiables, certaines sources affirment que la Rega a travaill\u00e9 avec les c\u00e9l\u00e8bres designers Willy Rizzo et la prolifique Gabriella Crespi, en raison de l&rsquo;esth\u00e9tique similaire des trois designers. Avec de nombreuses pi\u00e8ces d\u00e9di\u00e9es au divertissement, telles que des tables basses avec vitrines et caves \u00e0 liqueurs, des tables d&rsquo;appoint, des \u00e9tag\u00e8res et des lampes de bureau d\u00e9coratives, le travail de Rega est populaire aupr\u00e8s des amateurs de design Hollywood Regency et des designers. ann\u00e9es 1970.<\/p>\n","protected":false},"featured_media":21043,"template":"","meta":[],"product_brand":[],"product_cat":[],"product_tag":[],"class_list":{"0":"post-21046","1":"product","2":"type-product","3":"status-publish","4":"has-post-thumbnail","6":"description-off","8":"first","9":"instock","10":"shipping-taxable","11":"product-type-simple"},"aioseo_notices":[],"_links":{"self":[{"href":"https:\/\/www.carrerivegauche.com\/fr\/wp-json\/wp\/v2\/product\/21046","targetHints":{"allow":["GET"]}}],"collection":[{"href":"https:\/\/www.carrerivegauche.com\/fr\/wp-json\/wp\/v2\/product"}],"about":[{"href":"https:\/\/www.carrerivegauche.com\/fr\/wp-json\/wp\/v2\/types\/product"}],"wp:featuredmedia":[{"embeddable":true,"href":"https:\/\/www.carrerivegauche.com\/fr\/wp-json\/wp\/v2\/media\/21043"}],"wp:attachment":[{"href":"https:\/\/www.carrerivegauche.com\/fr\/wp-json\/wp\/v2\/media?parent=21046"}],"wp:term":[{"taxonomy":"product_brand","embeddable":true,"href":"https:\/\/www.carrerivegauche.com\/fr\/wp-json\/wp\/v2\/product_brand?post=21046"},{"taxonomy":"product_cat","embeddable":true,"href":"https:\/\/www.carrerivegauche.com\/fr\/wp-json\/wp\/v2\/product_cat?post=21046"},{"taxonomy":"product_tag","embeddable":true,"href":"https:\/\/www.carrerivegauche.com\/fr\/wp-json\/wp\/v2\/product_tag?post=21046"}],"curies":[{"name":"wp","href":"https:\/\/api.w.org\/{rel}","templated":true}]}}