 

{"id":21014,"date":"2023-05-27T18:29:15","date_gmt":"2023-05-27T16:29:15","guid":{"rendered":"https:\/\/www.carrerivegauche.com\/boutique-crg\/paire-de-nubiens-venitiens-et-candelabres-en-verre-de-murano\/"},"modified":"2023-05-27T18:29:15","modified_gmt":"2023-05-27T16:29:15","slug":"paire-de-nubiens-venitiens-et-candelabres-en-verre-de-murano","status":"publish","type":"product","link":"https:\/\/www.carrerivegauche.com\/fr\/boutique-crg\/paire-de-nubiens-venitiens-et-candelabres-en-verre-de-murano\/","title":{"rendered":"Paire De Nubiens V\u00e9nitiens Et Cand\u00e9labres En Verre De Murano"},"content":{"rendered":"<div data-cke-filler-webkit=\"start\" data-cke-temp=\"1\" style=\"width: 0px;height: 0px;padding: 0px;border: 0px;margin: 0px;overflow: hidden\">\u00a0<\/div>\n<div data-cke-filler-webkit=\"start\" data-cke-temp=\"1\" style=\"width: 0px;height: 0px;padding: 0px;border: 0px;margin: 0px;overflow: hidden\">\u00a0<\/div>\n<div data-cke-filler-webkit=\"start\" data-cke-temp=\"1\" style=\"width: 0px;height: 0px;padding: 0px;border: 0px;margin: 0px;overflow: hidden\">\u00a0<\/div>\n<p>Exceptional Venetian Nubian Torcheres in Painted Wood<br \/>Pair of Venetian Nubian torcheres in painted and giltwood with girandoles in Murano glass.\u00a0 Italian work from the beginning of the 19th century.<br \/>175 cm H x 45 cm W x 45 cm D<\/p>\n<div data-cke-filler-webkit=\"end\" data-cke-temp=\"1\" style=\"width: 0px;height: 0px;padding: 0px;border: 0px;margin: 0px;overflow: hidden\">\u00a0<\/div>\n<div data-cke-filler-webkit=\"end\" data-cke-temp=\"1\" style=\"width: 0px;height: 0px;padding: 0px;border: 0px;margin: 0px;overflow: hidden\">\u00a0<\/div>\n<div data-cke-filler-webkit=\"end\" data-cke-temp=\"1\" style=\"width: 0px;height: 0px;padding: 0px;border: 0px;margin: 0px;overflow: hidden\">\u00a0<\/div>\n","protected":false},"excerpt":{"rendered":"<div data-cke-filler-webkit=\"start\" data-cke-temp=\"1\" style=\"width: 0px;height: 0px;padding: 0px;border: 0px;margin: 0px;overflow: hidden\">\u00a0<\/div>\n<div data-cke-filler-webkit=\"start\" data-cke-temp=\"1\" style=\"width: 0px;height: 0px;padding: 0px;border: 0px;margin: 0px;overflow: hidden\">\u00a0<\/div>\n<div data-cke-filler-webkit=\"start\" data-cke-temp=\"1\" style=\"width: 0px;height: 0px;padding: 0px;border: 0px;margin: 0px;overflow: hidden\">\u00a0<\/div>\n<p>Paire de Nubiens v\u00e9nitiens en bois laqu\u00e9 noir polychrome et cand\u00e9labres en verre de Murano<br \/>\u00e9poque d\u00e9but du XIXe si\u00e8cle<br \/>Dimensions : 175 x 45 x 45 cm<\/p>\n<div data-cke-filler-webkit=\"end\" data-cke-temp=\"1\" style=\"width: 0px;height: 0px;padding: 0px;border: 0px;margin: 0px;overflow: hidden\">\u00a0<\/div>\n<div data-cke-filler-webkit=\"end\" data-cke-temp=\"1\" style=\"width: 0px;height: 0px;padding: 0px;border: 0px;margin: 0px;overflow: hidden\">\u00a0<\/div>\n<div data-cke-filler-webkit=\"end\" data-cke-temp=\"1\" style=\"width: 0px;height: 0px;padding: 0px;border: 0px;margin: 0px;overflow: hidden\">\u00a0<\/div>\n","protected":false},"featured_media":21005,"template":"","meta":[],"product_brand":[],"product_cat":[],"product_tag":[],"class_list":{"0":"post-21014","1":"product","2":"type-product","3":"status-publish","4":"has-post-thumbnail","6":"description-off","8":"first","9":"instock","10":"shipping-taxable","11":"product-type-simple"},"aioseo_notices":[],"_links":{"self":[{"href":"https:\/\/www.carrerivegauche.com\/fr\/wp-json\/wp\/v2\/product\/21014","targetHints":{"allow":["GET"]}}],"collection":[{"href":"https:\/\/www.carrerivegauche.com\/fr\/wp-json\/wp\/v2\/product"}],"about":[{"href":"https:\/\/www.carrerivegauche.com\/fr\/wp-json\/wp\/v2\/types\/product"}],"wp:featuredmedia":[{"embeddable":true,"href":"https:\/\/www.carrerivegauche.com\/fr\/wp-json\/wp\/v2\/media\/21005"}],"wp:attachment":[{"href":"https:\/\/www.carrerivegauche.com\/fr\/wp-json\/wp\/v2\/media?parent=21014"}],"wp:term":[{"taxonomy":"product_brand","embeddable":true,"href":"https:\/\/www.carrerivegauche.com\/fr\/wp-json\/wp\/v2\/product_brand?post=21014"},{"taxonomy":"product_cat","embeddable":true,"href":"https:\/\/www.carrerivegauche.com\/fr\/wp-json\/wp\/v2\/product_cat?post=21014"},{"taxonomy":"product_tag","embeddable":true,"href":"https:\/\/www.carrerivegauche.com\/fr\/wp-json\/wp\/v2\/product_tag?post=21014"}],"curies":[{"name":"wp","href":"https:\/\/api.w.org\/{rel}","templated":true}]}}