 

{"id":20761,"date":"2023-05-13T14:13:00","date_gmt":"2023-05-13T12:13:00","guid":{"rendered":"https:\/\/www.carrerivegauche.com\/boutique-crg\/huile-sur-toile-les-montagne-suisse-par-philippe-robert\/"},"modified":"2024-06-25T16:42:12","modified_gmt":"2024-06-25T14:42:12","slug":"huile-sur-toile-les-montagne-suisse-par-philippe-robert","status":"publish","type":"product","link":"https:\/\/www.carrerivegauche.com\/fr\/boutique-crg\/huile-sur-toile-les-montagne-suisse-par-philippe-robert\/","title":{"rendered":"Huile sur toile, Les montagne suisse par Philippe ROBERT"},"content":{"rendered":"<p>Philippe Robert se d\u00e9tache des peintres de sa famille avec une touche r\u00e9solument plus moderne, inscrite dans son temps<\/p>\n<p>Souvent pass\u00e9s par la France, mais aussi par l\u2019Allemagne et l\u2019Italie, les peintres suisses sont influenc\u00e9s par Gauguin et Van Gogh.\u00a0\u00c0\u00a0l&rsquo;heure de l&rsquo;industrialisation, ils\u00a0explorent \u00a0\u00bb\u00a0leurs sp\u00e9cificit\u00e9s suisses, la montagne, le monde rural, tout en rejetant un naturalisme formel et privil\u00e9giant plut\u00f4t les exp\u00e9rimentations formelles et\u00a0chromatiques.<\/p>\n<p>Sa touche est granuleuse, il utilise peu de peinture, mais la travaille adroitement et finement.\u00a0Ses \u0153uvres sont gaies et lumineuses.<br \/>Ses paysages sont caract\u00e9ris\u00e9s par une large perspective avec des ciels tr\u00e8s \u00e9labor\u00e9s et ses paysages transportent le spectateur vers une douce r\u00eaverie.<\/p>\n<p>Notre tableau repr\u00e9sente surement le Val d\u2019Orvin\u00a0sur Bienne une r\u00e9gion de Suisse qu\u2019il a peint \u00e0 de nombreuses\u00a0reprises.<\/p>\n<p>Une fondation associ\u00e9e au Mus\u00e9e de Bienne est consacr\u00e9e \u00e0 la famille Robert. On y retrouve de nombreuses \u0153uvres de Philippe qui a essentiellement consacr\u00e9 sa peinture aux paysages.<\/p>\n","protected":false},"excerpt":{"rendered":"<p>Philippe ROBERT 1881-1930<\/p>\n<p>Est un peintre, illustrateur, d\u00e9corateur de fresques et pour des objets en bois, Suisse issu d\u2019une grande famille de peintre.<\/p>\n<p>Philippe Robert est tr\u00e8s croyant et s\u2019oriente d\u2019abord vers des \u00e9tudes de th\u00e9ologie durant 5 ans.<br \/>Il entreprend ensuite de nombreux voyages. Dans son pays d\u2019abord, puis en Europe et au Moyen-Orient.<\/p>\n<p>\u00c0 ses occasions, il s\u2019adonne \u00e0 la peinture de paysages.<\/p>\n","protected":false},"featured_media":20746,"template":"","meta":[],"product_brand":[],"product_cat":[278],"product_tag":[],"class_list":{"0":"post-20761","1":"product","2":"type-product","3":"status-publish","4":"has-post-thumbnail","6":"product_cat-saint-martin","7":"description-off","9":"first","10":"instock","11":"shipping-taxable","12":"purchasable","13":"product-type-simple"},"aioseo_notices":[],"_links":{"self":[{"href":"https:\/\/www.carrerivegauche.com\/fr\/wp-json\/wp\/v2\/product\/20761","targetHints":{"allow":["GET"]}}],"collection":[{"href":"https:\/\/www.carrerivegauche.com\/fr\/wp-json\/wp\/v2\/product"}],"about":[{"href":"https:\/\/www.carrerivegauche.com\/fr\/wp-json\/wp\/v2\/types\/product"}],"wp:featuredmedia":[{"embeddable":true,"href":"https:\/\/www.carrerivegauche.com\/fr\/wp-json\/wp\/v2\/media\/20746"}],"wp:attachment":[{"href":"https:\/\/www.carrerivegauche.com\/fr\/wp-json\/wp\/v2\/media?parent=20761"}],"wp:term":[{"taxonomy":"product_brand","embeddable":true,"href":"https:\/\/www.carrerivegauche.com\/fr\/wp-json\/wp\/v2\/product_brand?post=20761"},{"taxonomy":"product_cat","embeddable":true,"href":"https:\/\/www.carrerivegauche.com\/fr\/wp-json\/wp\/v2\/product_cat?post=20761"},{"taxonomy":"product_tag","embeddable":true,"href":"https:\/\/www.carrerivegauche.com\/fr\/wp-json\/wp\/v2\/product_tag?post=20761"}],"curies":[{"name":"wp","href":"https:\/\/api.w.org\/{rel}","templated":true}]}}