 

{"id":20655,"date":"2023-05-10T11:51:41","date_gmt":"2023-05-10T09:51:41","guid":{"rendered":"https:\/\/www.carrerivegauche.com\/boutique-crg\/autour-de-latelier-des-embriachi-avant-1397-1433-coffret-marqueterie-alla-certosina-sur-ame-de-bois\/"},"modified":"2023-05-24T16:51:25","modified_gmt":"2023-05-24T14:51:25","slug":"autour-de-latelier-des-embriachi-avant-1397-1433-coffret-marqueterie-alla-certosina-sur-ame-de-bois","status":"publish","type":"product","link":"https:\/\/www.carrerivegauche.com\/fr\/boutique-crg\/autour-de-latelier-des-embriachi-avant-1397-1433-coffret-marqueterie-alla-certosina-sur-ame-de-bois\/","title":{"rendered":"Autour de l&rsquo;atelier des Embriachi (avant. 1397-1433) Coffret Marqueterie alla Certosina sur \u00e2me de bois"},"content":{"rendered":"<p><span data-mce-style=\"color: #808080;\" style=\"margin: 0px;padding: 0px\">BIBLIOGRAPHIE ET DOSSIER DOCUMENTAIRE SUR DEMANDE\u00a0<\/span><span data-mce-style=\"color: #808080;\" style=\"margin: 0px;padding: 0px\"><br style=\"margin: 0px;padding: 0px\"><em style=\"margin: 0px;padding: 0px\">RELATED LITERATURE AND ENTRY UPON REQUEST<\/em><\/span><\/p>\n<p>Pour plus d\u2019informations :<a data-mce-href=\"https:\/\/www.galerie-sismann.com\/artwork\/850079\/19175\/autour-de-l-atelier-des-embriachi-avant\" href=\"https:\/\/www.galerie-sismann.com\/artwork\/850079\/19175\/autour-de-l-atelier-des-embriachi-avant\"> https:\/\/www.galerie-sismann.com\/artwork\/850079\/19175\/autour-de-l-atelier-des-embriachi-avant<\/a><\/p>\n","protected":false},"excerpt":{"rendered":"<p><span>Autour de l&rsquo;atelier des Embriachi (avant. 1397-1433)<\/span><br \/><span>Coffret Marqueterie alla Certosina sur \u00e2me de bois<\/span><br \/><span>Italie du Nord<\/span><br \/><span>Deuxi\u00e8me moiti\u00e9 du XVe si\u00e8cle<\/span><br \/><span>Dimensions : H. 5,4 ; L. 14 ; P. 17, 2 cm<\/span><\/p>\n","protected":false},"featured_media":20631,"template":"","meta":[],"product_brand":[],"product_cat":[229],"product_tag":[],"class_list":{"0":"post-20655","1":"product","2":"type-product","3":"status-publish","4":"has-post-thumbnail","6":"product_cat-sismann","7":"description-off","9":"first","10":"instock","11":"shipping-taxable","12":"purchasable","13":"product-type-simple"},"aioseo_notices":[],"_links":{"self":[{"href":"https:\/\/www.carrerivegauche.com\/fr\/wp-json\/wp\/v2\/product\/20655","targetHints":{"allow":["GET"]}}],"collection":[{"href":"https:\/\/www.carrerivegauche.com\/fr\/wp-json\/wp\/v2\/product"}],"about":[{"href":"https:\/\/www.carrerivegauche.com\/fr\/wp-json\/wp\/v2\/types\/product"}],"wp:featuredmedia":[{"embeddable":true,"href":"https:\/\/www.carrerivegauche.com\/fr\/wp-json\/wp\/v2\/media\/20631"}],"wp:attachment":[{"href":"https:\/\/www.carrerivegauche.com\/fr\/wp-json\/wp\/v2\/media?parent=20655"}],"wp:term":[{"taxonomy":"product_brand","embeddable":true,"href":"https:\/\/www.carrerivegauche.com\/fr\/wp-json\/wp\/v2\/product_brand?post=20655"},{"taxonomy":"product_cat","embeddable":true,"href":"https:\/\/www.carrerivegauche.com\/fr\/wp-json\/wp\/v2\/product_cat?post=20655"},{"taxonomy":"product_tag","embeddable":true,"href":"https:\/\/www.carrerivegauche.com\/fr\/wp-json\/wp\/v2\/product_tag?post=20655"}],"curies":[{"name":"wp","href":"https:\/\/api.w.org\/{rel}","templated":true}]}}