 

{"id":20630,"date":"2023-05-10T11:45:32","date_gmt":"2023-05-10T09:45:32","guid":{"rendered":"https:\/\/www.carrerivegauche.com\/boutique-crg\/broche-unique-avec-un-medaillon-tres-rare-de-la-renaissance-probalement-inspire-dun-dessin-de-michel-ange\/"},"modified":"2023-05-24T16:51:12","modified_gmt":"2023-05-24T14:51:12","slug":"broche-unique-avec-un-medaillon-tres-rare-de-la-renaissance-probalement-inspire-dun-dessin-de-michel-ange","status":"publish","type":"product","link":"https:\/\/www.carrerivegauche.com\/fr\/boutique-crg\/broche-unique-avec-un-medaillon-tres-rare-de-la-renaissance-probalement-inspire-dun-dessin-de-michel-ange\/","title":{"rendered":"BROCHE UNIQUE AVEC UN MEDAILLON TRES RARE DE LA RENAISSANCE PROBALEMENT INSPIRE D&rsquo;UN DESSIN DE MICHEL-ANGE"},"content":{"rendered":"<p><br data-mce-bogus=\"1\"><\/p>\n","protected":false},"excerpt":{"rendered":"<p><span>BROCHE UNIQUE AVEC UN MEDAILLON TRES RARE DE LA RENAISSANCE\u00a0<\/span><br \/><span>Augsbourg ou Nuremberg<\/span><br \/><span>Profil d&rsquo;un homme<\/span><br \/><span>M\u00e9daillon sculpt\u00e9 en buis\u00a0<\/span><br \/><span>Diam. 4, 8 cm<\/span><br \/><span>Circa 1600<\/span><br \/><span>Provenance : Ancienne Collection Priv\u00e9e. Num\u00e9ro d&rsquo;Inventaire inscrit au dos \u00e0 l&rsquo;encre.<\/span><\/p>\n<p><span>Montage moderne pour une broche : Cerclage et fermoir en argent.<\/span><\/p>\n<p><span>CREATION GABRIELA SISMANN ( SIGNATURE GRAVEE SUR LE CERCLAGE\u00a0 )\u00a0<\/span><br \/><span>BIBLIOGRAPHIE, DOSSIER ET PRIX SUR DEMANDE<\/span><br data-mce-bogus=\"1\"><\/p>\n","protected":false},"featured_media":20624,"template":"","meta":[],"product_brand":[],"product_cat":[229],"product_tag":[],"class_list":{"0":"post-20630","1":"product","2":"type-product","3":"status-publish","4":"has-post-thumbnail","6":"product_cat-sismann","7":"description-off","9":"first","10":"instock","11":"shipping-taxable","12":"product-type-simple"},"aioseo_notices":[],"_links":{"self":[{"href":"https:\/\/www.carrerivegauche.com\/fr\/wp-json\/wp\/v2\/product\/20630","targetHints":{"allow":["GET"]}}],"collection":[{"href":"https:\/\/www.carrerivegauche.com\/fr\/wp-json\/wp\/v2\/product"}],"about":[{"href":"https:\/\/www.carrerivegauche.com\/fr\/wp-json\/wp\/v2\/types\/product"}],"wp:featuredmedia":[{"embeddable":true,"href":"https:\/\/www.carrerivegauche.com\/fr\/wp-json\/wp\/v2\/media\/20624"}],"wp:attachment":[{"href":"https:\/\/www.carrerivegauche.com\/fr\/wp-json\/wp\/v2\/media?parent=20630"}],"wp:term":[{"taxonomy":"product_brand","embeddable":true,"href":"https:\/\/www.carrerivegauche.com\/fr\/wp-json\/wp\/v2\/product_brand?post=20630"},{"taxonomy":"product_cat","embeddable":true,"href":"https:\/\/www.carrerivegauche.com\/fr\/wp-json\/wp\/v2\/product_cat?post=20630"},{"taxonomy":"product_tag","embeddable":true,"href":"https:\/\/www.carrerivegauche.com\/fr\/wp-json\/wp\/v2\/product_tag?post=20630"}],"curies":[{"name":"wp","href":"https:\/\/api.w.org\/{rel}","templated":true}]}}