 

{"id":20620,"date":"2023-05-10T11:39:23","date_gmt":"2023-05-10T09:39:23","guid":{"rendered":"https:\/\/www.carrerivegauche.com\/boutique-crg\/croix-reliquaire-andalousie-premier-quart-du-xviie-siecle\/"},"modified":"2023-05-24T16:51:00","modified_gmt":"2023-05-24T14:51:00","slug":"croix-reliquaire-andalousie-premier-quart-du-xviie-siecle","status":"publish","type":"product","link":"https:\/\/www.carrerivegauche.com\/fr\/boutique-crg\/croix-reliquaire-andalousie-premier-quart-du-xviie-siecle\/","title":{"rendered":"CROIX RELIQUAIRE ANDALOUSIE PREMIER QUART DU XVIIE SIECLE"},"content":{"rendered":"<p><span data-mce-style=\"color: #808080;\">BIBLIOGRAPHIE ET DOSSIER DOCUMENTAIRE SUR DEMANDE\u00a0<\/span><span data-mce-style=\"color: #808080;\"><br \/><em>RELATED LITERATURE AND ENTRY UPON REQUEST<\/em><\/span><\/p>\n<p>Pour plus d&rsquo;informations :\u00a0<span id=\"_mce_caret\" data-mce-bogus=\"1\" data-mce-type=\"format-caret\"><a data-mce-href=\"https:\/\/www.galerie-sismann.com\/artwork\/856323\/19175\/croix-reliquaire-andalousie-premier\" href=\"https:\/\/www.galerie-sismann.com\/artwork\/856323\/19175\/croix-reliquaire-andalousie-premier\">https:\/\/www.galerie-sismann.com\/artwork\/856323\/19175\/croix-reliquaire-andalousie-premier<\/a><\/span><\/p>\n","protected":false},"excerpt":{"rendered":"<p>CROIX RELIQUAIRE<br \/>Bronze dor\u00e9 avec cabochons en argent \u00e9maill\u00e9<br \/>Espagne (Andalousie)<br \/>Premier quart du XVIIe si\u00e8cle<br \/>H. 41 ; L. 30 cm.<\/p>\n","protected":false},"featured_media":20614,"template":"","meta":[],"product_brand":[],"product_cat":[229],"product_tag":[],"class_list":{"0":"post-20620","1":"product","2":"type-product","3":"status-publish","4":"has-post-thumbnail","6":"product_cat-sismann","7":"description-off","9":"first","10":"instock","11":"shipping-taxable","12":"purchasable","13":"product-type-simple"},"aioseo_notices":[],"_links":{"self":[{"href":"https:\/\/www.carrerivegauche.com\/fr\/wp-json\/wp\/v2\/product\/20620","targetHints":{"allow":["GET"]}}],"collection":[{"href":"https:\/\/www.carrerivegauche.com\/fr\/wp-json\/wp\/v2\/product"}],"about":[{"href":"https:\/\/www.carrerivegauche.com\/fr\/wp-json\/wp\/v2\/types\/product"}],"wp:featuredmedia":[{"embeddable":true,"href":"https:\/\/www.carrerivegauche.com\/fr\/wp-json\/wp\/v2\/media\/20614"}],"wp:attachment":[{"href":"https:\/\/www.carrerivegauche.com\/fr\/wp-json\/wp\/v2\/media?parent=20620"}],"wp:term":[{"taxonomy":"product_brand","embeddable":true,"href":"https:\/\/www.carrerivegauche.com\/fr\/wp-json\/wp\/v2\/product_brand?post=20620"},{"taxonomy":"product_cat","embeddable":true,"href":"https:\/\/www.carrerivegauche.com\/fr\/wp-json\/wp\/v2\/product_cat?post=20620"},{"taxonomy":"product_tag","embeddable":true,"href":"https:\/\/www.carrerivegauche.com\/fr\/wp-json\/wp\/v2\/product_tag?post=20620"}],"curies":[{"name":"wp","href":"https:\/\/api.w.org\/{rel}","templated":true}]}}