 

{"id":19388,"date":"2023-04-25T14:50:05","date_gmt":"2023-04-25T12:50:05","guid":{"rendered":"https:\/\/www.carrerivegauche.com\/boutique-crg\/paire-dappliques-en-bronze-dore-depoque-empire-par-claude-galle\/"},"modified":"2024-05-30T16:32:01","modified_gmt":"2024-05-30T14:32:01","slug":"paire-dappliques-en-bronze-dore-depoque-empire-par-claude-galle","status":"publish","type":"product","link":"https:\/\/www.carrerivegauche.com\/fr\/boutique-crg\/paire-dappliques-en-bronze-dore-depoque-empire-par-claude-galle\/","title":{"rendered":"PAIRE D&rsquo;APPLIQUES EN BRONZE DOR\u00c9 D&rsquo;\u00c9POQUE EMPIRE PAR CLAUDE GALLE"},"content":{"rendered":"<p class=\"font_8\" style=\"text-align: justify\" data-mce-style=\"text-align: justify;\">Deux paires d&rsquo;appliques<br \/>identiques furent livr\u00e9es en en 1809 pour la salle \u00e0 manger du Grand<br \/>Trianon \u00e0 Versailles o\u00f9 elles sont toujours conserv\u00e9es. (1). Un autre<br \/>ensemble de quatre appliques du m\u00eame mod\u00e8le fut \u00e9galement livr\u00e9 par<br \/>Claude Galle en 1806 par Claude Galle au ch\u00e2teau de Fontainebleau o\u00f9<br \/>elles se voient toujours. (2)<\/p>\n<p class=\"font_8\">(1) : livr\u00e9 par Galle le 23 d\u00e9cembre 1809, pour la<br \/>salle \u00e0 manger du Grand Trianon : \u00ab\u00a0Deux paires de bras \u00e0 fl\u00e8ches, t\u00eate<br \/>de Diane \u00a0portant quatre lumi\u00e8res, cisel\u00e9es et dor\u00e9es or mat\u00a0\u00bb (Inv. T<br \/>4006).<\/p>\n<p class=\"font_8\" style=\"text-align: justify\" data-mce-style=\"text-align: justify;\">Reproduit in Denise Ledoux-Lebard, <em>Inventaire g\u00e9n\u00e9ral du mus\u00e9e national de Versailles et des Trianons, Le Grand Trianon, Meubles et Objets d&rsquo;art<\/em>, Editions des Mus\u00e9es nationaux, Paris, 1975, p. 174 et in Hans Ottomeyer \/ P. Pr\u00f6schel, <em>Vergoldete bronzen II<\/em>, 1986, p. 706 n\u00b023<\/p>\n<p class=\"font_8\" style=\"text-align: justify\" data-mce-style=\"text-align: justify;\">(2) : livr\u00e9 par Galle<br \/>Bronzier le 21 septembre 1806, pour le grand salon de r\u00e9ception de la<br \/>secr\u00e9tairerie \u00a0d\u2019\u00c9tat de France \u00e0 Fontainebleau : \u00ab\u00a02 paires de bras \u00e0<br \/>288 fr \u00e0 4 lumi\u00e8res, 576 fr\u00a0\u00bb \u00ab\u00a0quatre bras de chemin\u00e9e en bronze \u00a0dor\u00e9,<br \/>fl\u00e8ches, t\u00eates de Diane, palmettes et cors de chasses \u00e0 4 \u00a0lumi\u00e8res\u00a0\u00bb<br \/>(Arch. Nat. O\u00b2 500, d. 2, p. 14). (Inv. F483C).\u00a0<\/p>\n<p class=\"font_8\" style=\"text-align: justify\" data-mce-style=\"text-align: justify;\">L\u2019un des plus \u00e9minents<br \/>\u00a0bronziers et fondeurs-ciseleurs de la fin de l\u2019\u00e9poque Louis XVI et<br \/>\u00a0l\u2019Empire, Claude Galle est n\u00e9 \u00e0 Villepreux pr\u00e8s de Versailles. Il fait<br \/>\u00a0son apprentissage \u00e0 Paris sous le fondeur Pierre Foy, dont il \u00e9pouse la<br \/>fille en 1784. Re\u00e7u maitre en 1786, \u00e0 la mort de son beau-p\u00e8re en<br \/>\u00a01788, Galle prend la direction de l\u2019atelier, qui devient l\u2019un des plus<br \/>\u00a0importants de Paris, employant, au plus haut de son activit\u00e9, pr\u00e8s de<br \/>\u00a0400 artisans. Galle d\u00e9place l\u2019atelier d\u2019abord quai de la Monnaie, puis<br \/>en 1805 au 60 rue Vivienne.<\/p>\n<p class=\"font_8\" style=\"text-align: justify\" data-mce-style=\"text-align: justify;\">Sous l&rsquo;Ancien R\u00e9gime le<br \/>garde-meuble de la couronne, lui fait l\u2019honneur de plusieurs commandes,<br \/>puis sous l&rsquo;Empire Galle fournit la majorit\u00e9 des bronzes d\u2019ameublement<br \/>au Ch\u00e2teau de \u00a0Fontainebleau. Il est un des fournisseurs attitr\u00e9s du<br \/>Garde Meuble impr\u00e9rial pour des luminaires, bo\u00eetes de pendule, et vases<br \/>qu&rsquo;il livre aux palais de Saint-Cloud, de Trianon, aux Tuileries, \u00e0<br \/>Compi\u00e8gne et \u00a0Rambouillet. Il fournit \u00e9galement les palais italiens de<br \/>Monte Cavallo \u00e0 Rome et \u00a0Stupinigi pr\u00e8s de Turin.<\/p>\n<p class=\"font_8\" style=\"text-align: justify\" data-mce-style=\"text-align: justify;\">Bibliographie comparative:<\/p>\n<p class=\"font_8\" style=\"text-align: justify\" data-mce-style=\"text-align: justify;\">&#8211; J.P. Samoyault, Mus\u00e9e national du ch\u00e2teau de Fontainebleau, <em>Pendules et \u00a0bronzes d&rsquo;ameublement entr\u00e9s sous le Premier Empire<\/em>, Paris 1989, n\u00b0114, p.141.<br \/>&#8211; Ernest Dumonthier, <em>Les bronzes du Mobilier national, Bronzes d&rsquo;\u00e9clairage et de chauffage<\/em>, Massin, Paris, pl. 29, ill. 3.<br \/>&#8211; Denise Ledoux-Lebard, <em>Inventaire g\u00e9n\u00e9ral du mus\u00e9e national de Versailles et des Trianons, Le Grand-Trianon, Meubles et Objets d&rsquo;art<\/em>, Editions des Mus\u00e9es nationaux, Paris, 1975, p. 174.<br \/>-Hans Ottomeyer et Peter Pr\u00f6schel, <em>Vergoldete Bronzen<\/em>, Tome II, Klinkhardt &amp; Biermann, Munich, 1986, p. 706, fig. 23.<\/p>\n<p class=\"font_8\" style=\"text-align: justify\" data-mce-style=\"text-align: justify;\"><\/p>\n","protected":false},"excerpt":{"rendered":"<p>GRANDE PAIRE D&rsquo;APPLIQUES FL\u00c8CHES AU MASQUE DE DIANE ET TROMPES DE CHASSE PAR GALLE<br \/>Claude Galle (1759-1815) ciseleur et doreur re\u00e7u ma\u00eetre en 1786.<br \/>Bronze cisel\u00e9 et dor\u00e9, or mat et bruni<br \/>PARIS VERS 1805<br \/>Hauteur : 64 cm, Largeur : 40 cm, Profondeur : 21,5 cm<\/p>\n<p>\u00a9 inustudio et galerie philippe guegan<\/p>\n<p>______________________________<\/p>\n<p><em>A LARGE PAIR OF EMPIRE GILTBRONZE WALL-LIGHTS BY GALLE<br \/><\/em><em><em>Claude Galle (1759-1815) master in 1786<\/em><\/em><br \/>PARIS BY 1805<br \/>Hauteur : 64 cm, Largeur : 40 cm, Profondeur : 21,5 cm<\/p>\n","protected":false},"featured_media":19367,"template":"","meta":[],"product_brand":[],"product_cat":[259],"product_tag":[],"class_list":{"0":"post-19388","1":"product","2":"type-product","3":"status-publish","4":"has-post-thumbnail","6":"product_cat-guegan","7":"description-off","9":"first","10":"instock","11":"shipping-taxable","12":"product-type-simple"},"aioseo_notices":[],"_links":{"self":[{"href":"https:\/\/www.carrerivegauche.com\/fr\/wp-json\/wp\/v2\/product\/19388","targetHints":{"allow":["GET"]}}],"collection":[{"href":"https:\/\/www.carrerivegauche.com\/fr\/wp-json\/wp\/v2\/product"}],"about":[{"href":"https:\/\/www.carrerivegauche.com\/fr\/wp-json\/wp\/v2\/types\/product"}],"wp:featuredmedia":[{"embeddable":true,"href":"https:\/\/www.carrerivegauche.com\/fr\/wp-json\/wp\/v2\/media\/19367"}],"wp:attachment":[{"href":"https:\/\/www.carrerivegauche.com\/fr\/wp-json\/wp\/v2\/media?parent=19388"}],"wp:term":[{"taxonomy":"product_brand","embeddable":true,"href":"https:\/\/www.carrerivegauche.com\/fr\/wp-json\/wp\/v2\/product_brand?post=19388"},{"taxonomy":"product_cat","embeddable":true,"href":"https:\/\/www.carrerivegauche.com\/fr\/wp-json\/wp\/v2\/product_cat?post=19388"},{"taxonomy":"product_tag","embeddable":true,"href":"https:\/\/www.carrerivegauche.com\/fr\/wp-json\/wp\/v2\/product_tag?post=19388"}],"curies":[{"name":"wp","href":"https:\/\/api.w.org\/{rel}","templated":true}]}}