 

{"id":19209,"date":"2023-04-21T14:46:42","date_gmt":"2023-04-21T12:46:42","guid":{"rendered":"https:\/\/www.carrerivegauche.com\/boutique-crg\/commode-depoque-regence-estampillee-bvrb\/"},"modified":"2023-05-24T16:41:17","modified_gmt":"2023-05-24T14:41:17","slug":"commode-depoque-regence-estampillee-bvrb","status":"publish","type":"product","link":"https:\/\/www.carrerivegauche.com\/fr\/boutique-crg\/commode-depoque-regence-estampillee-bvrb\/","title":{"rendered":"Commode D\u2019\u00e9poque R\u00e9gence Estampill\u00e9e Bvrb"},"content":{"rendered":"<div data-cke-filler-webkit=\"start\" data-cke-temp=\"1\" style=\"width: 0px;height: 0px;padding: 0px;border: 0px;margin: 0px;overflow: hidden\">\u00a0<\/div>\n<p>Regence period curved chest of drawers, in satin and amaranth, opening in front by three drawers without crossbar.<\/p>\n<p>The bronzes, in their original gilding, are very finely chiseled.<\/p>\n<p>Parisian work stamped BVRB (Bernard II Van Risen Burgh received Master in 1735)<\/p>\n<div data-cke-filler-webkit=\"end\" data-cke-temp=\"1\" style=\"width: 0px;height: 0px;padding: 0px;border: 0px;margin: 0px;overflow: hidden\">\u00a0<\/div>\n","protected":false},"excerpt":{"rendered":"<div data-cke-filler-webkit=\"start\" data-cke-temp=\"1\" style=\"width: 0px;height: 0px;padding: 0px;border: 0px;margin: 0px;overflow: hidden\">\u00a0<\/div>\n<p>Commode galb\u00e9e d\u2019\u00e9poque R\u00e9gence, en satin\u00e9 et amarante, ouvrant en fa\u00e7ade par trois tiroirs sans traverse. Les bronzes, dans leur dorure d\u2019origine, sont tr\u00e8s finement cisel\u00e9s.<\/p>\n<p>Travail parisien estampill\u00e9 BVRB (Bernard II Van Risen Burgh re\u00e7u Ma\u00eetre en 1735)<\/p>\n<p><br data-mce-bogus=\"1\"><\/p>\n<p>dimensions : H 89 cm x L 80 cm x P 52 cm<br data-mce-bogus=\"1\"><\/p>\n<div data-cke-filler-webkit=\"end\" data-cke-temp=\"1\" style=\"width: 0px;height: 0px;padding: 0px;border: 0px;margin: 0px;overflow: hidden\">\u00a0<\/div>\n","protected":false},"featured_media":19179,"template":"","meta":[],"product_brand":[],"product_cat":[268],"product_tag":[],"class_list":{"0":"post-19209","1":"product","2":"type-product","3":"status-publish","4":"has-post-thumbnail","6":"product_cat-linossier","7":"description-off","9":"first","10":"instock","11":"shipping-taxable","12":"product-type-simple"},"aioseo_notices":[],"_links":{"self":[{"href":"https:\/\/www.carrerivegauche.com\/fr\/wp-json\/wp\/v2\/product\/19209","targetHints":{"allow":["GET"]}}],"collection":[{"href":"https:\/\/www.carrerivegauche.com\/fr\/wp-json\/wp\/v2\/product"}],"about":[{"href":"https:\/\/www.carrerivegauche.com\/fr\/wp-json\/wp\/v2\/types\/product"}],"wp:featuredmedia":[{"embeddable":true,"href":"https:\/\/www.carrerivegauche.com\/fr\/wp-json\/wp\/v2\/media\/19179"}],"wp:attachment":[{"href":"https:\/\/www.carrerivegauche.com\/fr\/wp-json\/wp\/v2\/media?parent=19209"}],"wp:term":[{"taxonomy":"product_brand","embeddable":true,"href":"https:\/\/www.carrerivegauche.com\/fr\/wp-json\/wp\/v2\/product_brand?post=19209"},{"taxonomy":"product_cat","embeddable":true,"href":"https:\/\/www.carrerivegauche.com\/fr\/wp-json\/wp\/v2\/product_cat?post=19209"},{"taxonomy":"product_tag","embeddable":true,"href":"https:\/\/www.carrerivegauche.com\/fr\/wp-json\/wp\/v2\/product_tag?post=19209"}],"curies":[{"name":"wp","href":"https:\/\/api.w.org\/{rel}","templated":true}]}}