 

{"id":19072,"date":"2023-04-15T17:37:38","date_gmt":"2023-04-15T15:37:38","guid":{"rendered":"https:\/\/www.carrerivegauche.com\/boutique-crg\/huile-sur-toile-le-port-de-villefranches-sur-mer-par-georges-paul-joseph-darasse\/"},"modified":"2024-07-05T17:55:13","modified_gmt":"2024-07-05T15:55:13","slug":"huile-sur-toile-le-port-de-villefranches-sur-mer-par-georges-paul-joseph-darasse","status":"publish","type":"product","link":"https:\/\/www.carrerivegauche.com\/fr\/boutique-crg\/huile-sur-toile-le-port-de-villefranches-sur-mer-par-georges-paul-joseph-darasse\/","title":{"rendered":"Huile sur toile, Le port de Villefranches sur mer par Georges Paul Joseph DARASSE"},"content":{"rendered":"<p>Georges Darasse<br \/>\u00e0 beaucoup voyag\u00e9 en Italie et dans le sud de la France<br \/>Passionn\u00e9 de lumi\u00e8re, il installe son chevalet un peu partout et peint en plein air.<\/p>\n<p>Villefranche-sur-Mer une de ses villes pr\u00e9f\u00e9r\u00e9es, est une petite ville du sud de la France,<br \/>proche de Nice au bord de la M\u00e9diterran\u00e9e.<\/p>\n<p>Le peintre aime repr\u00e9senter ses collines surplombant la mer et les reflets du soleil jouant avec les vagues, ou encore la vie locale et simple des gens du village.<\/p>\n<p>C\u2019est ce moment que repr\u00e9sente notre peinture.<br \/>Les femmes de p\u00eacheurs reprisant les filets de p\u00eache le jour de la f\u00eate nationale fran\u00e7aise.<\/p>\n<p>Sous une facture classique le peintre fait sien les pr\u00e9ceptes de l\u2019impressionnisme.<br \/>Admirez la mani\u00e8re dont le peintre saisit les derniers rayons de soleil<br \/>et leur r\u00e9flexion dans l\u2019eau calme du port.<\/p>\n","protected":false},"excerpt":{"rendered":"<p>Georges Darasse<br \/>est un peintre de genre et de paysages.<\/p>\n<p>El\u00e8ve au Beaux-Arts de Paris, dans l\u2019atelier Jules Coignet,<br \/>il d\u00e9bute au Salon de 1879<br \/>et devient Soci\u00e9taire des Artistes Fran\u00e7ais en 1888.<\/p>\n<p>Il obtient une mention honorable au Salon de 1892,<br \/>et est expos\u00e9 dans les grandes galeries parisiennes.<\/p>\n<p>Ses paysages sont toujours marqu\u00e9s par<br \/>la recherche d\u2019un point de vue \u00e9tonnant avec de belles perspectives,<br \/>par des lumi\u00e8res tr\u00e8s douces et po\u00e9tiques.<\/p>\n","protected":false},"featured_media":19057,"template":"","meta":[],"product_brand":[],"product_cat":[278],"product_tag":[],"class_list":{"0":"post-19072","1":"product","2":"type-product","3":"status-publish","4":"has-post-thumbnail","6":"product_cat-saint-martin","7":"description-off","9":"first","10":"instock","11":"shipping-taxable","12":"product-type-simple"},"aioseo_notices":[],"_links":{"self":[{"href":"https:\/\/www.carrerivegauche.com\/fr\/wp-json\/wp\/v2\/product\/19072","targetHints":{"allow":["GET"]}}],"collection":[{"href":"https:\/\/www.carrerivegauche.com\/fr\/wp-json\/wp\/v2\/product"}],"about":[{"href":"https:\/\/www.carrerivegauche.com\/fr\/wp-json\/wp\/v2\/types\/product"}],"wp:featuredmedia":[{"embeddable":true,"href":"https:\/\/www.carrerivegauche.com\/fr\/wp-json\/wp\/v2\/media\/19057"}],"wp:attachment":[{"href":"https:\/\/www.carrerivegauche.com\/fr\/wp-json\/wp\/v2\/media?parent=19072"}],"wp:term":[{"taxonomy":"product_brand","embeddable":true,"href":"https:\/\/www.carrerivegauche.com\/fr\/wp-json\/wp\/v2\/product_brand?post=19072"},{"taxonomy":"product_cat","embeddable":true,"href":"https:\/\/www.carrerivegauche.com\/fr\/wp-json\/wp\/v2\/product_cat?post=19072"},{"taxonomy":"product_tag","embeddable":true,"href":"https:\/\/www.carrerivegauche.com\/fr\/wp-json\/wp\/v2\/product_tag?post=19072"}],"curies":[{"name":"wp","href":"https:\/\/api.w.org\/{rel}","templated":true}]}}