 

{"id":18867,"date":"2023-04-06T18:43:51","date_gmt":"2023-04-06T16:43:51","guid":{"rendered":"https:\/\/www.carrerivegauche.com\/boutique-crg\/cosimo-castrucci-1536-1636-rare-coffret-en-marqueterie-de-pierres-dures\/"},"modified":"2023-04-12T13:23:53","modified_gmt":"2023-04-12T11:23:53","slug":"cosimo-castrucci-1536-1636-rare-coffret-en-marqueterie-de-pierres-dures","status":"publish","type":"product","link":"https:\/\/www.carrerivegauche.com\/fr\/boutique-crg\/cosimo-castrucci-1536-1636-rare-coffret-en-marqueterie-de-pierres-dures\/","title":{"rendered":"Cosimo CASTRUCCI (1536-1636). Rare coffret en marqueterie de pierres dures"},"content":{"rendered":"<p class=\"MsoNormal\"><span style=\"font-size: 12pt\">Attribu\u00e9 \u00e0 Cosimo CASTRUCCI (1536-1636), actif \u00e0 Florence et Prague, \u00ab\u00a0Marqueteur de pierres dures de sa majest\u00e9 l\u2019Empereur\u00a0\u00bb d\u00e8s 1592.<\/span><\/p>\n<p class=\"MsoNormal\"><span style=\"font-size: 12pt\">Rare coffret en marqueterie de pierres dures ; agates, jaspes de Boh\u00e8me et calc\u00e9doines, sur fond d\u2019\u00e9b\u00e8ne.<\/span><\/p>\n<p class=\"MsoNormal\"><span style=\"font-size: 12pt\">Atelier imp\u00e9rial de l\u2019Empereur Rodolphe II<\/span><\/p>\n<p class=\"MsoNormal\"><span style=\"font-size: 12pt\">H 25,5 \u2013 L 39 \u2013P 26,5 cm<\/span><\/p>\n<p class=\"MsoNormal\"><span style=\"font-size: 12pt\">Prague, circa 1610<\/span><\/p>\n<p class=\"MsoNormal\"><span style=\"font-size: 12pt\">Originaire de Florence, la famille Castrucci travaillait dans les ateliers de Ferdinand Ier de M\u00e9dicis\u00a0<\/span><span style=\"font-size: 12pt\">(r.1587-1609), grand-duc de Toscane, <\/span><\/p>\n<p class=\"MsoNormal\"><span style=\"font-size: 12pt\">dans lesquels l&rsquo;Empereur envoyait ses pierres les plus extraordinaires <\/span><span style=\"font-size: 12pt\">afin qu\u2019elles soient incorpor\u00e9es dans de somptueuses cr\u00e9ations. Passionn\u00e9 de pierres pr\u00e9cieuses auxquelles il reconnaissait des propri\u00e9t\u00e9s physiques et surnaturelles, l&rsquo;Empereur invita la famille Castrucci \u00e0 venir s&rsquo;installer \u00e0 Prague pour y cr\u00e9er ses ateliers.<\/span><\/p>\n<p class=\"MsoNormal\"><span style=\"font-size: 12pt\"><\/span><\/p>\n<p><br data-mce-bogus=\"1\"><\/p>\n<p class=\"MsoNormal\"><span style=\"font-size: 12pt\">Attributed to Cosimo CASTRUCCI (1536-1636), active in Florence and Prague, \u201cHard stone inlay of his majesty the Emperor\u201d from 1592.<\/span><\/p>\n<p class=\"MsoNormal\"><span style=\"font-size: 12pt\">Rare casket in hard stone marquetry; agates, Bohemian jasper and chalcedony, on an ebony background.<\/span><\/p>\n<p class=\"MsoNormal\"><span style=\"font-size: 12pt\">Imperial workshop of Emperor Rudolf II<\/span><\/p>\n<p class=\"MsoNormal\"><span style=\"font-size: 12pt\">H 10 \u2013 W 15,5 \u2013 D 10,4 inches<\/span><\/p>\n<p class=\"MsoNormal\"><span style=\"font-size: 12pt\">Prague, circa 1610<\/span><\/p>\n<p class=\"MsoNormal\"><span style=\"font-size: 12pt\">Originally from Florence, the Castrucci family worked in the workshops of Ferdinando I de Medici\u00a0<\/span><span>(r.1587-1609), Grand Duke of Tuscany.<\/span><span>\u00a0<\/span><\/p>\n<p class=\"MsoNormal\"><span style=\"font-size: 12pt\">Emperor Rudolf II (1552-1612), Prince of the House of Habsburg, King of Bohemia and Emperor of the Romans, who sent his most extraordinary stones in Florence to be incorporated into sumptuous creations, invited <\/span><span style=\"font-size: 12pt\">Cosimo Castrucci and his family to come and settle in Prague to create the imperial workshop of stonemasons there. <\/span><\/p>\n<p class=\"MsoNormal\"><span style=\"font-size: 12pt\">This object testifies to their virtuosity in this art then in full apogee.<\/span><\/p>\n<p><span style=\"font-size: medium\"><\/span><\/p>\n","protected":false},"excerpt":{"rendered":"<p class=\"MsoNormal\"><span style=\"font-size: 12pt\">Attribu\u00e9 \u00e0 Cosimo CASTRUCCI (1536-1636), actif \u00e0 Florence et Prague, \u00ab\u00a0Marqueteur de pierres dures de sa majest\u00e9 l\u2019Empereur\u00a0\u00bb d\u00e8s 1592.<\/span><\/p>\n<p class=\"MsoNormal\"><span style=\"font-size: 12pt\">Rare coffret en marqueterie de pierres dures<\/span><\/p>\n<p class=\"MsoNormal\"><span style=\"font-size: 12pt\">Atelier imp\u00e9rial de l\u2019Empereur Rodolphe II<\/span><\/p>\n<p class=\"MsoNormal\"><span style=\"font-size: 12pt\">H 25,5 \u2013 L 39 \u2013P 26,5 cm<\/span><\/p>\n<p class=\"MsoNormal\"><span style=\"font-size: 12pt\">Prague, circa 1610<\/span><\/p>\n<p><br data-mce-bogus=\"1\"><\/p>\n<p class=\"MsoNormal\"><span style=\"font-size: 12pt\">Attributed to Cosimo CASTRUCCI (1536-1636), active in Florence and Prague, \u201cHard stone inlay of his majesty the Emperor\u201d from 1592.<\/span><\/p>\n<p class=\"MsoNormal\"><span style=\"font-size: 12pt\">Imperial workshop of Emperor Rudolf II<\/span><\/p>\n<p class=\"MsoNormal\"><span style=\"font-size: 12pt\">H 10 \u2013 W 15,5 \u2013 D 10,4 inches<\/span><\/p>\n<p class=\"MsoNormal\"><span style=\"font-size: 12pt\">Prague, circa 1610<\/span><\/p>\n<p><br data-mce-bogus=\"1\"><\/p>\n<p><br data-mce-bogus=\"1\"><\/p>\n","protected":false},"featured_media":18821,"template":"","meta":[],"product_brand":[],"product_cat":[231],"product_tag":[],"class_list":{"0":"post-18867","1":"product","2":"type-product","3":"status-publish","4":"has-post-thumbnail","6":"product_cat-vichot","7":"description-off","9":"first","10":"instock","11":"shipping-taxable","12":"product-type-simple"},"aioseo_notices":[],"_links":{"self":[{"href":"https:\/\/www.carrerivegauche.com\/fr\/wp-json\/wp\/v2\/product\/18867","targetHints":{"allow":["GET"]}}],"collection":[{"href":"https:\/\/www.carrerivegauche.com\/fr\/wp-json\/wp\/v2\/product"}],"about":[{"href":"https:\/\/www.carrerivegauche.com\/fr\/wp-json\/wp\/v2\/types\/product"}],"wp:featuredmedia":[{"embeddable":true,"href":"https:\/\/www.carrerivegauche.com\/fr\/wp-json\/wp\/v2\/media\/18821"}],"wp:attachment":[{"href":"https:\/\/www.carrerivegauche.com\/fr\/wp-json\/wp\/v2\/media?parent=18867"}],"wp:term":[{"taxonomy":"product_brand","embeddable":true,"href":"https:\/\/www.carrerivegauche.com\/fr\/wp-json\/wp\/v2\/product_brand?post=18867"},{"taxonomy":"product_cat","embeddable":true,"href":"https:\/\/www.carrerivegauche.com\/fr\/wp-json\/wp\/v2\/product_cat?post=18867"},{"taxonomy":"product_tag","embeddable":true,"href":"https:\/\/www.carrerivegauche.com\/fr\/wp-json\/wp\/v2\/product_tag?post=18867"}],"curies":[{"name":"wp","href":"https:\/\/api.w.org\/{rel}","templated":true}]}}