 

{"id":18866,"date":"2023-04-06T18:27:01","date_gmt":"2023-04-06T16:27:01","guid":{"rendered":"https:\/\/www.carrerivegauche.com\/boutique-crg\/paire-de-fauteuils-a-chassis-depoque-louis-xv-en-bois-dore-att-a-meunier\/"},"modified":"2023-04-12T13:23:41","modified_gmt":"2023-04-12T11:23:41","slug":"paire-de-fauteuils-a-chassis-depoque-louis-xv-en-bois-dore-att-a-meunier","status":"publish","type":"product","link":"https:\/\/www.carrerivegauche.com\/fr\/boutique-crg\/paire-de-fauteuils-a-chassis-depoque-louis-xv-en-bois-dore-att-a-meunier\/","title":{"rendered":"Paire De Fauteuils \u00e0 Chassis D\u2019\u00e9poque Louis XV En Bois Dor\u00e9 att. \u00e0 Meunier"},"content":{"rendered":"<p><br data-mce-bogus=\"1\"><\/p>\n","protected":false},"excerpt":{"rendered":"<p>Paire de fauteuils \u00e0 chassis d\u2019\u00e9poque Louis XV en bois dor\u00e9. Dossier moulur\u00e9 et sculpt\u00e9 de fleurs et de feuilles d\u2019acanthe. Garniture de soierie amovible.<\/p>\n<p>Assise en bois moulur\u00e9 et sculpt\u00e9 de fleurs en soierie amovible. Accotoirs moulur\u00e9s et sculpt\u00e9s et \u00e0 manchette amovibles. Supports en coup de fouet. Ses si\u00e8ges reposent sur quatre pieds cambr\u00e9s, moulur\u00e9s et sculpt\u00e9s de fleurs et de feuilles d\u2019acanthe.<\/p>\n<p>Travail parisien du XVIIIe si\u00e8cle attribu\u00e9 \u00e0 Jean-Baptiste Meunier re\u00e7u ma\u00eetre en 1739<\/p>\n<p>Dimensions : 94 x 71 x 55 cm<\/p>\n","protected":false},"featured_media":18863,"template":"","meta":[],"product_brand":[],"product_cat":[268],"product_tag":[],"class_list":{"0":"post-18866","1":"product","2":"type-product","3":"status-publish","4":"has-post-thumbnail","6":"product_cat-linossier","7":"description-off","9":"first","10":"instock","11":"shipping-taxable","12":"product-type-simple"},"aioseo_notices":[],"_links":{"self":[{"href":"https:\/\/www.carrerivegauche.com\/fr\/wp-json\/wp\/v2\/product\/18866","targetHints":{"allow":["GET"]}}],"collection":[{"href":"https:\/\/www.carrerivegauche.com\/fr\/wp-json\/wp\/v2\/product"}],"about":[{"href":"https:\/\/www.carrerivegauche.com\/fr\/wp-json\/wp\/v2\/types\/product"}],"wp:featuredmedia":[{"embeddable":true,"href":"https:\/\/www.carrerivegauche.com\/fr\/wp-json\/wp\/v2\/media\/18863"}],"wp:attachment":[{"href":"https:\/\/www.carrerivegauche.com\/fr\/wp-json\/wp\/v2\/media?parent=18866"}],"wp:term":[{"taxonomy":"product_brand","embeddable":true,"href":"https:\/\/www.carrerivegauche.com\/fr\/wp-json\/wp\/v2\/product_brand?post=18866"},{"taxonomy":"product_cat","embeddable":true,"href":"https:\/\/www.carrerivegauche.com\/fr\/wp-json\/wp\/v2\/product_cat?post=18866"},{"taxonomy":"product_tag","embeddable":true,"href":"https:\/\/www.carrerivegauche.com\/fr\/wp-json\/wp\/v2\/product_tag?post=18866"}],"curies":[{"name":"wp","href":"https:\/\/api.w.org\/{rel}","templated":true}]}}