 

{"id":18820,"date":"2023-04-06T17:26:56","date_gmt":"2023-04-06T15:26:56","guid":{"rendered":"https:\/\/www.carrerivegauche.com\/boutique-crg\/table-de-bibliotheque-par-renzo-mongiardino-1916-1998\/"},"modified":"2023-04-12T13:23:26","modified_gmt":"2023-04-12T11:23:26","slug":"table-de-bibliotheque-par-renzo-mongiardino-1916-1998","status":"publish","type":"product","link":"https:\/\/www.carrerivegauche.com\/fr\/boutique-crg\/table-de-bibliotheque-par-renzo-mongiardino-1916-1998\/","title":{"rendered":"Table de biblioth\u00e8que par Renzo MONGIARDINO (1916-1998)"},"content":{"rendered":"<p class=\"MsoNormal\"><b><i><span style=\"font-size: 14pt\">Renzo MONGIARDINO (1916-1998)<\/span><\/i><\/b><b><span style=\"font-size: 14pt\"><\/span><\/b><\/p>\n<p class=\"MsoNormal\"><i><span style=\"font-size: 12pt\">Table de milieu<\/span><\/i><\/p>\n<p class=\"MsoNormal\"><i><span style=\"font-size: 12pt\">De forme rectangulaire, le plateau \u00e0 d\u00e9cor de specimens de marbres,<\/span><\/i><\/p>\n<p class=\"MsoNormal\"><i><span style=\"font-size: 12pt\">le pi\u00e8tement en bois fruitier vernis, la ceinture repose sur huit pieds gaine fusel\u00e9s, reli\u00e9s entre eux par un plateau d\u2019entrejambes \u00e0 plinthe.<\/span><\/i><\/p>\n<p class=\"MsoNormal\"><i><span style=\"font-size: 12pt\">Epoque XX\u00e8me si\u00e8cle<\/span><\/i><\/p>\n<p class=\"MsoNormal\"><i><span style=\"font-size: 12pt\">Dimensions\u00a0: H\u00a0: 86 cm &#8211; L\u00a0: 221,5 cm \u2013 P\u00a0: 87 cm. ( \u00e9paisseur plateau incluse\u00a0: 3,5 cm.)<\/span><\/i><\/p>\n<p class=\"MsoNormal\"><i><span style=\"font-size: 12pt\">Provenance : ancienne collection de la comtesse Francesca Vacca Agusta, propri\u00e9taire de la Villa Altachiara, \u00e0 Porto Fino, Italie \u00a0\u00a0<\/span><\/i><\/p>\n<p class=\"MsoNormal\"><i><span style=\"font-size: 12pt\">\u00a0<\/span><\/i><\/p>\n<p class=\"MsoNormal\"><i><span style=\"font-size: 12pt\">\u00a0<\/span><\/i><\/p>\n<p class=\"MsoNormal\"><b><i><span style=\"font-size: 14pt\">Renzo MONGIARDINO (1916-1998)<\/span><\/i><\/b><b><span style=\"font-size: 14pt\"><\/span><\/b><\/p>\n<p class=\"MsoNormal\"><i><span style=\"font-size: 12pt\">Central table<\/span><\/i><\/p>\n<p class=\"MsoNormal\"><i><span style=\"font-size: 12pt\">The rectangular specimens marble top, above a veneered fruitwood pedestal with eight-squared tapering legs, joined together by a large plinth.<\/span><\/i><\/p>\n<p class=\"MsoNormal\"><i><span style=\"font-size: 12pt\">Epoque 20th century<\/span><\/i><\/p>\n<p class=\"MsoNormal\"><i><span style=\"font-size: 12pt\">Diemensions : H : 33,8 in \u2013 W : 87,2 in \u2013 D : 34,2 in (the top included 1,4 in)<\/span><\/i><\/p>\n<p class=\"MsoNormal\"><i><span style=\"font-size: 12pt\">Provenance : collection of the comtesse Francesca Vacca Agusta, Villa Altachiara, in Porto Fino, Italy.<\/span><\/i><\/p>\n","protected":false},"excerpt":{"rendered":"<p class=\"MsoNormal\"><i><span style=\"font-size: 12pt\">Table de milieu\u00a0<\/span><\/i><\/p>\n<p class=\"MsoNormal\"><i><span style=\"font-size: 12pt\">Epoque XX\u00e8me si\u00e8cle<\/span><\/i><\/p>\n<p class=\"MsoNormal\"><i><span style=\"font-size: 12pt\">Dimensions\u00a0: H\u00a0: 86 cm &#8211; L\u00a0: 221,5 cm \u2013 P\u00a0: 87 cm. ( \u00e9paisseur plateau incluse\u00a0: 3,5 cm.)<\/span><\/i><\/p>\n<p class=\"MsoNormal\"><i><span style=\"font-size: 12pt\">Provenance : ancienne collection de la comtesse Francesca Vacca Agusta, propri\u00e9taire de la Villa Altachiara, \u00e0 Porto Fino, Italie<\/span><\/i><\/p>\n<p><br data-mce-bogus=\"1\"><\/p>\n<p class=\"MsoNormal\"><i><span style=\"font-size: 12pt\">Table\u00a0<\/span><\/i><\/p>\n<p class=\"MsoNormal\"><i><span style=\"font-size: 12pt\">Epoque 20th century<\/span><\/i><\/p>\n<p class=\"MsoNormal\"><i><span style=\"font-size: 12pt\">Diemsnions\u00a0: H\u00a0: 33,8 in \u2013 W\u00a0: 87,2 in \u2013 D\u00a0: 34,2 in (the top included 1,4 in)<\/span><\/i><\/p>\n<p class=\"MsoNormal\"><i><span style=\"font-size: 12pt\"><\/span><\/i><i style=\"font-size: medium\"><span>Provenance : collection of the comtesse Francesca Vacca Agusta, for the Villa Altachiara, in Porto Fino, Italy<\/span><\/i><span style=\"font-size: medium\"><\/span><\/p>\n","protected":false},"featured_media":18814,"template":"","meta":[],"product_brand":[],"product_cat":[231],"product_tag":[],"class_list":{"0":"post-18820","1":"product","2":"type-product","3":"status-publish","4":"has-post-thumbnail","6":"product_cat-vichot","7":"description-off","9":"first","10":"instock","11":"shipping-taxable","12":"product-type-simple"},"aioseo_notices":[],"_links":{"self":[{"href":"https:\/\/www.carrerivegauche.com\/fr\/wp-json\/wp\/v2\/product\/18820","targetHints":{"allow":["GET"]}}],"collection":[{"href":"https:\/\/www.carrerivegauche.com\/fr\/wp-json\/wp\/v2\/product"}],"about":[{"href":"https:\/\/www.carrerivegauche.com\/fr\/wp-json\/wp\/v2\/types\/product"}],"wp:featuredmedia":[{"embeddable":true,"href":"https:\/\/www.carrerivegauche.com\/fr\/wp-json\/wp\/v2\/media\/18814"}],"wp:attachment":[{"href":"https:\/\/www.carrerivegauche.com\/fr\/wp-json\/wp\/v2\/media?parent=18820"}],"wp:term":[{"taxonomy":"product_brand","embeddable":true,"href":"https:\/\/www.carrerivegauche.com\/fr\/wp-json\/wp\/v2\/product_brand?post=18820"},{"taxonomy":"product_cat","embeddable":true,"href":"https:\/\/www.carrerivegauche.com\/fr\/wp-json\/wp\/v2\/product_cat?post=18820"},{"taxonomy":"product_tag","embeddable":true,"href":"https:\/\/www.carrerivegauche.com\/fr\/wp-json\/wp\/v2\/product_tag?post=18820"}],"curies":[{"name":"wp","href":"https:\/\/api.w.org\/{rel}","templated":true}]}}