 

{"id":18813,"date":"2023-04-06T17:00:56","date_gmt":"2023-04-06T15:00:56","guid":{"rendered":"https:\/\/www.carrerivegauche.com\/boutique-crg\/paire-darmoires-en-marqueterie-boulle\/"},"modified":"2023-04-12T13:23:13","modified_gmt":"2023-04-12T11:23:13","slug":"paire-darmoires-en-marqueterie-boulle","status":"publish","type":"product","link":"https:\/\/www.carrerivegauche.com\/fr\/boutique-crg\/paire-darmoires-en-marqueterie-boulle\/","title":{"rendered":"Paire d&rsquo;armoires en marqueterie Boulle"},"content":{"rendered":"<p class=\"MsoNormal\"><span style=\"font-size: 14pt\">Rare paire d&rsquo;armoires en marqueterie Boulle<\/span><\/p>\n<p class=\"MsoNormal\"><span style=\"font-size: 14pt\">partie et contre-partie, agr\u00e9ment\u00e9es d\u2019une riche ornementation de bronze cisel\u00e9 dor\u00e9. Plaqu\u00e9es de bois noirci, \u00e0 d\u00e9cor d\u2019une riche ornementation de bronze dor\u00e9 tels que frise sous la corniche, importantes charni\u00e8res, serrures, bronzes en applique et filets. Les portes enti\u00e8rement orn\u00e9es de marqueterie Boulle en \u00e9caille de tortue et laiton dor\u00e9.<\/span><\/p>\n<p class=\"MsoNormal\"><span style=\"font-size: 12pt\">Epoque fin XVIII\u00e8me &#8211; d\u00e9but XIX\u00e8me si\u00e8cle.<\/span><\/p>\n<p class=\"MsoNormal\"><span style=\"font-size: 12pt\">Dimensions : H : 180,5 cm &#8211; L : 144 cm &#8211; P : 42,5 cm.<\/span><\/p>\n<p class=\"MsoNormal\"><span style=\"font-size: 12pt\">\u00a0<\/span><\/p>\n<p class=\"MsoNormal\"><span style=\"font-size: 12pt\">Ce mod\u00e8le d\u2019armoires est inspir\u00e9 du mod\u00e8le cr\u00e9e par Andr\u00e9-Charles Boulle (1642-1732) vers 1700\u00a0:<\/span><\/p>\n<p class=\"MsoNormal\"><span style=\"font-size: 12pt\">L\u2019armoire de L\u2019histoire d\u2019Appollon, 1695-1700, anciennes collections Leboudy et Givenchy, et celle appartenant \u00e0 la Wallace Collection de Londres,<\/span><\/p>\n<p class=\"MsoNormal\"><span style=\"font-size: 12pt\">Cf Andr\u00e9 Charles Boulle, par Jean N\u00e9r\u00e9e Ronfort, Somogy 2009, illustrations p.73 et\u00a0 p.146.<\/span><\/p>\n<p class=\"MsoNormal\"><span style=\"font-size: 12pt\">\u00a0<\/span><\/p>\n<p class=\"MsoNormal\"><span style=\"font-size: 14pt\">A pair of partie and contre-partie Boulle marquetry cabinets<\/span><\/p>\n<p class=\"MsoNormal\"><span style=\"font-size: 12pt\">Decorated with important gilt bronze mounts<\/span><\/p>\n<p class=\"MsoNormal\"><span style=\"font-size: 12pt\">Rare pair of cabinets in Boulle marquetry, part and counter-part. Veneered with blackened wood, decorated with rich gilt bronze ornamentation such as a frieze under the cornice, important hinges, locks, applied bronzes. The doors are entirely ornamented with Boulle marquetry in tortoiseshell and gilded brass.<\/span><\/p>\n<p class=\"MsoNormal\"><span style=\"font-size: 12pt\">Epoque\u00a0: late 18th century &#8211; early 19th century<\/span><\/p>\n<p class=\"MsoNormal\"><span style=\"font-size: 12pt\">Dimensions\u00a0: H\u00a0: 71 in \u2013 W\u00a0: 56,7 in \u2013 D\u00a0: 16,7 in.<\/span><\/p>\n<p class=\"MsoNormal\"><span style=\"font-size: 12pt\">\u00a0<\/span><\/p>\n<p class=\"MsoNormal\"><span style=\"font-size: 12pt\">This cabinet model is inspired by the model created by Andr\u00e9-Charles Boulle (1642-1732) around 1700: The cabinet of L&rsquo;histoire d&rsquo;Appollon, 1695-1700, former collections Leboudy and Givenchy, and that belonging to the Wallace Collection of London,<\/span><\/p>\n<p class=\"MsoNormal\"><span style=\"font-size: 12pt\">Cf Andr\u00e9 Charles Boulle, par Jean N\u00e9r\u00e9e Ronfort, Somogy 2009, illustrations p.73 et\u00a0 p.146.<\/span><\/p>\n","protected":false},"excerpt":{"rendered":"<p class=\"MsoNormal\"><span style=\"font-size: 14pt\">Rare paire d&rsquo;armoires en marqueterie Boulle<\/span><\/p>\n<p class=\"MsoNormal\"><span style=\"font-size: 14pt\">partie et contre-partie<\/span><\/p>\n<p class=\"MsoNormal\"><span style=\"font-size: 12pt\">Epoque fin XVIII\u00e8me &#8211; d\u00e9but XIX\u00e8me si\u00e8cle.<\/span><\/p>\n<p class=\"MsoNormal\"><span style=\"font-size: 12pt\">Dimensions : H : 180,5 cm &#8211; L : 144 cm &#8211; P : 42,5 cm.<\/span><\/p>\n<p class=\"MsoNormal\"><span style=\"font-size: 12pt\">\u00a0<\/span><span style=\"font-size: 12pt\">\u00a0<\/span><\/p>\n<p class=\"MsoNormal\"><span style=\"font-size: 14pt\">A pair of partie and contre-partie Boulle marquetry cabinets<\/span><\/p>\n<p class=\"MsoNormal\"><span style=\"font-size: 12pt\">Epoque\u00a0: late 18th century &#8211; early 19th century<\/span><\/p>\n<p class=\"MsoNormal\"><span style=\"font-size: 12pt\">Dimensions\u00a0: H\u00a0: 71 in \u2013 W\u00a0: 56,7 in \u2013 D\u00a0: 16,7 in.<\/span><\/p>\n<p class=\"MsoNormal\"><span style=\"font-size: 12pt\">\u00a0<\/span><\/p>\n<p class=\"MsoNormal\"><br data-mce-bogus=\"1\"><\/p>\n","protected":false},"featured_media":18804,"template":"","meta":[],"product_brand":[],"product_cat":[231],"product_tag":[],"class_list":{"0":"post-18813","1":"product","2":"type-product","3":"status-publish","4":"has-post-thumbnail","6":"product_cat-vichot","7":"description-off","9":"first","10":"instock","11":"shipping-taxable","12":"product-type-simple"},"aioseo_notices":[],"_links":{"self":[{"href":"https:\/\/www.carrerivegauche.com\/fr\/wp-json\/wp\/v2\/product\/18813","targetHints":{"allow":["GET"]}}],"collection":[{"href":"https:\/\/www.carrerivegauche.com\/fr\/wp-json\/wp\/v2\/product"}],"about":[{"href":"https:\/\/www.carrerivegauche.com\/fr\/wp-json\/wp\/v2\/types\/product"}],"wp:featuredmedia":[{"embeddable":true,"href":"https:\/\/www.carrerivegauche.com\/fr\/wp-json\/wp\/v2\/media\/18804"}],"wp:attachment":[{"href":"https:\/\/www.carrerivegauche.com\/fr\/wp-json\/wp\/v2\/media?parent=18813"}],"wp:term":[{"taxonomy":"product_brand","embeddable":true,"href":"https:\/\/www.carrerivegauche.com\/fr\/wp-json\/wp\/v2\/product_brand?post=18813"},{"taxonomy":"product_cat","embeddable":true,"href":"https:\/\/www.carrerivegauche.com\/fr\/wp-json\/wp\/v2\/product_cat?post=18813"},{"taxonomy":"product_tag","embeddable":true,"href":"https:\/\/www.carrerivegauche.com\/fr\/wp-json\/wp\/v2\/product_tag?post=18813"}],"curies":[{"name":"wp","href":"https:\/\/api.w.org\/{rel}","templated":true}]}}