 

{"id":18803,"date":"2023-04-06T16:12:40","date_gmt":"2023-04-06T14:12:40","guid":{"rendered":"https:\/\/www.carrerivegauche.com\/boutique-crg\/bureau-plat-louis-xv-attribue-a-bvrb\/"},"modified":"2023-04-12T13:22:59","modified_gmt":"2023-04-12T11:22:59","slug":"bureau-plat-louis-xv-attribue-a-bvrb","status":"publish","type":"product","link":"https:\/\/www.carrerivegauche.com\/fr\/boutique-crg\/bureau-plat-louis-xv-attribue-a-bvrb\/","title":{"rendered":"Bureau plat Louis XV attribu\u00e9 \u00e0 BVRB"},"content":{"rendered":"<p class=\"MsoNormal\"><b><span style=\"font-size: 14pt;color: navy\" data-mce-style=\"font-size: 14pt; color: navy;\">Attribu\u00e9 \u00e0 Bernard II Van Risen Burgh ( 1696-1765 ), ma\u00eetre vers 1735<\/span><\/b><\/p>\n<p class=\"MsoNormal\"><b><span style=\"font-size: 14pt;color: navy\" data-mce-style=\"font-size: 14pt; color: navy;\">Bureau plat Louis XV<\/span><\/b><\/p>\n<p class=\"MsoNormal\"><span style=\"font-size: 12pt;color: navy\" data-mce-style=\"font-size: 12pt; color: navy;\">A d\u00e9cor de marqueterie en bois de violette. Le plateau de forme rectangulaire couvert d\u2019un cuir noir encadr\u00e9 de deux rangs de frise de placage en chevrons. Il est cintr\u00e9 par une large lingoti\u00e8re mouvement\u00e9e, les angles orn\u00e9s d\u2019un \u00e9coin\u00e7on. La ceinture est mouvement\u00e9e sur quatre faces et pr\u00e9sente un tr\u00e8s beau jeu de placages dans des encadrements\u00a0; elle ouvre en fa\u00e7ade par trois tiroirs, et comporte trois tiroirs simul\u00e9s \u00e0 l\u2019arri\u00e8re. Elle repose sur quatre pieds galb\u00e9s \u00e0 pans coup\u00e9s. Le tout est orn\u00e9 d\u2019une ornementation de bronzes finement cisel\u00e9s et dor\u00e9s \u00e0 d\u00e9cor rocaille.<\/span><\/p>\n<p class=\"MsoNormal\"><span style=\"font-size: 12pt;color: navy\" data-mce-style=\"font-size: 12pt; color: navy;\">Epoque\u00a0: circa 1745-1750 \u2013 XVIII\u00e8me si\u00e8cle<\/span><\/p>\n<p class=\"MsoNormal\"><span style=\"font-size: 12pt;color: navy\" data-mce-style=\"font-size: 12pt; color: navy;\">Provenance\u00a0: France<\/span><\/p>\n<p class=\"MsoNormal\"><span style=\"font-size: 12pt;color: navy\" data-mce-style=\"font-size: 12pt; color: navy;\">Dimensions\u00a0: H 76 cm \u2013 L 148 cm \u2013 P 77 cm.<\/span><\/p>\n<p class=\"MsoNormal\"><span style=\"font-size: 12pt;color: navy\" data-mce-style=\"font-size: 12pt; color: navy;\">Provenance : Vraisemblablement ancienne collection priv\u00e9e anglaise. Ceci nous est sugg\u00e9r\u00e9 par la marque au fer \u00ab E.H.B. \u00bb plac\u00e9e sous la ceinture au centre en retrait. Cette marque est vraisemblablement celle de Edward Holmes BALDOCK (1777-1845), \u00e9b\u00e9niste devenu l\u2019un des premiers antiquaires connu d\u2019Angleterre, et fournisseur de la famille Royale.<\/span><\/p>\n<p class=\"MsoNormal\"><span style=\"font-size: 12pt;color: navy\" data-mce-style=\"font-size: 12pt; color: navy;\">L\u2019ensemble pr\u00e9sente une grande harmonie et respecte un \u00e9quilibre complexe et tenu entre d\u00e9coration et \u00e9l\u00e9gance.<\/span><\/p>\n<p class=\"MsoNormal\"><span style=\"font-size: 12pt;color: navy\" data-mce-style=\"font-size: 12pt; color: navy;\">Bernard II V<\/span><\/p>\n<p class=\"MsoNormal\"><span style=\"font-size: 12pt;color: navy\" data-mce-style=\"font-size: 12pt; color: navy;\">an Risen Burgh accorde une importance particuli\u00e8re au choix des bronzes qui ornent ses meubles.<\/span><\/p>\n<p class=\"MsoNormal\"><span style=\"font-size: 12pt;color: navy\" data-mce-style=\"font-size: 12pt; color: navy;\">Certains constituent presque une signature du ma\u00eetre. C\u2019est ainsi que l\u2019on retrouve sur plusieurs bureaux les m\u00eames bronzes.<\/span><\/p>\n<p class=\"MsoNormal\"><span style=\"font-size: 12pt;color: navy\" data-mce-style=\"font-size: 12pt; color: navy;\">C\u2019est le cas des bronzes tr\u00e8s particuliers qui encadrent les angles du tiroir central de notre bureau.<\/span><\/p>\n<p class=\"MsoNormal\"><span style=\"font-size: 12pt;color: navy\" data-mce-style=\"font-size: 12pt; color: navy;\">Ceux-ci se retrouvent notamment sur un bureau plat Louis XV sign\u00e9 de BVRB, appartenant aux collections du Metropolitan Museum de New York, et provenant de la collection Lesley and Emma Sheafer.\u00a0<\/span><\/p>\n<p>Nous contacter pour plus d&rsquo;informations.<\/p>\n<p><\/p>\n<p><\/p>\n","protected":false},"excerpt":{"rendered":"<p class=\"MsoNormal\"><b><span style=\"font-size: 14pt;color: navy\" data-mce-style=\"font-size: 14pt; color: navy;\">Attribu\u00e9 \u00e0 Bernard II VAN RISEN BURGH ( 1696-1765 ), ma\u00eetre vers 1735<\/span><\/b><\/p>\n<p class=\"MsoNormal\"><b><span style=\"font-size: 14pt;color: navy\" data-mce-style=\"font-size: 14pt; color: navy;\">Bureau plat Louis XV<\/span><\/b><\/p>\n<p class=\"MsoNormal\"><\/p>\n","protected":false},"featured_media":18794,"template":"","meta":[],"product_brand":[],"product_cat":[231],"product_tag":[],"class_list":{"0":"post-18803","1":"product","2":"type-product","3":"status-publish","4":"has-post-thumbnail","6":"product_cat-vichot","7":"description-off","9":"first","10":"instock","11":"shipping-taxable","12":"product-type-simple"},"aioseo_notices":[],"_links":{"self":[{"href":"https:\/\/www.carrerivegauche.com\/fr\/wp-json\/wp\/v2\/product\/18803","targetHints":{"allow":["GET"]}}],"collection":[{"href":"https:\/\/www.carrerivegauche.com\/fr\/wp-json\/wp\/v2\/product"}],"about":[{"href":"https:\/\/www.carrerivegauche.com\/fr\/wp-json\/wp\/v2\/types\/product"}],"wp:featuredmedia":[{"embeddable":true,"href":"https:\/\/www.carrerivegauche.com\/fr\/wp-json\/wp\/v2\/media\/18794"}],"wp:attachment":[{"href":"https:\/\/www.carrerivegauche.com\/fr\/wp-json\/wp\/v2\/media?parent=18803"}],"wp:term":[{"taxonomy":"product_brand","embeddable":true,"href":"https:\/\/www.carrerivegauche.com\/fr\/wp-json\/wp\/v2\/product_brand?post=18803"},{"taxonomy":"product_cat","embeddable":true,"href":"https:\/\/www.carrerivegauche.com\/fr\/wp-json\/wp\/v2\/product_cat?post=18803"},{"taxonomy":"product_tag","embeddable":true,"href":"https:\/\/www.carrerivegauche.com\/fr\/wp-json\/wp\/v2\/product_tag?post=18803"}],"curies":[{"name":"wp","href":"https:\/\/api.w.org\/{rel}","templated":true}]}}