 

{"id":18718,"date":"2023-04-01T17:55:15","date_gmt":"2023-04-01T15:55:15","guid":{"rendered":"https:\/\/www.carrerivegauche.com\/boutique-crg\/cariatide-en-bois-sculpte-epoque-16eme\/"},"modified":"2023-04-12T13:21:28","modified_gmt":"2023-04-12T11:21:28","slug":"cariatide-en-bois-sculpte-epoque-16eme","status":"publish","type":"product","link":"https:\/\/www.carrerivegauche.com\/fr\/boutique-crg\/cariatide-en-bois-sculpte-epoque-16eme\/","title":{"rendered":"Cariatide en bois sculpt\u00e9, \u00e9poque 16\u00e8me"},"content":{"rendered":"<p><br data-mce-bogus=\"1\"><\/p>\n","protected":false},"excerpt":{"rendered":"<p><span style=\"vertical-align: inherit\">Tr\u00e8s belle cariatide en noyer sculpt\u00e9, belle ma\u00eetrise et expression donn\u00e9e par le sculpteur. <\/span><br \/><span style=\"vertical-align: inherit\">\u00c9l\u00e9ment tr\u00e8s probablement int\u00e9gr\u00e9 dans une boiserie .<\/span><\/p>\n<p><span style=\"vertical-align: inherit\">La cariatide est une statue f\u00e9minine drap\u00e9e et debout dont la t\u00eate sert de support \u00e0 un entablement ou une corniche.<\/span><\/p>\n","protected":false},"featured_media":18703,"template":"","meta":[],"product_brand":[],"product_cat":[278],"product_tag":[],"class_list":{"0":"post-18718","1":"product","2":"type-product","3":"status-publish","4":"has-post-thumbnail","6":"product_cat-saint-martin","7":"description-off","9":"first","10":"instock","11":"shipping-taxable","12":"purchasable","13":"product-type-simple"},"aioseo_notices":[],"_links":{"self":[{"href":"https:\/\/www.carrerivegauche.com\/fr\/wp-json\/wp\/v2\/product\/18718","targetHints":{"allow":["GET"]}}],"collection":[{"href":"https:\/\/www.carrerivegauche.com\/fr\/wp-json\/wp\/v2\/product"}],"about":[{"href":"https:\/\/www.carrerivegauche.com\/fr\/wp-json\/wp\/v2\/types\/product"}],"wp:featuredmedia":[{"embeddable":true,"href":"https:\/\/www.carrerivegauche.com\/fr\/wp-json\/wp\/v2\/media\/18703"}],"wp:attachment":[{"href":"https:\/\/www.carrerivegauche.com\/fr\/wp-json\/wp\/v2\/media?parent=18718"}],"wp:term":[{"taxonomy":"product_brand","embeddable":true,"href":"https:\/\/www.carrerivegauche.com\/fr\/wp-json\/wp\/v2\/product_brand?post=18718"},{"taxonomy":"product_cat","embeddable":true,"href":"https:\/\/www.carrerivegauche.com\/fr\/wp-json\/wp\/v2\/product_cat?post=18718"},{"taxonomy":"product_tag","embeddable":true,"href":"https:\/\/www.carrerivegauche.com\/fr\/wp-json\/wp\/v2\/product_tag?post=18718"}],"curies":[{"name":"wp","href":"https:\/\/api.w.org\/{rel}","templated":true}]}}