 

{"id":18699,"date":"2023-04-01T17:50:41","date_gmt":"2023-04-01T15:50:41","guid":{"rendered":"https:\/\/www.carrerivegauche.com\/boutique-crg\/vierge-ou-sainte-en-bois-sculpte-epoque-16eme\/"},"modified":"2023-04-12T13:21:12","modified_gmt":"2023-04-12T11:21:12","slug":"vierge-ou-sainte-en-bois-sculpte-epoque-16eme","status":"publish","type":"product","link":"https:\/\/www.carrerivegauche.com\/fr\/boutique-crg\/vierge-ou-sainte-en-bois-sculpte-epoque-16eme\/","title":{"rendered":"Vierge ou Sainte en bois sculpt\u00e9, \u00e9poque 16\u00e8me"},"content":{"rendered":"<p><br data-mce-bogus=\"1\"><\/p>\n","protected":false},"excerpt":{"rendered":"<p>Bel \u00e9tat g\u00e9n\u00e9ral, belle expression du visage, cheveux et couronne finement sculpt\u00e9s.<\/p>\n<p>Le drap\u00e9 du tissu est tr\u00e8s travaill\u00e9 et pr\u00e9sente d&rsquo;anciennes traces de polychromie.<\/p>\n","protected":false},"featured_media":18687,"template":"","meta":[],"product_brand":[],"product_cat":[278],"product_tag":[],"class_list":{"0":"post-18699","1":"product","2":"type-product","3":"status-publish","4":"has-post-thumbnail","6":"product_cat-saint-martin","7":"description-off","9":"first","10":"instock","11":"shipping-taxable","12":"purchasable","13":"product-type-simple"},"aioseo_notices":[],"_links":{"self":[{"href":"https:\/\/www.carrerivegauche.com\/fr\/wp-json\/wp\/v2\/product\/18699","targetHints":{"allow":["GET"]}}],"collection":[{"href":"https:\/\/www.carrerivegauche.com\/fr\/wp-json\/wp\/v2\/product"}],"about":[{"href":"https:\/\/www.carrerivegauche.com\/fr\/wp-json\/wp\/v2\/types\/product"}],"wp:featuredmedia":[{"embeddable":true,"href":"https:\/\/www.carrerivegauche.com\/fr\/wp-json\/wp\/v2\/media\/18687"}],"wp:attachment":[{"href":"https:\/\/www.carrerivegauche.com\/fr\/wp-json\/wp\/v2\/media?parent=18699"}],"wp:term":[{"taxonomy":"product_brand","embeddable":true,"href":"https:\/\/www.carrerivegauche.com\/fr\/wp-json\/wp\/v2\/product_brand?post=18699"},{"taxonomy":"product_cat","embeddable":true,"href":"https:\/\/www.carrerivegauche.com\/fr\/wp-json\/wp\/v2\/product_cat?post=18699"},{"taxonomy":"product_tag","embeddable":true,"href":"https:\/\/www.carrerivegauche.com\/fr\/wp-json\/wp\/v2\/product_tag?post=18699"}],"curies":[{"name":"wp","href":"https:\/\/api.w.org\/{rel}","templated":true}]}}