 

{"id":18661,"date":"2023-04-01T17:27:03","date_gmt":"2023-04-01T15:27:03","guid":{"rendered":"https:\/\/www.carrerivegauche.com\/boutique-crg\/billard-francais-en-noyer-epoque-directoire\/"},"modified":"2023-12-07T15:55:45","modified_gmt":"2023-12-07T14:55:45","slug":"billard-francais-en-noyer-epoque-directoire","status":"publish","type":"product","link":"https:\/\/www.carrerivegauche.com\/fr\/boutique-crg\/billard-francais-en-noyer-epoque-directoire\/","title":{"rendered":"Billard fran\u00e7ais en noyer \u00e9poque directoire"},"content":{"rendered":"<p><\/p>\n","protected":false},"excerpt":{"rendered":"<p>Exceptionnel billard fran\u00e7ais.<\/p>\n<p>Notre billard est en noyer. D&rsquo;\u00e9poque Directoire.<br \/>De belle fracture, les courbes discr\u00e8tes et les lignes droites sans rigidit\u00e9s, s&rsquo;allient dans une grande \u00e9l\u00e9gance.<br \/>Il est d&rsquo;une taille peu commune.<br \/>Il se pourrait qu&rsquo;il soit de l&rsquo;\u00e9beniste Georges JACOB (1739-1814), l&rsquo;un des plus grands ma\u00eetres de son \u00e9poque<\/p>\n","protected":false},"featured_media":18649,"template":"","meta":[],"product_brand":[],"product_cat":[278],"product_tag":[],"class_list":{"0":"post-18661","1":"product","2":"type-product","3":"status-publish","4":"has-post-thumbnail","6":"product_cat-saint-martin","7":"description-off","9":"first","10":"instock","11":"shipping-taxable","12":"purchasable","13":"product-type-simple"},"aioseo_notices":[],"_links":{"self":[{"href":"https:\/\/www.carrerivegauche.com\/fr\/wp-json\/wp\/v2\/product\/18661","targetHints":{"allow":["GET"]}}],"collection":[{"href":"https:\/\/www.carrerivegauche.com\/fr\/wp-json\/wp\/v2\/product"}],"about":[{"href":"https:\/\/www.carrerivegauche.com\/fr\/wp-json\/wp\/v2\/types\/product"}],"wp:featuredmedia":[{"embeddable":true,"href":"https:\/\/www.carrerivegauche.com\/fr\/wp-json\/wp\/v2\/media\/18649"}],"wp:attachment":[{"href":"https:\/\/www.carrerivegauche.com\/fr\/wp-json\/wp\/v2\/media?parent=18661"}],"wp:term":[{"taxonomy":"product_brand","embeddable":true,"href":"https:\/\/www.carrerivegauche.com\/fr\/wp-json\/wp\/v2\/product_brand?post=18661"},{"taxonomy":"product_cat","embeddable":true,"href":"https:\/\/www.carrerivegauche.com\/fr\/wp-json\/wp\/v2\/product_cat?post=18661"},{"taxonomy":"product_tag","embeddable":true,"href":"https:\/\/www.carrerivegauche.com\/fr\/wp-json\/wp\/v2\/product_tag?post=18661"}],"curies":[{"name":"wp","href":"https:\/\/api.w.org\/{rel}","templated":true}]}}