 

{"id":18321,"date":"2023-03-03T12:24:35","date_gmt":"2023-03-03T11:24:35","guid":{"rendered":"https:\/\/www.carrerivegauche.com\/boutique-crg\/sophie-gallardo-et-georges-guillaume-cassan-secretaire-australie\/"},"modified":"2023-04-12T13:16:18","modified_gmt":"2023-04-12T11:16:18","slug":"sophie-gallardo-et-georges-guillaume-cassan-secretaire-australie","status":"publish","type":"product","link":"https:\/\/www.carrerivegauche.com\/fr\/boutique-crg\/sophie-gallardo-et-georges-guillaume-cassan-secretaire-australie\/","title":{"rendered":"Sophie Gallardo et Georges-Guillaume Cassan, Secr\u00e9taire Australie"},"content":{"rendered":"<p>Ce secr\u00e9taire italien de la fin des ann\u00e9es 1940, a \u00e9t\u00e9 retravaill\u00e9 par deux artistes-cr\u00e9ateurs\u00a0: Sophie Gallardo et Georges-Guillaume Cassan. Ils transforment des meubles anciens en \u0153uvres d\u2019art contemporaines en conjuguant la modernit\u00e9 aux mat\u00e9riaux naturels.\u00a0<\/p>\n<p>Sophie Gallardo \u00e9tudie la d\u00e9coration int\u00e9rieure, puis se forme \u00e0 la restauration de peinture sur bois pour r\u00e9habiliter des meubles anciens. Elle acquiert des techniques anciennes aupr\u00e8s de professionnels renomm\u00e9s, et elle travaille principalement l\u2019\u00e9corce de bouleau.<\/p>\n<p>Le travail de Sophie Gallardo et Georges-Guillaume Cassan permet de valoriser ces \u00e9corces de bouleau qui pars\u00e8ment la for\u00eat. Ils inventent alors un proc\u00e9d\u00e9 atypique tout en d\u00e9veloppant un savoir-faire unique au monde\u00a0: la marqueterie \u00e0 base d\u2019\u00e9corce de bouleau qui vient habiller le mobilier ancien.\u00a0<\/p>\n<p>Le choix de ce type d\u2019\u00e9corce s\u2019est impos\u00e9 aux deux cr\u00e9ateurs, d\u2019une part, gr\u00e2ce \u00e0 la singularit\u00e9 de cet arbre blanc tachet\u00e9 de noir, et d\u2019autre part, gr\u00e2ce \u00e0 la symbolique du bouleau qui est un arbre sacr\u00e9 pour les am\u00e9rindiens, symbole de sagesse.\u00a0<\/p>\n<p>Chaque pi\u00e8ce est unique et n\u00e9cessite plusieurs mois de travail. Ils interviennent sur du mobilier de belle facture (du XVIIe si\u00e8cle aux ann\u00e9es 1970), jouant souvent des imperfections de l\u2019\u00e9corce, des accidents de la mati\u00e8re pour cr\u00e9er des formes graphiques et des motifs singuliers.\u00a0<\/p>\n<p>Ce plaquage en \u00e9corce de bouleau est ensuite incrust\u00e9, de mani\u00e8re \u00e9parse, d\u2019une grande diversit\u00e9 de min\u00e9raux tels que la labradorite, le cristal de roche ou encore l&rsquo;am\u00e9thyste. Ce proc\u00e9d\u00e9 offre au mobilier un aspect naturel et fantasque, transformant chaque pi\u00e8ce en cabinets de curiosit\u00e9s.<\/p>\n<p>____________________________________________________________________________________________________________________________________________________________________________________________________________________________________<\/p>\n<p><em><span data-mce-style=\"font-family: 'Helvetica Neue'; font-size: 13px; text-align: justify;\">Sophie Gallardo has studied interior design before learning wood painting restoration. She acquired ancient technics from renowned profesionnals.<\/span><span data-mce-style=\"font-family: 'Helvetica Neue'; font-size: 13px; text-align: justify;\">\u00a0<\/span><\/em><\/p>\n<p><em>Sophie Gallardo and Georges-Guillaume Cassan chose to promote birch bark they saw growing in the forest. They then invented a unic and exceptionnal process to create birch bark marquetry.<\/em><em>\u00a0<\/em><\/p>\n<p><em>Each piece is unique and its making can take up to three months. Gallardo and Cassan operate on fine furniture (from 17th century to 1970s) playing with bark imperfections, reliefs of the material to create graphic shapes and motifs. Mineral inlays (labradorite, rock crystal, amethyst) punctuate the surfaces as gems turning these pieces of furnitures into cabinets of curiosity.<\/em><\/p>\n","protected":false},"excerpt":{"rendered":"<p><b>SECR\u00c9TAIRE AUSTRALIE<\/b><\/p>\n<p><b>Par Sophie Gallardo &amp; Georges-Guillaume Cassan<\/b><\/p>\n<p>Hauteur\u00a0: 133 cm\u00a0<br \/>Largeur\u00a0: 90 cm<br \/>Profondeur\u00a0: 44 cm<\/p>\n<p><b>R\u00e9alis\u00e9 \u00e0 partir d\u2019un secr\u00e9taire italien des ann\u00e9es 1940.\u00a0<br \/><\/b>Marqueterie d\u2019\u00e9corce de bouleau et incrustation de min\u00e9raux : pierre, labradorite (int\u00e9rieur ext\u00e9rieur), am\u00e9thyste, cristaux.<br \/>L\u2019int\u00e9rieur en marqueterie de paille, avec feuille d\u2019argent patin\u00e9e.<br \/>Les deux portes sont marquet\u00e9es sur les deux faces avec un miroir \u00e0 l\u2019int\u00e9rieur pour faire rentrer la lumi\u00e8re et refl\u00e9ter la marqueterie au-dessus, poign\u00e9es en cristal de roche, marbre \u00ab <i>rain forest green<\/i> \u00bb du Rajasthan.<\/p>\n<p><em><b>AUSTRALIAN DESK<br \/><\/b><\/em><em><b>UNIC AND STAMPED PIECE<\/b><\/em><\/p>\n<p><em><b>SOPHIE GALLARDO &amp; GEORGES CASSAN<\/b><\/em><\/p>\n<p><em>Full height : 133 cm including 2 cm marble<br \/><\/em><em>Length : 90 cm<br \/><\/em><em>Depth : 44 cm<br \/><\/em><em>Table top : 82.5 x 70 cm<\/em><\/p>\n<p><em>Inner dimensions \u00ab lower part \u00bb<br \/><\/em><em>Length : 76 cm<br \/><\/em><em>Depth : 44 cm<\/em><\/p>\n<p><em><b>Made from an Italian desk from the late 1940s.<br \/><\/b><\/em><em>Birch bark marquetry and mineral inlays : stone, labradorite (inside outside), amethyst, crystals. The inside is enriched with straw marquetry and patinated silver foils.\u00a0<br \/><\/em><em>The two doors present marquetry on both sides with an inner mirror to provide light and reflect the top marquetry. Rock crystal handles, Rain forest green marble from Rajahstan.<\/em><\/p>\n","protected":false},"featured_media":18318,"template":"","meta":[],"product_brand":[],"product_cat":[224],"product_tag":[],"class_list":{"0":"post-18321","1":"product","2":"type-product","3":"status-publish","4":"has-post-thumbnail","6":"product_cat-laroche","7":"description-off","9":"first","10":"instock","11":"shipping-taxable","12":"product-type-simple"},"aioseo_notices":[],"_links":{"self":[{"href":"https:\/\/www.carrerivegauche.com\/fr\/wp-json\/wp\/v2\/product\/18321","targetHints":{"allow":["GET"]}}],"collection":[{"href":"https:\/\/www.carrerivegauche.com\/fr\/wp-json\/wp\/v2\/product"}],"about":[{"href":"https:\/\/www.carrerivegauche.com\/fr\/wp-json\/wp\/v2\/types\/product"}],"wp:featuredmedia":[{"embeddable":true,"href":"https:\/\/www.carrerivegauche.com\/fr\/wp-json\/wp\/v2\/media\/18318"}],"wp:attachment":[{"href":"https:\/\/www.carrerivegauche.com\/fr\/wp-json\/wp\/v2\/media?parent=18321"}],"wp:term":[{"taxonomy":"product_brand","embeddable":true,"href":"https:\/\/www.carrerivegauche.com\/fr\/wp-json\/wp\/v2\/product_brand?post=18321"},{"taxonomy":"product_cat","embeddable":true,"href":"https:\/\/www.carrerivegauche.com\/fr\/wp-json\/wp\/v2\/product_cat?post=18321"},{"taxonomy":"product_tag","embeddable":true,"href":"https:\/\/www.carrerivegauche.com\/fr\/wp-json\/wp\/v2\/product_tag?post=18321"}],"curies":[{"name":"wp","href":"https:\/\/api.w.org\/{rel}","templated":true}]}}