 

{"id":18317,"date":"2023-03-03T12:16:38","date_gmt":"2023-03-03T11:16:38","guid":{"rendered":"https:\/\/www.carrerivegauche.com\/boutique-crg\/importante-vierge-a-lenfant-du-xve-siecle-en-bois-sculpte-polychrome-2\/"},"modified":"2023-04-12T13:16:01","modified_gmt":"2023-04-12T11:16:01","slug":"importante-vierge-a-lenfant-du-xve-siecle-en-bois-sculpte-polychrome-2","status":"publish","type":"product","link":"https:\/\/www.carrerivegauche.com\/fr\/boutique-crg\/importante-vierge-a-lenfant-du-xve-siecle-en-bois-sculpte-polychrome-2\/","title":{"rendered":"Importante Vierge \u00e0 l&rsquo;Enfant du XVe si\u00e8cle en bois sculpt\u00e9 polychrome"},"content":{"rendered":"<p>D\u00e8s 1430, la sculpture connait un renouvellement stylistique profond et qui se poursuivra jusqu\u2019en 1530, il s\u2019agit du gothique dit tardif. Cette production est notamment marqu\u00e9e par une recherche de r\u00e9alisme.\u00a0<\/p>\n<p>Cette importante Vierge \u00e0 l\u2019Enfant est rev\u00eatue d\u2019une longue robe rouge \u00e0 l\u2019encolure dor\u00e9e. Une fine ceinture dor\u00e9e marque sa taille.\u00a0<\/p>\n<p>De sa main droite, elle retient un pan de son lourd manteau bleu au revers vert. De profonds plis en V en creusent le drap\u00e9 tandis que s\u2019\u00e9talent g\u00e9n\u00e9reusement les plis de sa robe au niveau du sol, comme il \u00e9tait alors d\u2019usage.\u00a0<\/p>\n<p>Son beau visage \u00e0 l\u2019ovale plein, aux yeux en amande, au nez droit et long, aux l\u00e8vres fermes au model\u00e9 d\u00e9licat et au petit menton rond est emprunt d\u2019une grande douceur. Son regard lointain lui donne n\u00e9anmoins l\u2019air pensif. Son front haut et large est ceint d\u2019une couronne \u00e0 fleurons qui maintient un voile. Un pan de ce dernier passe devant le buste de la Vierge, en diagonal. Elle le maintient de sa main gauche, sous l\u2019Enfant J\u00e9sus. Son abondante chevelure blonde ondoyante se r\u00e9pand sur ses \u00e9paules et dans son dos.\u00a0<\/p>\n<p>Elle est repr\u00e9sent\u00e9e sans hanchement. Dans une pose tr\u00e8s r\u00e9aliste, son buste l\u00e9g\u00e8rement renvers\u00e9 en raison du poids de l\u2019Enfant qu\u2019elle porte sur son bras gauche.\u00a0<\/p>\n<p>Son enfant, \u00e0 la chevelure aux m\u00e8ches bien dessin\u00e9es est nu. L\u2019air poupin, les joues rehauss\u00e9es de rouge, le regard vif, il tient dans sa main droite, un globe et de l\u2019autre, il joue avec son petit pied. Ce geste anecdotique conf\u00e8re \u00e0 cette sculpture une grande vitalit\u00e9.<\/p>\n<p>Cette oeuvre remarquable est un tr\u00e8s bel exemple de sculpture des ateliers souabes des derni\u00e8res d\u00e9cennies du XVe si\u00e8cle. Elle en pr\u00e9sente tous les \u00e9l\u00e9ments stylistiques caract\u00e9ristiques : une silhouette robuste au ventre fort et hautement ceintur\u00e9, un visage plein au menton marqu\u00e9, un drap\u00e9 abondant aux plis anguleux mais encore, une grande pr\u00e9sence physique accentu\u00e9e par la polychromie qui restitue les d\u00e9tails anatomiques.<\/p>\n<p>Sophie Guillot de Suduiraut,\u00a0<i>D\u00e9votion et s\u00e9duction, Sculptures souabes des mus\u00e9e de France, vers 1460-1530<\/i>, Paris, mus\u00e9e du Louvre-\u00c9ditions Somogy, 2015<\/p>\n<p>___________________________________________________________________________________________________________________________________________________________________________________________<\/p>\n<p><em>As soon as 1430, sculpture starts a major and deep stylistic evolution than will unfold over a century, until around 1530. We call it the International Gothic. This production is particularly interested in a quest for realism.\u00a0<\/em><\/p>\n<p><em>This important Virgin and Child wears a long red dress with a round gilded neckline. A delicate golden belt cinches her waist.\u00a0<\/em><\/p>\n<p><em>With her right hand she holds her heavy blue coat lined with green. Deep V-shaped pleats emphasise the draping while the bottom of her dress flares and spreads on the floor like it was common at the time.\u00a0<\/em><\/p>\n<p><em>Her beautiful oval face with almond-shaped eyes, straight long nose, determined lips carved with dexterity and her round chin, all bring a great softness to the Virgin. Her gazing look gives her a pensive attitude. Her high and large forehead is crowned with a coronet that secures a veil on her lush blond hair spreading on her shoulders and her back. Noteworthy is the detail of how she uses her veil to carry her child.\u00a0<\/em><\/p>\n<p><em>She is depicted without contraposto, in a realistic posture with her bust slightly tilted towards the back because of the weight of the child she carries.\u00a0<\/em><em>\u00a0<\/em><\/p>\n<p><em>Her child is naked and presents carefully designed curls and a doll-like face. His cheeks are highlighted in red, his look is voluntary and in his right hand he holds an orb. With his left hand he plays with his foot. An anecdotic gesture that animates the sculpture with great vitality.\u00a0<\/em><\/p>\n<p><em>This remarkable work is a very fine example of the production of Swabian workshops in the last decades of the 15th century. It features all the characteristic elements such as a strong figure with a protruding stomach, the belt worn high, the full face with a distinctive chin, the abundant drapery as well as the physical presence of the characters that is brought forward thanks to the polychromy rendering the anatomical details.\u00a0<\/em><\/p>\n<p><em>Literature<br \/><\/em><em>Sophie Guillot de Suduiraut, D\u00e9votion et s\u00e9duction, Sculptures souabes des mus\u00e9e de France, vers 1460-1530, Paris, mus\u00e9e du Louvre-\u00c9ditions Somogy, 2015<\/em><\/p>\n","protected":false},"excerpt":{"rendered":"<p><b>IMPORTANTE VIERGE \u00c0 L\u2019ENFANT DU XVe SI\u00c8CLE EN BOIS SCULPT\u00c9 POLYCHROM\u00c9<\/b><\/p>\n<p><b>ORIGINE : ALLEMAGNE DU SUD, SOUABE<br \/><\/b><b>\u00c9POQUE\u00a0: FIN DU XVe SI\u00c8CLE, VERS 1480-1490<\/b><\/p>\n<p>Hauteur\u00a0: \u00a0125 cm<\/p>\n<p>Bois de tilleul polychrom\u00e9<br \/>Bon \u00e9tat de conservation<br \/>Provenance\u00a0: Collection particuli\u00e8re alsacienne<\/p>\n<p><em><b><br \/>IMPORTANT 15TH CENTURY POLYCHROME WOOD VIRGIN AND CHILD<\/b><\/em><\/p>\n<p><em><b>ORIGIN: SOUTHERN GERMANY<br \/><\/b><\/em><em><b>PERIOD: LATE 15TH CENTURY, ca. \u00a01480-1490<\/b><\/em><\/p>\n<p><em>Height : 125 cm<\/em><\/p>\n<p><em>Polychrome limewood<br \/><\/em><em>Good condition<br \/><\/em><em>Provenance : Private collection, Alsace, France.<\/em><\/p>\n","protected":false},"featured_media":18305,"template":"","meta":[],"product_brand":[],"product_cat":[224],"product_tag":[],"class_list":{"0":"post-18317","1":"product","2":"type-product","3":"status-publish","4":"has-post-thumbnail","6":"product_cat-laroche","7":"description-off","9":"first","10":"instock","11":"shipping-taxable","12":"product-type-simple"},"aioseo_notices":[],"_links":{"self":[{"href":"https:\/\/www.carrerivegauche.com\/fr\/wp-json\/wp\/v2\/product\/18317","targetHints":{"allow":["GET"]}}],"collection":[{"href":"https:\/\/www.carrerivegauche.com\/fr\/wp-json\/wp\/v2\/product"}],"about":[{"href":"https:\/\/www.carrerivegauche.com\/fr\/wp-json\/wp\/v2\/types\/product"}],"wp:featuredmedia":[{"embeddable":true,"href":"https:\/\/www.carrerivegauche.com\/fr\/wp-json\/wp\/v2\/media\/18305"}],"wp:attachment":[{"href":"https:\/\/www.carrerivegauche.com\/fr\/wp-json\/wp\/v2\/media?parent=18317"}],"wp:term":[{"taxonomy":"product_brand","embeddable":true,"href":"https:\/\/www.carrerivegauche.com\/fr\/wp-json\/wp\/v2\/product_brand?post=18317"},{"taxonomy":"product_cat","embeddable":true,"href":"https:\/\/www.carrerivegauche.com\/fr\/wp-json\/wp\/v2\/product_cat?post=18317"},{"taxonomy":"product_tag","embeddable":true,"href":"https:\/\/www.carrerivegauche.com\/fr\/wp-json\/wp\/v2\/product_tag?post=18317"}],"curies":[{"name":"wp","href":"https:\/\/api.w.org\/{rel}","templated":true}]}}