 

{"id":17583,"date":"2023-01-19T16:55:15","date_gmt":"2023-01-19T15:55:15","guid":{"rendered":"https:\/\/www.carrerivegauche.com\/?post_type=product&#038;p=17583"},"modified":"2025-07-05T14:18:54","modified_gmt":"2025-07-05T12:18:54","slug":"panier-ikebana-bambou-japon-showa","status":"publish","type":"product","link":"https:\/\/www.carrerivegauche.com\/fr\/boutique-crg\/panier-ikebana-bambou-japon-showa\/","title":{"rendered":"Panier ikebana bambou Japon Sh\u00f4wa"},"content":{"rendered":"<p>La rugosit\u00e9 de la anse rappelle le bois brut et contraste avec le d\u00e9licat travaille de tressage du panier.<\/p>\n<p>L\u2019ikebana ou Ka-do (la voie des fleurs) est un art traditionnel japonais de composition florale. Contrairement \u00e0 l\u2019art floral occidental, l\u2019ikebana ne vise pas \u00e0 mettre en valeur uniquement la beaut\u00e9 des fleurs et l\u2019harmonie des couleurs. Cet art veut valoriser le vase, les tiges, les feuilles, les branches autant que la fleur elle-m\u00eame. La structure de l\u2019arrangement floral est ax\u00e9e sur\u202ftrois symboles : le ciel, la terre et l\u2019humanit\u00e9.\u202f\u00a0<br \/>L&rsquo;ikebana est une tradition d&rsquo;art floral qui remonte \u00e0 plus de treize si\u00e8cles. Le Japon a re\u00e7u l&rsquo;art floral de la Chine au d\u00e9but du VII\u00e8me si\u00e8cle. La dynastie Tang rayonnait alors sur l\u2019ensemble du monde oriental et les ambassadeurs japonais ramen\u00e8rent avec le bouddhisme la coutume des offrandes florales &#8211; kuge &#8211; aux autels bouddhiques et aux stupa.\u00a0<br \/>\u00a0<br \/>L&rsquo;ambassadeur Ono no Imoko devint le pr\u00eatre Senmu et fut le premier au Japon \u00e0 codifier l&rsquo;art floral, pr\u00e9f\u00e9rant \u00e0 l&rsquo;exub\u00e9rance confuc\u00e9enne la sobri\u00e9t\u00e9 bouddhiste et la rigueur classique du principe trinitaire que l&rsquo;on retrouve encore aujourd&rsquo;hui dans beaucoup de bouquets japonais.\u00a0\u00a0<\/p>\n<p><b>Japon \u2013 \u00c8re Sh\u00f4wa (1926-1989)<\/b><\/p>\n<p>Panier : Hauteur sans anse : 27,4 cm \/ avec anse : 45 cm \u2013 Largeur : 19 cm \u2013 Profondeur : 25,9 cm<\/p>\n<p><span lang=\"EN-US\">The roughness of the handle is a reminder of a raw wood and contrasts with the delicate weaving braiding of the basket.<\/span><\/p>\n<p>Ikebana or Ka-do (the way of flowers) is a traditional Japanese art of flower arrangement. Unlike Western floral art, ikebana does not aim to emphasize only the beauty of the flowers and the harmony of colours. This art wants to enhance the vase, the stems, the leaves, the branches as much as the flower itself. The structure of the floral arrangement is based on three symbols: the sky, the earth and humanity.\u00a0<br \/>Ikebana is a tradition of floral art that dates back over thirteen centuries. Japan was inspired by the floral art of China at the beginning of the 7th century. The Tang dynasty then radiated throughout the Eastern world and the Japanese ambassadors brought back with Buddhism the custom of floral offerings &#8211; kuge &#8211; to Buddhist altars and stupas.\u00a0<\/p>\n<p>The ambassador Ono no Imoko became the priest Senmu, and was the first in Japan to codify floral art. He preferred to the Confucian exuberance the Buddhist sobriety and the Trinitarian principle\u2019s classic rigor than we still find today in many Japanese bouquets.\u00a0\u00a0<\/p>\n<p><b><span lang=\"EN-US\">Japan \u2013 Sh\u00f4wa Era (1926-1989)<\/span><\/b><\/p>\n<p><span lang=\"EN-US\">Basket : Height without handle : 10.8 in. (27.4 cm) \/ with handle 17.7 in. (45 cm) \u2013 Width : 7.5 in. (19 cm) &#8211; Depth : 10.2 in. (25.9 cm)<\/span><\/p>\n","protected":false},"excerpt":{"rendered":"<p>Panier \u00e0 ikebana (<i>hanakago<\/i>) en vannerie de bambou, d\u2019osier tress\u00e9 vernis brun fonc\u00e9 de forme arrondie allong\u00e9e avec une anse compos\u00e9e de trois branches de bois vernis. Des tresses de bambou plus \u00e9paisses sont pr\u00e9sentes sur les quatre c\u00f4t\u00e9s de l\u2019ikebana.<\/p>\n<p><span lang=\"EN-US\">Ikebana basket (<em>hanakago<\/em><span id=\"_mce_caret\" data-mce-bogus=\"1\" data-mce-type=\"format-caret\">)<\/span> <\/span><span lang=\"EN-US\">made of dark brow varnished bamboo wickerwork, elongated rounded shape, with a handle made of three varnished wooden branches. Thicker bamboo braids on the four sides.<\/span><\/p>\n","protected":false},"featured_media":17565,"template":"","meta":[],"product_brand":[],"product_cat":[281],"product_tag":[],"class_list":{"0":"post-17583","1":"product","2":"type-product","3":"status-publish","4":"has-post-thumbnail","6":"product_cat-tiago","7":"description-off","9":"first","10":"instock","11":"shipping-taxable","12":"product-type-simple"},"aioseo_notices":[],"_links":{"self":[{"href":"https:\/\/www.carrerivegauche.com\/fr\/wp-json\/wp\/v2\/product\/17583","targetHints":{"allow":["GET"]}}],"collection":[{"href":"https:\/\/www.carrerivegauche.com\/fr\/wp-json\/wp\/v2\/product"}],"about":[{"href":"https:\/\/www.carrerivegauche.com\/fr\/wp-json\/wp\/v2\/types\/product"}],"wp:featuredmedia":[{"embeddable":true,"href":"https:\/\/www.carrerivegauche.com\/fr\/wp-json\/wp\/v2\/media\/17565"}],"wp:attachment":[{"href":"https:\/\/www.carrerivegauche.com\/fr\/wp-json\/wp\/v2\/media?parent=17583"}],"wp:term":[{"taxonomy":"product_brand","embeddable":true,"href":"https:\/\/www.carrerivegauche.com\/fr\/wp-json\/wp\/v2\/product_brand?post=17583"},{"taxonomy":"product_cat","embeddable":true,"href":"https:\/\/www.carrerivegauche.com\/fr\/wp-json\/wp\/v2\/product_cat?post=17583"},{"taxonomy":"product_tag","embeddable":true,"href":"https:\/\/www.carrerivegauche.com\/fr\/wp-json\/wp\/v2\/product_tag?post=17583"}],"curies":[{"name":"wp","href":"https:\/\/api.w.org\/{rel}","templated":true}]}}