 

{"id":17564,"date":"2023-01-19T16:43:46","date_gmt":"2023-01-19T15:43:46","guid":{"rendered":"https:\/\/www.carrerivegauche.com\/?post_type=product&#038;p=17564"},"modified":"2025-07-05T14:16:26","modified_gmt":"2025-07-05T12:16:26","slug":"statuette-groupe-souris-bronze-japon-meiji","status":"publish","type":"product","link":"https:\/\/www.carrerivegauche.com\/fr\/boutique-crg\/statuette-groupe-souris-bronze-japon-meiji\/","title":{"rendered":"Statuette groupe souris bronze Japon Meiji"},"content":{"rendered":"<p class=\"MsoNoSpacing\" style=\"margin: 0cm;font-size: 11pt;font-family: Calibri, sans-serif;text-align: justify;line-height: 22px\" data-mce-style=\"margin: 0cm; font-size: 11pt; font-family: Calibri, sans-serif; text-align: justify; line-height: 22px;\">La citrouille est repr\u00e9sent\u00e9e avec une texture rugueuse, en relief tandis que la grenade est lisse, seul l\u2019int\u00e9rieur est textur\u00e9. Les souris ont toutes des attitudes diff\u00e9rentes : deux souris se trouvent sur la citrouille, une \u00e0 l\u2019int\u00e9rieur, une derri\u00e8re et une allant vers la grenade. Les cinq souris ont une patine brun fonc\u00e9, tandis que la cucurbitac\u00e9e creus\u00e9e est brun dor\u00e9 et la grenade fendue, rouge fonc\u00e9.\u00a0\u00a0<\/p>\n<p>La souris ou le rat (tous deux appel\u00e9s nezumi en japonais), un des signes du zodiaque, est symbole de fortune. Il est consid\u00e9r\u00e9 comme le messager de Daikokuten, divinit\u00e9 de la richesse, du commerce et des \u00e9changes. Le rongeur est \u00e9galement l&rsquo;objet de contes, tel celui de Nezumi no Sum\u014dissu du folklore japonais.<\/p>\n<p class=\"MsoNoSpacing\" style=\"margin: 0cm;font-size: 11pt;font-family: Calibri, sans-serif;text-align: justify;line-height: 22px\" data-mce-style=\"margin: 0cm; font-size: 11pt; font-family: Calibri, sans-serif; text-align: justify; line-height: 22px;\">Inscription dans un cartouche sur une des tranches de la citrouille<b>, \u00ab\u00a0Fonderie Sh\u00f4sai\u00a0\u00bb<\/b> (<span lang=\"EN-US\">\u6b63\u9f4a\u92f3<\/span>,<i>sh\u00f4sai-ch\u00fb<\/i>).<\/p>\n<p class=\"MsoNoSpacing\" style=\"margin: 0cm;font-size: 11pt;font-family: Calibri, sans-serif;text-align: justify;line-height: 22px\" data-mce-style=\"margin: 0cm; font-size: 11pt; font-family: Calibri, sans-serif; text-align: justify; line-height: 22px;\"><b>Japon \u2013 \u00c8re Meiji (1868-1912)<\/b><\/p>\n<p class=\"MsoNoSpacing\" style=\"margin: 0cm;font-size: 11pt;font-family: Calibri, sans-serif;text-align: justify;line-height: 22px\" data-mce-style=\"margin: 0cm; font-size: 11pt; font-family: Calibri, sans-serif; text-align: justify; line-height: 22px;\">Hauteur : 16,3 cm \u2013 largeur : 20 cm \u2013 profondeur : 18,5 cm<\/p>\n<p><br data-mce-bogus=\"1\"><\/p>\n<p class=\"MsoNoSpacing\" style=\"margin: 0cm;font-size: 11pt;font-family: Calibri, sans-serif;text-align: justify;line-height: 22px\" data-mce-style=\"margin: 0cm; font-size: 11pt; font-family: Calibri, sans-serif; text-align: justify; line-height: 22px;\"><b><\/b>The pumpkin is represented with a rough texture, in relief, while the pomegranate is smooth, with only the inside textured. The mice all have different attitudes: two mice are on the pumpkin, one inside, one behind and one going towards the pomegranate. The five mice have a dark brown patina, while the hollowed-out pumpkin is golden brown and the split pomegranate is dark red.\u00a0<\/p>\n<p>The mouse or rat (both called nezumi in Japanese), one of the signs of the zodiac, is a symbol of fortune. It is considered the messenger of Daikokuten, the divinity of wealth, commerce and trade. The rodent is also the subject of tales, such as that of Nezumi no Sum\u014dissu in Japanese folklore.\u00a0<\/p>\n<p class=\"MsoNoSpacing\" style=\"margin: 0cm;font-size: 11pt;font-family: Calibri, sans-serif;text-align: justify;line-height: 22px\" data-mce-style=\"margin: 0cm; font-size: 11pt; font-family: Calibri, sans-serif; text-align: justify; line-height: 22px;\"><b><span lang=\"EN-US\">Japan \u2013 Meiji era (1868-1912)<\/span><\/b><\/p>\n<p class=\"MsoNoSpacing\" style=\"margin: 0cm;font-size: 11pt;font-family: Calibri, sans-serif;text-align: justify;line-height: 22px\" data-mce-style=\"margin: 0cm; font-size: 11pt; font-family: Calibri, sans-serif; text-align: justify; line-height: 22px;\"><span lang=\"EN-US\">Height: 6.4 in. (16.3 cm) \u2013 width: 7.8 in. (20 cm) \u2013 depth: 7.3 in. <\/span>(18.5 cm)<b><\/b><\/p>\n","protected":false},"excerpt":{"rendered":"<p>Statuette polychrome en bronze d\u2019un groupe de souris autour d\u2019une citrouille et d\u2019une grenade.<\/p>\n<p><span lang=\"EN-US\">Polychrome bronze statuette of a group of mice around a pumpkin and a pomegranate.<\/span><\/p>\n","protected":false},"featured_media":17540,"template":"","meta":[],"product_brand":[],"product_cat":[281],"product_tag":[],"class_list":{"0":"post-17564","1":"product","2":"type-product","3":"status-publish","4":"has-post-thumbnail","6":"product_cat-tiago","7":"description-off","9":"first","10":"instock","11":"shipping-taxable","12":"product-type-simple"},"aioseo_notices":[],"_links":{"self":[{"href":"https:\/\/www.carrerivegauche.com\/fr\/wp-json\/wp\/v2\/product\/17564","targetHints":{"allow":["GET"]}}],"collection":[{"href":"https:\/\/www.carrerivegauche.com\/fr\/wp-json\/wp\/v2\/product"}],"about":[{"href":"https:\/\/www.carrerivegauche.com\/fr\/wp-json\/wp\/v2\/types\/product"}],"wp:featuredmedia":[{"embeddable":true,"href":"https:\/\/www.carrerivegauche.com\/fr\/wp-json\/wp\/v2\/media\/17540"}],"wp:attachment":[{"href":"https:\/\/www.carrerivegauche.com\/fr\/wp-json\/wp\/v2\/media?parent=17564"}],"wp:term":[{"taxonomy":"product_brand","embeddable":true,"href":"https:\/\/www.carrerivegauche.com\/fr\/wp-json\/wp\/v2\/product_brand?post=17564"},{"taxonomy":"product_cat","embeddable":true,"href":"https:\/\/www.carrerivegauche.com\/fr\/wp-json\/wp\/v2\/product_cat?post=17564"},{"taxonomy":"product_tag","embeddable":true,"href":"https:\/\/www.carrerivegauche.com\/fr\/wp-json\/wp\/v2\/product_tag?post=17564"}],"curies":[{"name":"wp","href":"https:\/\/api.w.org\/{rel}","templated":true}]}}