 

{"id":17499,"date":"2023-01-19T16:03:01","date_gmt":"2023-01-19T15:03:01","guid":{"rendered":"https:\/\/www.carrerivegauche.com\/?post_type=product&#038;p=17499"},"modified":"2025-07-05T14:23:36","modified_gmt":"2025-07-05T12:23:36","slug":"boite-kobako-laque-or-furoshiki-japon-edo","status":"publish","type":"product","link":"https:\/\/www.carrerivegauche.com\/fr\/boutique-crg\/boite-kobako-laque-or-furoshiki-japon-edo\/","title":{"rendered":"Bo\u00eete kobako laque or furoshiki Japon Edo"},"content":{"rendered":"<p class=\"MsoNormal\" style=\"margin: 0cm;font-size: 12pt;font-family: Calibri, sans-serif;text-align: justify;line-height: 24px\" data-mce-style=\"margin: 0cm; font-size: 12pt; font-family: Calibri, sans-serif; text-align: justify; line-height: 24px;\">Fond <i>fundame<\/i>, <i>furoshiki<\/i> en <i>takamaki-e<\/i> avec motif floral,\u00a0 int\u00e9rieur des plis du tissus au motif <i>sayagata<\/i> noir et or selon la technique du <i>togidashi maki-e<\/i>. <span style=\"font-size: 14pt;line-height: 28px;font-family: Garamond, serif\" data-mce-style=\"font-size: 14pt; line-height: 28px; font-family: Garamond, serif;\">Le motif <i>saya <\/i>(ou <i>sayagata<\/i>) est compos\u00e9 de svastikas chinois. Ce symbole, li\u00e9 au bouddhisme, repr\u00e9sente des qualit\u00e9s d\u2019intelligence, de force et de paix. Il est signe de bonne augure. Int\u00e9rieur en laque <i>nashi-ji<\/i>.<\/span><\/p>\n<p class=\"MsoNormal\" style=\"margin: 0cm;font-size: 12pt;font-family: Calibri, sans-serif;text-align: justify;line-height: 24px\" data-mce-style=\"margin: 0cm; font-size: 12pt; font-family: Calibri, sans-serif; text-align: justify; line-height: 24px;\"><span style=\"font-size: 14pt;line-height: 28px;font-family: Garamond, serif\" data-mce-style=\"font-size: 14pt; line-height: 28px; font-family: Garamond, serif;\">Le <i>furoshiki<\/i> d\u00e9signe une technique de pliage et nouage d\u2019une \u00e9toffe de tissu pour l\u2019emballage de cadeaux et le transport d\u2019objets. Son utilisation remonte \u00e0 l\u2019\u00e9poque de Nara (710-794). La noblesse l\u2019utilisait pour envelopper et prot\u00e9ger les objets de valeur. Le nom <\/span><span lang=\"JA\" style=\"font-size: 14pt;line-height: 28px;font-family: PMingLiU, serif\" data-mce-style=\"font-size: 14pt; line-height: 28px; font-family: PMingLiU, serif;\">\u98a8\u5442\u306b\u6577\u304f<\/span><span style=\"font-size: 14pt;line-height: 28px;font-family: Garamond, serif\" data-mce-style=\"font-size: 14pt; line-height: 28px; font-family: Garamond, serif;\">, \u00ab\u00a0<i>furo ni shiku<\/i>\u00a0\u00bb (\u00e9tal\u00e9 au bain) est invent\u00e9 \u00e0 l\u2019\u00e9poque Muromachi (1336-1573), avant de se g\u00e9n\u00e9raliser \u00e0 l\u2019\u00e9poque Edo (1603-1868). Il permettait d\u2019empaqueter les v\u00eatements aux bains publics. Appropri\u00e9 par la haute soci\u00e9t\u00e9, il est ensuite employ\u00e9 par les marchands afin de mieux vendre leurs produits.<\/span><\/p>\n<p class=\"MsoNormal\" style=\"margin: 0cm;font-size: 12pt;font-family: Calibri, sans-serif;text-align: justify;line-height: 24px\" data-mce-style=\"margin: 0cm; font-size: 12pt; font-family: Calibri, sans-serif; text-align: justify; line-height: 24px;\"><b>Japon \u2013 P\u00e9riode Edo (1603-1868)<\/b><\/p>\n<p class=\"MsoNormal\" style=\"margin: 0cm;font-size: 12pt;font-family: Calibri, sans-serif;text-align: justify;line-height: 24px\" data-mce-style=\"margin: 0cm; font-size: 12pt; font-family: Calibri, sans-serif; text-align: justify; line-height: 24px;\">Hauteur 1,5 cm &#8211; largeur 7 cm &#8211; profondeur 5 cm<\/p>\n<p><br data-mce-bogus=\"1\"><\/p>\n<p class=\"MsoNormal\" style=\"margin: 0cm;font-size: 12pt;font-family: Calibri, sans-serif;text-align: justify;line-height: 24px\" data-mce-style=\"margin: 0cm; font-size: 12pt; font-family: Calibri, sans-serif; text-align: justify; line-height: 24px;\"><i><span lang=\"EN-US\">Fundame<\/span><\/i><span lang=\"EN-US\"> background, <i>furoshiki<\/i> in <i>takamaki-e<\/i> with floral pattern, inside the folds of the fabric with black and gold <i>sayagata<\/i> pattern with<i> togidashi maki-e<\/i> technique. The <i>saya<\/i> (or <i>sayagata<\/i>) pattern is composed of Chinese swastikas. This symbol, linked to Buddhism, represents qualities of intelligence, strength and peace. It is a sign of good omen. Interior in <i>nashi-ji<\/i> lacquer.<\/span><\/p>\n<p class=\"MsoNormal\" style=\"margin: 0cm;font-size: 12pt;font-family: Calibri, sans-serif;text-align: justify;line-height: 24px\" data-mce-style=\"margin: 0cm; font-size: 12pt; font-family: Calibri, sans-serif; text-align: justify; line-height: 24px;\"><i><span lang=\"EN-US\">Furoshiki<\/span><\/i><span lang=\"EN-US\"> is a technique of folding and knotting a fabric for wrapping gifts and carrying objects. Its use dates back to the Nara period (710-794). The nobility used it to wrap and protect valuable items. The name <\/span><span lang=\"JA\">\u98a8\u5442\u306b\u6577\u304f<\/span><span lang=\"EN-US\">, \u201c<i>furo ni shiku<\/i>\u201d (<i>spread in the bath<\/i>) was coined in the Muromachi (1336-1573) period, before becoming widespread in the Edo period (1603-1868). It was used to pack clothes in public baths. Appropriated by the high society, it was then used by merchants to better sell their products.<\/span><\/p>\n<p class=\"MsoNormal\" style=\"margin: 0cm;font-size: 12pt;font-family: Calibri, sans-serif;text-align: justify;line-height: 24px\" data-mce-style=\"margin: 0cm; font-size: 12pt; font-family: Calibri, sans-serif; text-align: justify; line-height: 24px;\"><span lang=\"EN-US\">\u00a0<\/span><\/p>\n<p class=\"MsoNormal\" style=\"margin: 0cm;font-size: 12pt;font-family: Calibri, sans-serif;text-align: justify;line-height: 24px\" data-mce-style=\"margin: 0cm; font-size: 12pt; font-family: Calibri, sans-serif; text-align: justify; line-height: 24px;\"><b><span lang=\"EN-US\">Japan &#8211; Edo period (1603-1868)<\/span><\/b><\/p>\n<p class=\"MsoNormal\" style=\"margin: 0cm;font-size: 12pt;font-family: Calibri, sans-serif;text-align: justify;line-height: 24px\" data-mce-style=\"margin: 0cm; font-size: 12pt; font-family: Calibri, sans-serif; text-align: justify; line-height: 24px;\"><span lang=\"EN-US\">Height 0.6 in (1.5 cm) &#8211; width 2.8 in (7 cm) &#8211; depth 2 in (5 cm)<\/span><\/p>\n","protected":false},"excerpt":{"rendered":"<p><i style=\"font-size: medium\" data-mce-style=\"font-size: medium;\">Kobako<\/i> (petite bo\u00eete) rectangulaire et plate, en laque repr\u00e9sentant un n\u0153ud de <i>furoshiki<\/i> vu du dessus.<\/p>\n<p><span lang=\"EN-US\">Rectangular and flat lacquer Kobako (small box) representing a <i>furoshiki<\/i> knot seen from above.<\/span><\/p>\n","protected":false},"featured_media":17478,"template":"","meta":[],"product_brand":[],"product_cat":[281],"product_tag":[],"class_list":{"0":"post-17499","1":"product","2":"type-product","3":"status-publish","4":"has-post-thumbnail","6":"product_cat-tiago","7":"description-off","9":"first","10":"instock","11":"shipping-taxable","12":"product-type-simple"},"aioseo_notices":[],"_links":{"self":[{"href":"https:\/\/www.carrerivegauche.com\/fr\/wp-json\/wp\/v2\/product\/17499","targetHints":{"allow":["GET"]}}],"collection":[{"href":"https:\/\/www.carrerivegauche.com\/fr\/wp-json\/wp\/v2\/product"}],"about":[{"href":"https:\/\/www.carrerivegauche.com\/fr\/wp-json\/wp\/v2\/types\/product"}],"wp:featuredmedia":[{"embeddable":true,"href":"https:\/\/www.carrerivegauche.com\/fr\/wp-json\/wp\/v2\/media\/17478"}],"wp:attachment":[{"href":"https:\/\/www.carrerivegauche.com\/fr\/wp-json\/wp\/v2\/media?parent=17499"}],"wp:term":[{"taxonomy":"product_brand","embeddable":true,"href":"https:\/\/www.carrerivegauche.com\/fr\/wp-json\/wp\/v2\/product_brand?post=17499"},{"taxonomy":"product_cat","embeddable":true,"href":"https:\/\/www.carrerivegauche.com\/fr\/wp-json\/wp\/v2\/product_cat?post=17499"},{"taxonomy":"product_tag","embeddable":true,"href":"https:\/\/www.carrerivegauche.com\/fr\/wp-json\/wp\/v2\/product_tag?post=17499"}],"curies":[{"name":"wp","href":"https:\/\/api.w.org\/{rel}","templated":true}]}}