 

{"id":17327,"date":"2023-01-19T12:02:14","date_gmt":"2023-01-19T11:02:14","guid":{"rendered":"https:\/\/www.carrerivegauche.com\/?post_type=product&#038;p=17327"},"modified":"2025-07-05T14:26:30","modified_gmt":"2025-07-05T12:26:30","slug":"statuette-hiboux-en-bronze-meiji-japon","status":"publish","type":"product","link":"https:\/\/www.carrerivegauche.com\/fr\/boutique-crg\/statuette-hiboux-en-bronze-meiji-japon\/","title":{"rendered":"Statuette hiboux en bronze Meiji Japon"},"content":{"rendered":"<p class=\"MsoNoSpacing\" style=\"margin: 0cm;font-size: 11pt;font-family: Calibri, sans-serif;text-align: justify;line-height: 22px\" data-mce-style=\"margin: 0cm; font-size: 11pt; font-family: Calibri, sans-serif; text-align: justify; line-height: 22px;\">Il s\u2019agit certainement du petit-duc \u00e9l\u00e9gant (<i>Otus elegans<\/i>), pr\u00e9sent au sud du Japon dans les \u00eeles Ry\u00fbky\u00fb.<\/p>\n<p class=\"MsoNoSpacing\" style=\"margin: 0cm;font-size: 11pt;font-family: Calibri, sans-serif;text-align: justify;line-height: 22px\" data-mce-style=\"margin: 0cm; font-size: 11pt; font-family: Calibri, sans-serif; text-align: justify; line-height: 22px;\">Tissu rouge encoll\u00e9 \u00e0 la base du tronc afin de prot\u00e9ger la base et le socle (non d\u2019origine).<\/p>\n<p class=\"MsoNoSpacing\" style=\"margin: 0cm;font-size: 11pt;font-family: Calibri, sans-serif;text-align: justify;line-height: 22px\" data-mce-style=\"margin: 0cm; font-size: 11pt; font-family: Calibri, sans-serif; text-align: justify; line-height: 22px;\">Le hibou (<i>fukur\u00f4<\/i>, <span lang=\"EN-US\">\u689f<\/span>) symbolise la chance et la protection contre les \u00e9preuves. Par homonymie, <i>fukuro<\/i> peut signifier \u00ab\u00a0la chance qui arrive\u00a0\u00bb (<span lang=\"EN-US\">\u798f\u6765\u90ce<\/span>) ou \u00ab sans difficult\u00e9s \u00bb (<span lang=\"EN-US\">\u4e0d\u82e6\u52b4<\/span>). De plus, pouvant voir dans l\u2019obscurit\u00e9, il est r\u00e9put\u00e9 pour avoir une grande sagesse et le pouvoir de pr\u00e9dire l\u2019avenir.<\/p>\n<p class=\"MsoNoSpacing\" style=\"margin: 0cm;font-size: 11pt;font-family: Calibri, sans-serif;text-align: justify;line-height: 22px\" data-mce-style=\"margin: 0cm; font-size: 11pt; font-family: Calibri, sans-serif; text-align: justify; line-height: 22px;\"><b>Japon \u2013 \u00c8re Meiji (1868-1912)<\/b><\/p>\n<p class=\"MsoNoSpacing\" style=\"margin: 0cm;font-size: 11pt;font-family: Calibri, sans-serif;text-align: justify;line-height: 22px\" data-mce-style=\"margin: 0cm; font-size: 11pt; font-family: Calibri, sans-serif; text-align: justify; line-height: 22px;\">Hauteur : 37 cm \u2013 largeur : 24 cm \u2013 profondeur : 17 cm<b><\/b><\/p>\n<p class=\"MsoNoSpacing\" style=\"margin: 0cm;font-size: 11pt;font-family: Calibri, sans-serif;text-align: justify;line-height: 22px\" data-mce-style=\"margin: 0cm; font-size: 11pt; font-family: Calibri, sans-serif; text-align: justify; line-height: 22px;\"><span lang=\"EN-US\">It is certainly an Ry\u00fbky\u00fb scops owl (<i>Otus elegans<\/i>), present in the south of Japan in Ry\u00fbky\u00fb Islands.<\/span><\/p>\n<p class=\"MsoNoSpacing\" style=\"margin: 0cm;font-size: 11pt;font-family: Calibri, sans-serif;text-align: justify;line-height: 22px\" data-mce-style=\"margin: 0cm; font-size: 11pt; font-family: Calibri, sans-serif; text-align: justify; line-height: 22px;\"><span lang=\"EN-US\">Red fabric glued to the base of the trunk to protect the base and the pedestal (not original).<\/span><\/p>\n<p class=\"MsoNoSpacing\" style=\"margin: 0cm;font-size: 11pt;font-family: Calibri, sans-serif;text-align: justify;line-height: 22px\" data-mce-style=\"margin: 0cm; font-size: 11pt; font-family: Calibri, sans-serif; text-align: justify; line-height: 22px;\"><span lang=\"EN-US\">The owl (<i>fukur\u00f4<\/i>, <\/span><span lang=\"EN-US\">\u689f<\/span><span lang=\"EN-US\">) symbolizes good luck and protection from hardship. By homonymy, <i>fukuro<\/i> mean \u00ab\u00a0good fortune coming\u00a0\u00bb (<\/span><span lang=\"EN-US\">\u798f\u6765\u90ce<\/span><span lang=\"EN-US\">) or \u00ab without difficulties \u00bb (<\/span><span lang=\"EN-US\">\u4e0d\u82e6\u52b4<\/span><span lang=\"EN-US\">). Furthermore, being able to see in the dark, it is famous to have great wisdom and the power to predict the future.<\/span><\/p>\n<p class=\"MsoNoSpacing\" style=\"margin: 0cm;font-size: 11pt;font-family: Calibri, sans-serif;text-align: justify;line-height: 22px\" data-mce-style=\"margin: 0cm; font-size: 11pt; font-family: Calibri, sans-serif; text-align: justify; line-height: 22px;\"><b><span lang=\"EN-US\">Japan \u2013 Meiji era (1868-1912)<\/span><\/b><\/p>\n<p class=\"MsoNoSpacing\" style=\"margin: 0cm;font-size: 11pt;font-family: Calibri, sans-serif;text-align: justify;line-height: 22px\" data-mce-style=\"margin: 0cm; font-size: 11pt; font-family: Calibri, sans-serif; text-align: justify; line-height: 22px;\"><span lang=\"EN-US\">Height: 14.57 in. (37 cm) \u2013 width: 9.45 in. (24 cm) \u2013 depth: 6.7 in. (17 cm)<b><\/b><\/span><\/p>\n","protected":false},"excerpt":{"rendered":"<p>Sculpture en bronze d\u2019un hiboux pos\u00e9 sur une souche d\u2019arbre parcourue de lierre. L\u2019hiboux, d\u00e9tachable de son socle, a les yeux en <i>shakud\u00f4<\/i>.<\/p>\n<p><span lang=\"EN-US\">Bronze sculpture representing an owl on a tree stump covered with ivy. The owl, detachable from its base, has <i>shakudo <\/i>eyes.<\/span><\/p>\n","protected":false},"featured_media":17294,"template":"","meta":[],"product_brand":[],"product_cat":[281],"product_tag":[],"class_list":{"0":"post-17327","1":"product","2":"type-product","3":"status-publish","4":"has-post-thumbnail","6":"product_cat-tiago","7":"description-off","9":"first","10":"instock","11":"shipping-taxable","12":"product-type-simple"},"aioseo_notices":[],"_links":{"self":[{"href":"https:\/\/www.carrerivegauche.com\/fr\/wp-json\/wp\/v2\/product\/17327","targetHints":{"allow":["GET"]}}],"collection":[{"href":"https:\/\/www.carrerivegauche.com\/fr\/wp-json\/wp\/v2\/product"}],"about":[{"href":"https:\/\/www.carrerivegauche.com\/fr\/wp-json\/wp\/v2\/types\/product"}],"wp:featuredmedia":[{"embeddable":true,"href":"https:\/\/www.carrerivegauche.com\/fr\/wp-json\/wp\/v2\/media\/17294"}],"wp:attachment":[{"href":"https:\/\/www.carrerivegauche.com\/fr\/wp-json\/wp\/v2\/media?parent=17327"}],"wp:term":[{"taxonomy":"product_brand","embeddable":true,"href":"https:\/\/www.carrerivegauche.com\/fr\/wp-json\/wp\/v2\/product_brand?post=17327"},{"taxonomy":"product_cat","embeddable":true,"href":"https:\/\/www.carrerivegauche.com\/fr\/wp-json\/wp\/v2\/product_cat?post=17327"},{"taxonomy":"product_tag","embeddable":true,"href":"https:\/\/www.carrerivegauche.com\/fr\/wp-json\/wp\/v2\/product_tag?post=17327"}],"curies":[{"name":"wp","href":"https:\/\/api.w.org\/{rel}","templated":true}]}}